{"id":2114,"date":"2025-10-09T11:56:02","date_gmt":"2025-10-09T09:56:02","guid":{"rendered":"https:\/\/www.diukoptyk.pl\/?post_type=product&#038;p=2114"},"modified":"2026-01-25T20:42:57","modified_gmt":"2026-01-25T19:42:57","slug":"akoni-solis-dark-grey","status":"publish","type":"product","link":"https:\/\/diukeyewear.nl\/en\/produkt\/akoni-solis-dark-grey\/","title":{"rendered":"Akoni SOLIS | Dark Grey"},"content":{"rendered":"<p><strong data-start=\"1622\" data-end=\"1635\">Who is it for?<\/strong><br data-start=\"1635\" data-end=\"1638\" \/><strong data-start=\"1638\" data-end=\"1699\">Akoni Solis | Brushed Black Palladium \/ Dark Grey Crystal<\/strong> to model dla tych, kt\u00f3rzy ceni\u0105 minimalizm i techniczne pi\u0119kno.<\/p>\n<p>Dla indywidualist\u00f3w, kt\u00f3rzy wiedz\u0105, \u017ce prawdziwy luksus tkwi w prostocie \u2013 w proporcjach, \u015bwietle i detalu.<\/p>","protected":false},"excerpt":{"rendered":"<h3 data-start=\"230\" data-end=\"299\">Akoni \u2013 <strong data-start=\"242\" data-end=\"297\">Solis | Brushed Black Palladium \/ Dark Grey Crystal<\/strong><\/h3>\n<p data-start=\"301\" data-end=\"750\"><strong data-start=\"301\" data-end=\"344\">Light. Structure. Perfect harmony.<\/strong><br data-start=\"344\" data-end=\"347\" \/>Model <strong data-start=\"353\" data-end=\"362\">Solis<\/strong> it is a contemporary interpretation of the classic <em data-start=\"404\" data-end=\"416\">navigator<\/em>, where precision meets elegance. The combination of Japanese acetate and titanium creates a structure of exceptional lightness and balance, and the subtle effect <em data-start=\"573\" data-end=\"582\">d\u00e9grad\u00e9<\/em> on the lenses emphasises the modern character of the design. This frame is designed for those who seek calm form and technical perfection in every detail.<\/p>\n<p data-start=\"752\" data-end=\"773\"><strong data-start=\"752\" data-end=\"771\">Details and design<\/strong><\/p>\n<ul data-start=\"774\" data-end=\"1620\">\n<li data-start=\"774\" data-end=\"860\">\n<p data-start=\"776\" data-end=\"860\">Shape: modern <em data-start=\"796\" data-end=\"807\">navigator<\/em> with balanced proportions and architectural lines<\/p>\n<\/li>\n<li data-start=\"861\" data-end=\"988\">\n<p data-start=\"863\" data-end=\"988\">Colour: <strong data-start=\"870\" data-end=\"917\">Brushed Black Palladium \/ Dark Grey Crystal<\/strong> \u2013 an elegant combination of matt metal and semi-transparent acetate<\/p>\n<\/li>\n<li data-start=\"989\" data-end=\"1099\">\n<p data-start=\"991\" data-end=\"1099\">Frame: front made of Japanese acetate, complemented by a titanium structure for maximum stability and lightness<\/p>\n<\/li>\n<li data-start=\"1100\" data-end=\"1222\">\n<p data-start=\"1102\" data-end=\"1222\">Earpieces: adjustable, made of Japanese titanium \u2013 finished with precision tips and a screw system <em data-start=\"1199\" data-end=\"1220\">threaded tube screw<\/em><\/p>\n<\/li>\n<li data-start=\"1223\" data-end=\"1315\">\n<p data-start=\"1225\" data-end=\"1315\">Nose pads: ceramic, with flexible arms made of <em data-start=\"1271\" data-end=\"1286\">beta titanium<\/em> and metallic finish<\/p>\n<\/li>\n<li data-start=\"1316\" data-end=\"1461\">\n<p data-start=\"1318\" data-end=\"1461\">Lenses: <strong data-start=\"1328\" data-end=\"1351\">High Contrast CR-39<\/strong>, 4-base, cat. 2, with a three-layer anti-reflective coating \u2013 ensure optimal contrast and visual comfort<\/p>\n<\/li>\n<li data-start=\"1462\" data-end=\"1511\">\n<p data-start=\"1464\" data-end=\"1511\">Weight: 39.3 g \u2013 lightweight yet sturdy construction<\/p>\n<\/li>\n<li data-start=\"1512\" data-end=\"1541\">\n<p data-start=\"1514\" data-end=\"1541\">Size: 51\/21 \u2013 152 mm<\/p>\n<\/li>\n<li data-start=\"1542\" data-end=\"1620\">\n<p data-start=\"1544\" data-end=\"1620\">Country of origin: Japan \u2013 masterful precision and craftsmanship<\/p>\n<\/li>\n<\/ul>","protected":false},"featured_media":2115,"template":"","meta":{"_acf_changed":false},"product_brand":[341],"product_cat":[32,37,30,35],"product_tag":[],"model":[],"class_list":{"0":"post-2114","1":"product","2":"type-product","3":"status-publish","4":"has-post-thumbnail","6":"product_brand-akoni","7":"product_cat-damskie","8":"product_cat-meskie","9":"product_cat-okulary-przeciwsloneczne","10":"product_cat-unisex","12":"first","13":"instock","14":"shipping-taxable","15":"purchasable","16":"product-type-simple"},"acf":[],"aioseo_notices":[],"_links":{"self":[{"href":"https:\/\/diukeyewear.nl\/en\/wp-json\/wp\/v2\/product\/2114","targetHints":{"allow":["GET"]}}],"collection":[{"href":"https:\/\/diukeyewear.nl\/en\/wp-json\/wp\/v2\/product"}],"about":[{"href":"https:\/\/diukeyewear.nl\/en\/wp-json\/wp\/v2\/types\/product"}],"version-history":[{"count":1,"href":"https:\/\/diukeyewear.nl\/en\/wp-json\/wp\/v2\/product\/2114\/revisions"}],"predecessor-version":[{"id":4927,"href":"https:\/\/diukeyewear.nl\/en\/wp-json\/wp\/v2\/product\/2114\/revisions\/4927"}],"wp:featuredmedia":[{"embeddable":true,"href":"https:\/\/diukeyewear.nl\/en\/wp-json\/wp\/v2\/media\/2115"}],"wp:attachment":[{"href":"https:\/\/diukeyewear.nl\/en\/wp-json\/wp\/v2\/media?parent=2114"}],"wp:term":[{"taxonomy":"product_brand","embeddable":true,"href":"https:\/\/diukeyewear.nl\/en\/wp-json\/wp\/v2\/product_brand?post=2114"},{"taxonomy":"product_cat","embeddable":true,"href":"https:\/\/diukeyewear.nl\/en\/wp-json\/wp\/v2\/product_cat?post=2114"},{"taxonomy":"product_tag","embeddable":true,"href":"https:\/\/diukeyewear.nl\/en\/wp-json\/wp\/v2\/product_tag?post=2114"},{"taxonomy":"model","embeddable":true,"href":"https:\/\/diukeyewear.nl\/en\/wp-json\/wp\/v2\/model?post=2114"}],"curies":[{"name":"wp","href":"https:\/\/api.w.org\/{rel}","templated":true}]}}