{"id":4086,"date":"2025-10-05T17:44:52","date_gmt":"2025-10-05T15:44:52","guid":{"rendered":"https:\/\/www.diukoptyk.pl\/?post_type=product&#038;p=4086"},"modified":"2026-01-25T20:43:34","modified_gmt":"2026-01-25T19:43:34","slug":"salt-elihu-smoke-grey","status":"publish","type":"product","link":"https:\/\/diukeyewear.nl\/en\/produkt\/salt-elihu-smoke-grey\/","title":{"rendered":"SALT. Elihu | Smoke Grey"},"content":{"rendered":"<article class=\"text-token-text-primary w-full focus:outline-none [--shadow-height:45px] has-data-writing-block:pointer-events-none has-data-writing-block:-mt-(--shadow-height) has-data-writing-block:pt-(--shadow-height) [&amp;:has([data-writing-block])&gt;*]:pointer-events-auto [content-visibility:auto] supports-[content-visibility:auto]:[contain-intrinsic-size:auto_100lvh] scroll-mt-[calc(var(--header-height)+min(200px,max(70px,20svh)))]\" dir=\"auto\" tabindex=\"-1\" data-turn-id=\"request-WEB:6263c756-1d19-4435-92cf-4480ab715bd4-9\" data-testid=\"conversation-turn-20\" data-scroll-anchor=\"true\" data-turn=\"assistant\">\n<div class=\"text-base my-auto mx-auto pb-10 [--thread-content-margin:--spacing(4)] thread-sm:[--thread-content-margin:--spacing(6)] thread-lg:[--thread-content-margin:--spacing(16)] px-(--thread-content-margin)\">\n<div class=\"[--thread-content-max-width:40rem] thread-lg:[--thread-content-max-width:48rem] mx-auto max-w-(--thread-content-max-width) flex-1 group\/turn-messages focus-visible:outline-hidden relative flex w-full min-w-0 flex-col agent-turn\" tabindex=\"-1\">\n<div class=\"flex max-w-full flex-col grow\">\n<div class=\"min-h-8 text-message relative flex w-full flex-col items-end gap-2 text-start break-words whitespace-normal [.text-message+&amp;]:mt-1\" dir=\"auto\" data-message-author-role=\"assistant\" data-message-id=\"21151fae-ab0a-452f-88be-efb08f75b8e2\" data-message-model-slug=\"gpt-5\">\n<div class=\"flex w-full flex-col gap-1 empty:hidden first:pt-[1px]\">\n<div class=\"markdown prose dark:prose-invert w-full break-words light markdown-new-styling\">\n<p data-start=\"2069\" data-end=\"2240\" data-is-last-node=\"\" data-is-only-node=\"\"><strong data-start=\"2071\" data-end=\"2097\">SALT. Elihu Smoke Grey<\/strong> \u2013 nowoczesna klasyka w czystej formie. Dla tych, kt\u00f3rzy ceni\u0105 <strong data-start=\"2160\" data-end=\"2240\" data-is-last-node=\"\">techniczn\u0105 doskona\u0142o\u015b\u0107, ponadczasow\u0105 elegancj\u0119 i absolutny komfort noszenia.<\/strong><\/p>\n<p data-start=\"2069\" data-end=\"2240\" data-is-last-node=\"\" data-is-only-node=\"\">Modele marki <strong data-start=\"13\" data-end=\"22\">SALT.<\/strong> nie s\u0105 dost\u0119pne w sprzeda\u017cy online \u2013 na naszej stronie prezentujemy jedynie niewielki wycinek kolekcji. Ponad <strong data-start=\"133\" data-end=\"158\">150 wyj\u0105tkowych opraw<\/strong> tej marki mo\u017cna obejrze\u0107 wy\u0142\u0105cznie w naszym <strong data-start=\"203\" data-end=\"238\">salonie stacjonarnym Diuk Optyk<\/strong>.<\/p>\n<\/div>\n<\/div>\n<\/div>\n<\/div>\n<\/div>\n<\/div>\n<\/article>\n","protected":false},"excerpt":{"rendered":"<h3 data-start=\"0\" data-end=\"34\"><strong data-start=\"4\" data-end=\"32\">SALT. \u2013 Elihu Smoke Grey<\/strong><\/h3>\n<p data-start=\"35\" data-end=\"65\"><strong data-start=\"35\" data-end=\"65\">Handcrafted in Japan<\/strong><\/p>\n<p data-start=\"67\" data-end=\"439\">Model <strong data-start=\"73\" data-end=\"82\">Elihu<\/strong> coloured <strong data-start=\"93\" data-end=\"107\">Smoke Grey<\/strong> a contemporary interpretation of classic sunglasses \u2013 <strong data-start=\"179\" data-end=\"228\">pure minimalism meets technical precision<\/strong>. Designed in the spirit of modern design, the model combines <strong data-start=\"290\" data-end=\"355\">traditional form with modern construction solutions<\/strong>, offering the perfect combination of style, durability and superior optical quality.<\/p>\n<p data-start=\"441\" data-end=\"699\">Frame made of 100% with <strong data-start=\"464\" data-end=\"495\">premium Japanese acetate<\/strong> guarantees <strong data-start=\"507\" data-end=\"557\">stability, durability and perfect fit<\/strong>. <strong data-start=\"559\" data-end=\"609\">Seven-joint stainless steel hinges<\/strong> and <strong data-start=\"615\" data-end=\"642\">riveted triangular pattern<\/strong> ensure exceptional reliability and long-term durability.<\/p>\n<p data-start=\"701\" data-end=\"1140\">Model <strong data-start=\"707\" data-end=\"716\">Elihu<\/strong> is equipped with <strong data-start=\"735\" data-end=\"776\">polarised optical grade lenses<\/strong> (Glass &amp; CR-39), which offer <strong data-start=\"808\" data-end=\"842\">excellent image clarity<\/strong> and glare protection. Additionally, <strong data-start=\"882\" data-end=\"899\">SALT coatings.<\/strong> with properties <strong data-start=\"917\" data-end=\"968\">anti-reflective, water-repellent and oil-repellent<\/strong> reduce reflections, repel water and dust, and protect against harmful light, ensuring <strong data-start=\"1065\" data-end=\"1094\">the highest quality of vision<\/strong> even in the most demanding conditions.<\/p>\n<hr data-start=\"1142\" data-end=\"1145\" \/>\n<p data-start=\"1147\" data-end=\"1174\"><strong data-start=\"1147\" data-end=\"1172\">Technical details:<\/strong><\/p>\n<ul data-start=\"1175\" data-end=\"1735\">\n<li data-start=\"1175\" data-end=\"1221\">\n<p data-start=\"1177\" data-end=\"1221\">Dimensions: 57 [] 19 \u2013 148\u2003|\u2003B: 43.5\u2003ED: 63.7<\/p>\n<\/li>\n<li data-start=\"1222\" data-end=\"1263\">\n<p data-start=\"1224\" data-end=\"1263\">Material: <strong data-start=\"1234\" data-end=\"1261\">Premium Japanese acetate<\/strong><\/p>\n<\/li>\n<li data-start=\"1264\" data-end=\"1322\">\n<p data-start=\"1266\" data-end=\"1322\">Colour: <strong data-start=\"1273\" data-end=\"1320\">Smoke Grey (semi-transparent cool grey)<\/strong><\/p>\n<\/li>\n<li data-start=\"1323\" data-end=\"1399\">\n<p data-start=\"1325\" data-end=\"1399\">Hinges: <strong data-start=\"1334\" data-end=\"1367\">7-joint, stainless steel<\/strong> with a riveted triangular pattern<\/p>\n<\/li>\n<li data-start=\"1400\" data-end=\"1461\">\n<p data-start=\"1402\" data-end=\"1461\">Lenses: <strong data-start=\"1412\" data-end=\"1442\">Polarised Glass &amp; CR-39<\/strong>, optical class<\/p>\n<\/li>\n<li data-start=\"1462\" data-end=\"1561\">\n<p data-start=\"1464\" data-end=\"1561\">Coatings: <strong data-start=\"1473\" data-end=\"1517\">Anti-reflective, water-repellent, oil-repellent<\/strong> \u2013 reduces glare, dirt and water<\/p>\n<\/li>\n<li data-start=\"1562\" data-end=\"1735\">\n<p data-start=\"1564\" data-end=\"1578\">Properties:<\/p>\n<ul data-start=\"1581\" data-end=\"1735\">\n<li data-start=\"1581\" data-end=\"1614\">\n<p data-start=\"1583\" data-end=\"1614\">Durable, elegant design<\/p>\n<\/li>\n<li data-start=\"1617\" data-end=\"1684\">\n<p data-start=\"1619\" data-end=\"1684\">Perfect fit and high gloss thanks to hand finishing<\/p>\n<\/li>\n<li data-start=\"1687\" data-end=\"1735\">\n<p data-start=\"1689\" data-end=\"1735\">Excellent eye protection and clarity of vision<\/p>\n<\/li>\n<\/ul>\n<\/li>\n<\/ul>\n<hr data-start=\"1737\" data-end=\"1740\" \/>\n<p data-start=\"1742\" data-end=\"2062\"><strong data-start=\"1742\" data-end=\"1761\">Why SALT?<\/strong><br data-start=\"1761\" data-end=\"1764\" \/>Every model <strong data-start=\"1776\" data-end=\"1792\">SALT. Optics<\/strong> this combination <strong data-start=\"1807\" data-end=\"1863\">Californian minimalism and Japanese craftsmanship<\/strong>. The brand uses only <strong data-start=\"1894\" data-end=\"1940\">the finest Japanese materials and components<\/strong>, to ensure <strong data-start=\"1955\" data-end=\"1996\">comfort, durability and optical precision<\/strong>, that set her designs apart in the world of luxury frames.<\/p>","protected":false},"featured_media":4089,"template":"","meta":{"_acf_changed":false},"product_brand":[343],"product_cat":[340,37,30],"product_tag":[],"model":[],"class_list":{"0":"post-4086","1":"product","2":"type-product","3":"status-publish","4":"has-post-thumbnail","6":"product_brand-salt","7":"product_cat-bez-sprzedazy-online","8":"product_cat-meskie","9":"product_cat-okulary-przeciwsloneczne","11":"first","12":"instock","13":"shipping-taxable","14":"purchasable","15":"product-type-simple"},"acf":[],"aioseo_notices":[],"_links":{"self":[{"href":"https:\/\/diukeyewear.nl\/en\/wp-json\/wp\/v2\/product\/4086","targetHints":{"allow":["GET"]}}],"collection":[{"href":"https:\/\/diukeyewear.nl\/en\/wp-json\/wp\/v2\/product"}],"about":[{"href":"https:\/\/diukeyewear.nl\/en\/wp-json\/wp\/v2\/types\/product"}],"version-history":[{"count":1,"href":"https:\/\/diukeyewear.nl\/en\/wp-json\/wp\/v2\/product\/4086\/revisions"}],"predecessor-version":[{"id":4091,"href":"https:\/\/diukeyewear.nl\/en\/wp-json\/wp\/v2\/product\/4086\/revisions\/4091"}],"wp:featuredmedia":[{"embeddable":true,"href":"https:\/\/diukeyewear.nl\/en\/wp-json\/wp\/v2\/media\/4089"}],"wp:attachment":[{"href":"https:\/\/diukeyewear.nl\/en\/wp-json\/wp\/v2\/media?parent=4086"}],"wp:term":[{"taxonomy":"product_brand","embeddable":true,"href":"https:\/\/diukeyewear.nl\/en\/wp-json\/wp\/v2\/product_brand?post=4086"},{"taxonomy":"product_cat","embeddable":true,"href":"https:\/\/diukeyewear.nl\/en\/wp-json\/wp\/v2\/product_cat?post=4086"},{"taxonomy":"product_tag","embeddable":true,"href":"https:\/\/diukeyewear.nl\/en\/wp-json\/wp\/v2\/product_tag?post=4086"},{"taxonomy":"model","embeddable":true,"href":"https:\/\/diukeyewear.nl\/en\/wp-json\/wp\/v2\/model?post=4086"}],"curies":[{"name":"wp","href":"https:\/\/api.w.org\/{rel}","templated":true}]}}