{"id":1154,"date":"2025-09-15T18:18:41","date_gmt":"2025-09-15T16:18:41","guid":{"rendered":"https:\/\/duke2.unixstorm.eu\/produkt\/jacques-marie-mage-walker-bloodstone\/"},"modified":"2026-03-06T15:12:27","modified_gmt":"2026-03-06T14:12:27","slug":"jacques-marie-mage-walker-bloedsteen","status":"publish","type":"product","link":"https:\/\/diukeyewear.nl\/nl\/produkt\/jacques-marie-mage-walker-bloodstone\/","title":{"rendered":"Jacques Marie Mage WALKER | BLOODSTONE"},"content":{"rendered":"<p><strong data-start=\"1119\" data-end=\"1132\">Voor wie?<\/strong><br data-start=\"1132\" data-end=\"1135\" \/><strong data-start=\"1135\" data-end=\"1177\">Jacques Marie Mage Wandelaar | Bloedsteen<\/strong> to model dla os\u00f3b, kt\u00f3re id\u0105 w\u0142asn\u0105 drog\u0105 \u2013 pewnych siebie, tw\u00f3rczych i odwa\u017cnych.<\/p>\n<p>Stylowy manifest indywidualizmu, kt\u00f3ry potrafi oczarowa\u0107, zainspirowa\u0107 i\u2026 rozpali\u0107 serca.<\/p>","protected":false},"excerpt":{"rendered":"<h3 data-start=\"154\" data-end=\"204\">Jacques Marie Mage - <strong data-start=\"179\" data-end=\"202\">Wandelaar | Bloedsteen<\/strong><\/h3>\n<p data-start=\"206\" data-end=\"510\"><strong data-start=\"206\" data-end=\"240\">Zelfvertrouwen, stijl en een vleugje rebellie<\/strong><br data-start=\"240\" data-end=\"243\" \/>Model <strong data-start=\"249\" data-end=\"272\">Wandelaar | Bloedsteen<\/strong> zijn elegante, rechthoekige glazen met zachte lijnen en een verfijnd karakter. Het is een combinatie van klassieke vorm en artistieke energie - gemaakt voor mensen die schoonheid zien in de details maar trouw blijven aan hun eigen ritme.<\/p>\n<p data-start=\"512\" data-end=\"533\"><strong data-start=\"512\" data-end=\"531\">Detail en ontwerp<\/strong><\/p>\n<ul data-start=\"534\" data-end=\"1117\">\n<li data-start=\"534\" data-end=\"640\">\n<p data-start=\"536\" data-end=\"640\">Vorm: rechthoekig met zacht afgeronde randen, de perfecte balans tussen elegantie en nonchalance<\/p>\n<\/li>\n<li data-start=\"641\" data-end=\"728\">\n<p data-start=\"643\" data-end=\"728\">Montuur: handgemaakt van gehard celluloseacetaat in kleur <strong data-start=\"712\" data-end=\"726\">Bloedsteen<\/strong><\/p>\n<\/li>\n<li data-start=\"729\" data-end=\"890\">\n<p data-start=\"731\" data-end=\"890\">Details: pijlvormige metalen klinknagels kenmerkend voor Jacques Marie Mage (<em data-start=\"815\" data-end=\"837\">pijlpunt voorpinnen<\/em>) en klinknagels (<em data-start=\"867\" data-end=\"887\">spoorvormige klinknagels<\/em>)<\/p>\n<\/li>\n<li data-start=\"891\" data-end=\"965\">\n<p data-start=\"893\" data-end=\"965\">Wenkbrauwkern: klassiek <em data-start=\"921\" data-end=\"931\">wirecore<\/em> met subtiele gravure <em data-start=\"953\" data-end=\"963\">haarlijn<\/em><\/p>\n<\/li>\n<li data-start=\"966\" data-end=\"1043\">\n<p data-start=\"968\" data-end=\"1043\">Stijl: ge\u00efnspireerd door een geest van artistieke onafhankelijkheid en stedelijke elegantie<\/p>\n<\/li>\n<li data-start=\"1044\" data-end=\"1117\">\n<p data-start=\"1046\" data-end=\"1117\">Beperkte oplage, gemaakt met uiterste precisie en aandacht voor detail<\/p>\n<\/li>\n<\/ul>","protected":false},"featured_media":1915,"template":"","meta":{"_acf_changed":false},"product_brand":[82],"product_cat":[32,37,30,35],"product_tag":[161],"model":[],"class_list":{"0":"post-1154","1":"product","2":"type-product","3":"status-publish","4":"has-post-thumbnail","6":"product_brand-jacques-marie-mage","7":"product_cat-damskie","8":"product_cat-meskie","9":"product_cat-okulary-przeciwsloneczne","10":"product_cat-unisex","11":"product_tag-jmmwk6p","13":"first","14":"instock","15":"shipping-taxable","16":"purchasable","17":"product-type-simple"},"acf":[],"aioseo_notices":[],"_links":{"self":[{"href":"https:\/\/diukeyewear.nl\/nl\/wp-json\/wp\/v2\/product\/1154","targetHints":{"allow":["GET"]}}],"collection":[{"href":"https:\/\/diukeyewear.nl\/nl\/wp-json\/wp\/v2\/product"}],"about":[{"href":"https:\/\/diukeyewear.nl\/nl\/wp-json\/wp\/v2\/types\/product"}],"version-history":[{"count":1,"href":"https:\/\/diukeyewear.nl\/nl\/wp-json\/wp\/v2\/product\/1154\/revisions"}],"predecessor-version":[{"id":4903,"href":"https:\/\/diukeyewear.nl\/nl\/wp-json\/wp\/v2\/product\/1154\/revisions\/4903"}],"wp:featuredmedia":[{"embeddable":true,"href":"https:\/\/diukeyewear.nl\/nl\/wp-json\/wp\/v2\/media\/1915"}],"wp:attachment":[{"href":"https:\/\/diukeyewear.nl\/nl\/wp-json\/wp\/v2\/media?parent=1154"}],"wp:term":[{"taxonomy":"product_brand","embeddable":true,"href":"https:\/\/diukeyewear.nl\/nl\/wp-json\/wp\/v2\/product_brand?post=1154"},{"taxonomy":"product_cat","embeddable":true,"href":"https:\/\/diukeyewear.nl\/nl\/wp-json\/wp\/v2\/product_cat?post=1154"},{"taxonomy":"product_tag","embeddable":true,"href":"https:\/\/diukeyewear.nl\/nl\/wp-json\/wp\/v2\/product_tag?post=1154"},{"taxonomy":"model","embeddable":true,"href":"https:\/\/diukeyewear.nl\/nl\/wp-json\/wp\/v2\/model?post=1154"}],"curies":[{"name":"wp","href":"https:\/\/api.w.org\/{rel}","templated":true}]}}