{"id":1177,"date":"2025-09-15T18:26:04","date_gmt":"2025-09-15T16:26:04","guid":{"rendered":"https:\/\/duke2.unixstorm.eu\/produkt\/jacques-marie-mage-varda-ebony__trashed\/"},"modified":"2026-03-06T15:12:27","modified_gmt":"2026-03-06T14:12:27","slug":"jacques-marie-mage-varda-ebbenhout","status":"publish","type":"product","link":"https:\/\/diukeyewear.nl\/nl\/produkt\/jacques-marie-mage-varda-ebony\/","title":{"rendered":"Jacques Marie Mage VARDA | EBONY"},"content":{"rendered":"<p><strong data-start=\"1161\" data-end=\"1174\">Voor wie?<\/strong><br data-start=\"1174\" data-end=\"1177\" \/><strong data-start=\"1177\" data-end=\"1214\">Jacques Marie Mage Varda in Ebony<\/strong> to oprawa dla os\u00f3b, kt\u00f3re odwa\u017cnie przekraczaj\u0105 granice konwencji.<\/p>\n<p>Stworzona z my\u015bl\u0105 o mi\u0142o\u015bnikach designu i sztuki, \u0142\u0105czy finezj\u0119 tytanu z ekspresyjn\u0105 si\u0142\u0105 koloru i formy \u2013 manifest indywidualizmu w najczystszej postaci.<\/p>","protected":false},"excerpt":{"rendered":"<h3 data-start=\"146\" data-end=\"191\">Jacques Marie Mage - <strong data-start=\"171\" data-end=\"189\">Varda in Ebony<\/strong><\/h3>\n<p data-start=\"193\" data-end=\"573\"><strong data-start=\"193\" data-end=\"226\">Kunst en intellect combineren<\/strong><br data-start=\"226\" data-end=\"229\" \/>Model <strong data-start=\"235\" data-end=\"253\">Varda in Ebony<\/strong> is een beperkte editie - alleen <strong data-start=\"285\" data-end=\"304\">500 exemplaren<\/strong> - Waarin klassieke vorm en avant-gardistische geest elkaar ontmoeten. Deze ovale titanium monturen met uitzonderlijk verfijnde details zijn een uitdrukking van intellectuele elegantie en sensuele precisie, gemaakt voor diegenen die brillen niet alleen als een functie zien maar ook als een stijlfilosofie.<\/p>\n<p data-start=\"575\" data-end=\"596\"><strong data-start=\"575\" data-end=\"594\">Detail en ontwerp<\/strong><\/p>\n<ul data-start=\"597\" data-end=\"1159\">\n<li data-start=\"597\" data-end=\"676\">\n<p data-start=\"599\" data-end=\"676\">Bouw: Titanium afgewerkt frame <strong data-start=\"640\" data-end=\"653\">Maan goud<\/strong> (100% b\u00e8ta titanium)<\/p>\n<\/li>\n<li data-start=\"677\" data-end=\"760\">\n<p data-start=\"679\" data-end=\"760\">Inlegwerk: 8 mm ringen rond lenzen in zwart acetaat <em data-start=\"748\" data-end=\"758\">Burlwood<\/em><\/p>\n<\/li>\n<li data-start=\"761\" data-end=\"852\">\n<p data-start=\"763\" data-end=\"852\">Brug: dubbel, afgesloten (<em data-start=\"791\" data-end=\"812\">dubbele brug met slot<\/em>) - licht, architectonisch, uniek<\/p>\n<\/li>\n<li data-start=\"853\" data-end=\"977\">\n<p data-start=\"855\" data-end=\"977\">Wenkbrauwen: fijn gegraveerd in typendetail <em data-start=\"903\" data-end=\"913\">haarlijn<\/em>, afgewerkt met handgeschilderde epoxyharsaccenten<\/p>\n<\/li>\n<li data-start=\"978\" data-end=\"1061\">\n<p data-start=\"980\" data-end=\"1061\">Lenzen: violet, met volledige UV-bescherming, waardoor het model een artistiek tintje krijgt<\/p>\n<\/li>\n<li data-start=\"1062\" data-end=\"1159\">\n<p data-start=\"1064\" data-end=\"1159\">Beperkte oplage: <strong data-start=\"1083\" data-end=\"1096\">500 stuks<\/strong> - elk stuk is het resultaat van het handwerk van meester-ambachtslieden<\/p>\n<\/li>\n<\/ul>","protected":false},"featured_media":1844,"template":"","meta":{"_acf_changed":false},"product_brand":[82],"product_cat":[32,37,30,35],"product_tag":[178],"model":[407],"class_list":{"0":"post-1177","1":"product","2":"type-product","3":"status-publish","4":"has-post-thumbnail","6":"product_brand-jacques-marie-mage","7":"product_cat-damskie","8":"product_cat-meskie","9":"product_cat-okulary-przeciwsloneczne","10":"product_cat-unisex","11":"product_tag-jmmvd14u","12":"model-varda","14":"first","15":"instock","16":"shipping-taxable","17":"purchasable","18":"product-type-simple"},"acf":[],"aioseo_notices":[],"_links":{"self":[{"href":"https:\/\/diukeyewear.nl\/nl\/wp-json\/wp\/v2\/product\/1177","targetHints":{"allow":["GET"]}}],"collection":[{"href":"https:\/\/diukeyewear.nl\/nl\/wp-json\/wp\/v2\/product"}],"about":[{"href":"https:\/\/diukeyewear.nl\/nl\/wp-json\/wp\/v2\/types\/product"}],"version-history":[{"count":1,"href":"https:\/\/diukeyewear.nl\/nl\/wp-json\/wp\/v2\/product\/1177\/revisions"}],"predecessor-version":[{"id":4574,"href":"https:\/\/diukeyewear.nl\/nl\/wp-json\/wp\/v2\/product\/1177\/revisions\/4574"}],"wp:featuredmedia":[{"embeddable":true,"href":"https:\/\/diukeyewear.nl\/nl\/wp-json\/wp\/v2\/media\/1844"}],"wp:attachment":[{"href":"https:\/\/diukeyewear.nl\/nl\/wp-json\/wp\/v2\/media?parent=1177"}],"wp:term":[{"taxonomy":"product_brand","embeddable":true,"href":"https:\/\/diukeyewear.nl\/nl\/wp-json\/wp\/v2\/product_brand?post=1177"},{"taxonomy":"product_cat","embeddable":true,"href":"https:\/\/diukeyewear.nl\/nl\/wp-json\/wp\/v2\/product_cat?post=1177"},{"taxonomy":"product_tag","embeddable":true,"href":"https:\/\/diukeyewear.nl\/nl\/wp-json\/wp\/v2\/product_tag?post=1177"},{"taxonomy":"model","embeddable":true,"href":"https:\/\/diukeyewear.nl\/nl\/wp-json\/wp\/v2\/model?post=1177"}],"curies":[{"name":"wp","href":"https:\/\/api.w.org\/{rel}","templated":true}]}}