{"id":1197,"date":"2025-09-15T18:30:41","date_gmt":"2025-09-15T16:30:41","guid":{"rendered":"https:\/\/duke2.unixstorm.eu\/produkt\/jacques-marie-mage-kirkland-black-rx\/"},"modified":"2026-03-06T15:12:27","modified_gmt":"2026-03-06T14:12:27","slug":"jacques-marie-mage-kirkland-black-rx","status":"publish","type":"product","link":"https:\/\/diukeyewear.nl\/nl\/produkt\/jacques-marie-mage-kirkland-black-rx\/","title":{"rendered":"Jacques Marie Mage KIRKLAND | BLACK RX"},"content":{"rendered":"<p data-start=\"1192\" data-end=\"1470\"><strong data-start=\"1192\" data-end=\"1205\">Voor wie?<\/strong><br data-start=\"1205\" data-end=\"1208\" \/><strong data-start=\"1208\" data-end=\"1248\">Jacques Marie Mage Kirkland in Black<\/strong> to model dla tych, kt\u00f3rzy \u0142\u0105cz\u0105 elegancj\u0119 z odwag\u0105 \u2013 dla os\u00f3b pewnych siebie, kreatywnych i \u015bwiadomych swojego stylu.<\/p>\n<p data-start=\"1192\" data-end=\"1470\">To okulary, kt\u00f3re m\u00f3wi\u0105 wi\u0119cej ni\u017c s\u0142owa \u2013 z klas\u0105, pewno\u015bci\u0105 i magnetyzmem, kt\u00f3ry zostaje w pami\u0119ci.<\/p>","protected":false},"excerpt":{"rendered":"<h3 data-start=\"202\" data-end=\"250\">Jacques Marie Mage - <strong data-start=\"227\" data-end=\"248\">Kirkland in Black<\/strong><\/h3>\n<p data-start=\"252\" data-end=\"617\"><strong data-start=\"252\" data-end=\"290\">Swobodna elegancja z dusz\u0105 lat 70.<\/strong><br data-start=\"290\" data-end=\"293\" \/>Model <strong data-start=\"299\" data-end=\"320\">Kirkland in Black<\/strong> to stylowe okulary typu <em data-start=\"345\" data-end=\"356\">navigator<\/em>, inspirowane estetyk\u0105 ko\u0144ca lat 70. \u2013 epok\u0105 odwagi, wyrafinowania i swobodnego luksusu. Wykonane r\u0119cznie w limitowanej edycji <strong data-start=\"483\" data-end=\"502\">500 exemplaren<\/strong>, \u0142\u0105cz\u0105 odwa\u017cn\u0105 sylwetk\u0119 z doskona\u0142\u0105 r\u00f3wnowag\u0105 formy, tworz\u0105c opraw\u0119, kt\u00f3ra przyci\u0105ga uwag\u0119 elegancj\u0105 i charyzm\u0105.<\/p>\n<p data-start=\"619\" data-end=\"640\"><strong data-start=\"619\" data-end=\"638\">Detail en ontwerp<\/strong><\/p>\n<ul data-start=\"641\" data-end=\"1190\">\n<li data-start=\"641\" data-end=\"732\">\n<p data-start=\"643\" data-end=\"732\">Kszta\u0142t: prostok\u0105tny <em data-start=\"664\" data-end=\"675\">navigator<\/em> o nieco szerszym dopasowaniu, z wywa\u017conymi proporcjami<\/p>\n<\/li>\n<li data-start=\"733\" data-end=\"820\">\n<p data-start=\"735\" data-end=\"820\">Rama: wykonana z wysokiej jako\u015bci acetatu w kolorze <strong data-start=\"787\" data-end=\"796\">Zwart<\/strong> \u2013 wyrazista i solidna<\/p>\n<\/li>\n<li data-start=\"821\" data-end=\"925\">\n<p data-start=\"823\" data-end=\"925\">Zauszniki: z tytanu, z precyzyjnym grawerem <em data-start=\"867\" data-end=\"877\">haarlijn<\/em> i motywem strza\u0142y \u2013 znakiem rozpoznawczym JMM<\/p>\n<\/li>\n<li data-start=\"926\" data-end=\"1016\">\n<p data-start=\"928\" data-end=\"1016\">Zawiasy: monoblokowe, o unikalnej konstrukcji, zapewniaj\u0105cej trwa\u0142o\u015b\u0107 i p\u0142ynno\u015b\u0107 ruchu<\/p>\n<\/li>\n<li data-start=\"1017\" data-end=\"1112\">\n<p data-start=\"1019\" data-end=\"1112\">Styl: inspirowany estetyk\u0105 ko\u0144ca lat 70. \u2013 po\u0142\u0105czenie nonszalancji, elegancji i si\u0142y wyrazu<\/p>\n<\/li>\n<li data-start=\"1113\" data-end=\"1190\">\n<p data-start=\"1115\" data-end=\"1190\">Beperkte oplage: <strong data-start=\"1134\" data-end=\"1147\">500 stuks<\/strong>, wykonanych r\u0119cznie z najwy\u017csz\u0105 precyzj\u0105<\/p>\n<\/li>\n<\/ul>","protected":false},"featured_media":1194,"template":"","meta":{"_acf_changed":false},"product_brand":[82],"product_cat":[32,37,51,35],"product_tag":[188],"model":[385],"class_list":{"0":"post-1197","1":"product","2":"type-product","3":"status-publish","4":"has-post-thumbnail","6":"product_brand-jacques-marie-mage","7":"product_cat-damskie","8":"product_cat-meskie","9":"product_cat-okulary-korekcyjne","10":"product_cat-unisex","11":"product_tag-jmmkd1n","12":"model-kirkland","14":"first","15":"instock","16":"shipping-taxable","17":"purchasable","18":"product-type-simple"},"acf":[],"aioseo_notices":[],"_links":{"self":[{"href":"https:\/\/diukeyewear.nl\/nl\/wp-json\/wp\/v2\/product\/1197","targetHints":{"allow":["GET"]}}],"collection":[{"href":"https:\/\/diukeyewear.nl\/nl\/wp-json\/wp\/v2\/product"}],"about":[{"href":"https:\/\/diukeyewear.nl\/nl\/wp-json\/wp\/v2\/types\/product"}],"version-history":[{"count":1,"href":"https:\/\/diukeyewear.nl\/nl\/wp-json\/wp\/v2\/product\/1197\/revisions"}],"predecessor-version":[{"id":4510,"href":"https:\/\/diukeyewear.nl\/nl\/wp-json\/wp\/v2\/product\/1197\/revisions\/4510"}],"wp:featuredmedia":[{"embeddable":true,"href":"https:\/\/diukeyewear.nl\/nl\/wp-json\/wp\/v2\/media\/1194"}],"wp:attachment":[{"href":"https:\/\/diukeyewear.nl\/nl\/wp-json\/wp\/v2\/media?parent=1197"}],"wp:term":[{"taxonomy":"product_brand","embeddable":true,"href":"https:\/\/diukeyewear.nl\/nl\/wp-json\/wp\/v2\/product_brand?post=1197"},{"taxonomy":"product_cat","embeddable":true,"href":"https:\/\/diukeyewear.nl\/nl\/wp-json\/wp\/v2\/product_cat?post=1197"},{"taxonomy":"product_tag","embeddable":true,"href":"https:\/\/diukeyewear.nl\/nl\/wp-json\/wp\/v2\/product_tag?post=1197"},{"taxonomy":"model","embeddable":true,"href":"https:\/\/diukeyewear.nl\/nl\/wp-json\/wp\/v2\/model?post=1197"}],"curies":[{"name":"wp","href":"https:\/\/api.w.org\/{rel}","templated":true}]}}