{"id":1202,"date":"2025-09-15T18:31:26","date_gmt":"2025-09-15T16:31:26","guid":{"rendered":"https:\/\/duke2.unixstorm.eu\/produkt\/jacques-marie-mage-kirkland-zoltar-rx\/"},"modified":"2026-03-06T15:12:27","modified_gmt":"2026-03-06T14:12:27","slug":"jacques-marie-mage-kirkland-zoltar-rx","status":"publish","type":"product","link":"https:\/\/diukeyewear.nl\/nl\/produkt\/jacques-marie-mage-kirkland-zoltar-rx\/","title":{"rendered":"Jacques Marie Mage KIRKLAND | ZOLTAR RX"},"content":{"rendered":"<p><strong data-start=\"1229\" data-end=\"1242\">Voor wie?<\/strong><br data-start=\"1242\" data-end=\"1245\" \/><strong data-start=\"1245\" data-end=\"1286\">Jacques Marie Mage Kirkland in Zoltar<\/strong> to oprawa dla os\u00f3b, kt\u00f3re lubi\u0105 \u0142\u0105czy\u0107 wyrazisto\u015b\u0107 z elegancj\u0105.<\/p>\n<p>Stylowy symbol pewno\u015bci siebie \u2013 dla tych, kt\u00f3rzy przyci\u0105gaj\u0105 uwag\u0119 bez wysi\u0142ku, z magnetyzmem w\u0142a\u015bciwym tylko prawdziwym indywidualistom.<\/p>","protected":false},"excerpt":{"rendered":"<h3 data-start=\"189\" data-end=\"238\">Jacques Marie Mage - <strong data-start=\"214\" data-end=\"236\">Kirkland in Zoltar<\/strong><\/h3>\n<p data-start=\"240\" data-end=\"592\"><strong data-start=\"240\" data-end=\"275\">Charyzma i styl w duchu lat 70.<\/strong><br data-start=\"275\" data-end=\"278\" \/>Model <strong data-start=\"284\" data-end=\"306\">Kirkland in Zoltar<\/strong> to elegancka reinterpretacja klasycznego kszta\u0142tu <em data-start=\"357\" data-end=\"368\">navigator<\/em>, inspirowana energi\u0105 i ekspresj\u0105 ko\u0144ca lat 70. Limitowana edycja <strong data-start=\"434\" data-end=\"453\">500 exemplaren<\/strong> \u0142\u0105czy solidn\u0105 form\u0119 z rzemie\u015blnicz\u0105 precyzj\u0105, tworz\u0105c opraw\u0119 o wyj\u0105tkowej osobowo\u015bci \u2013 wywa\u017con\u0105, pewn\u0105 siebie i niepodrabialnie stylow\u0105.<\/p>\n<p data-start=\"594\" data-end=\"615\"><strong data-start=\"594\" data-end=\"613\">Detail en ontwerp<\/strong><\/p>\n<ul data-start=\"616\" data-end=\"1227\">\n<li data-start=\"616\" data-end=\"708\">\n<p data-start=\"618\" data-end=\"708\">Kszta\u0142t: prostok\u0105tny <em data-start=\"639\" data-end=\"650\">navigator<\/em> o nieco szerszym dopasowaniu \u2013 wygodny i proporcjonalny<\/p>\n<\/li>\n<li data-start=\"709\" data-end=\"796\">\n<p data-start=\"711\" data-end=\"796\">Rama: wykonana z acetatu celulozowego w g\u0142\u0119bokim, bursztynowym odcieniu <strong data-start=\"784\" data-end=\"794\">Zoltar<\/strong><\/p>\n<\/li>\n<li data-start=\"797\" data-end=\"932\">\n<p data-start=\"799\" data-end=\"932\">Zauszniki: z lekkiego tytanu, zdobione precyzyjnym grawerem <em data-start=\"859\" data-end=\"869\">haarlijn<\/em> i motywem strza\u0142y \u2013 znakiem rozpoznawczym Jacques Marie Mage<\/p>\n<\/li>\n<li data-start=\"933\" data-end=\"1029\">\n<p data-start=\"935\" data-end=\"1029\">Zawiasy: monoblokowe, w pe\u0142ni zintegrowane z konstrukcj\u0105, zapewniaj\u0105ce trwa\u0142o\u015b\u0107 i stabilno\u015b\u0107<\/p>\n<\/li>\n<li data-start=\"1030\" data-end=\"1144\">\n<p data-start=\"1032\" data-end=\"1144\">Styl: inspirowany nonszalancj\u0105 i elegancj\u0105 lat 70. \u2013 po\u0142\u0105czenie luksusu, pewno\u015bci siebie i artystycznego ducha<\/p>\n<\/li>\n<li data-start=\"1145\" data-end=\"1227\">\n<p data-start=\"1147\" data-end=\"1227\">Beperkte oplage: <strong data-start=\"1166\" data-end=\"1179\">500 stuks<\/strong>, handgemaakt met aandacht voor detail<\/p>\n<\/li>\n<\/ul>","protected":false},"featured_media":1199,"template":"","meta":{"_acf_changed":false},"product_brand":[82],"product_cat":[32,37,51,35],"product_tag":[190],"model":[385],"class_list":{"0":"post-1202","1":"product","2":"type-product","3":"status-publish","4":"has-post-thumbnail","6":"product_brand-jacques-marie-mage","7":"product_cat-damskie","8":"product_cat-meskie","9":"product_cat-okulary-korekcyjne","10":"product_cat-unisex","11":"product_tag-jmmkd13w","12":"model-kirkland","14":"first","15":"outofstock","16":"shipping-taxable","17":"purchasable","18":"product-type-simple"},"acf":[],"aioseo_notices":[],"_links":{"self":[{"href":"https:\/\/diukeyewear.nl\/nl\/wp-json\/wp\/v2\/product\/1202","targetHints":{"allow":["GET"]}}],"collection":[{"href":"https:\/\/diukeyewear.nl\/nl\/wp-json\/wp\/v2\/product"}],"about":[{"href":"https:\/\/diukeyewear.nl\/nl\/wp-json\/wp\/v2\/types\/product"}],"version-history":[{"count":1,"href":"https:\/\/diukeyewear.nl\/nl\/wp-json\/wp\/v2\/product\/1202\/revisions"}],"predecessor-version":[{"id":4511,"href":"https:\/\/diukeyewear.nl\/nl\/wp-json\/wp\/v2\/product\/1202\/revisions\/4511"}],"wp:featuredmedia":[{"embeddable":true,"href":"https:\/\/diukeyewear.nl\/nl\/wp-json\/wp\/v2\/media\/1199"}],"wp:attachment":[{"href":"https:\/\/diukeyewear.nl\/nl\/wp-json\/wp\/v2\/media?parent=1202"}],"wp:term":[{"taxonomy":"product_brand","embeddable":true,"href":"https:\/\/diukeyewear.nl\/nl\/wp-json\/wp\/v2\/product_brand?post=1202"},{"taxonomy":"product_cat","embeddable":true,"href":"https:\/\/diukeyewear.nl\/nl\/wp-json\/wp\/v2\/product_cat?post=1202"},{"taxonomy":"product_tag","embeddable":true,"href":"https:\/\/diukeyewear.nl\/nl\/wp-json\/wp\/v2\/product_tag?post=1202"},{"taxonomy":"model","embeddable":true,"href":"https:\/\/diukeyewear.nl\/nl\/wp-json\/wp\/v2\/model?post=1202"}],"curies":[{"name":"wp","href":"https:\/\/api.w.org\/{rel}","templated":true}]}}