{"id":1211,"date":"2025-09-15T18:33:58","date_gmt":"2025-09-15T16:33:58","guid":{"rendered":"https:\/\/duke2.unixstorm.eu\/produkt\/jacques-marie-mage-evans-borneo-rx\/"},"modified":"2026-03-16T16:34:30","modified_gmt":"2026-03-16T15:34:30","slug":"jacques-marie-mage-evans-borneo-rx","status":"publish","type":"product","link":"https:\/\/diukeyewear.nl\/nl\/produkt\/jacques-marie-mage-evans-borneo-rx\/","title":{"rendered":"Jacques Marie Mage EVANS | BORNEO RX"},"content":{"rendered":"<p><strong data-start=\"1057\" data-end=\"1070\">Voor wie?<\/strong><br data-start=\"1070\" data-end=\"1073\" \/><strong data-start=\"1073\" data-end=\"1117\">Jacques Marie Mage Evans in Borneo Green<\/strong> to oprawa dla tych, kt\u00f3rzy ceni\u0105 subtelne niuanse, wyrazisty kolor i perfekcyjne wykonanie.<\/p>\n<p>Stylowy ho\u0142d dla klasyki, stworzony z my\u015bl\u0105 o osobach, kt\u00f3re \u0142\u0105cz\u0105 elegancj\u0119 z artystyczn\u0105 odwag\u0105.<\/p>","protected":false},"excerpt":{"rendered":"<h3 data-start=\"179\" data-end=\"231\">Jacques Marie Mage - <strong data-start=\"204\" data-end=\"229\">Evans in Borneo Green<\/strong><\/h3>\n<p data-start=\"233\" data-end=\"582\"><strong data-start=\"233\" data-end=\"276\">Wyrafinowana klasyka w odcieniu zieleni<\/strong><br data-start=\"276\" data-end=\"279\" \/>Model <strong data-start=\"285\" data-end=\"310\">Evans in Borneo Green<\/strong> to ponadczasowa oprawa inspirowana estetyk\u0105 lat 60., w kt\u00f3rej klasyczna forma spotyka si\u0119 z artystyczn\u0105 finezj\u0105. Limitowana edycja <strong data-start=\"442\" data-end=\"461\">450 exemplaren<\/strong> zachwyca eleganckim kolorem inspirowanym tropikaln\u0105 zieleni\u0105, \u0142\u0105cz\u0105c odwa\u017cny charakter z wyrafinowan\u0105 harmoni\u0105 detali.<\/p>\n<p data-start=\"584\" data-end=\"605\"><strong data-start=\"584\" data-end=\"603\">Detail en ontwerp<\/strong><\/p>\n<ul data-start=\"606\" data-end=\"1055\">\n<li data-start=\"606\" data-end=\"689\">\n<p data-start=\"608\" data-end=\"689\">Rama: g\u0142\u0119boka ziele\u0144 <em data-start=\"629\" data-end=\"643\">Borneo Green<\/em>, 8-milimetrowy utwardzony acetat celulozowy<\/p>\n<\/li>\n<li data-start=\"690\" data-end=\"777\">\n<p data-start=\"692\" data-end=\"777\">Zauszniki: podw\u00f3jnie laminowany acetat z ozdobnymi elementami z metalu szlachetnego<\/p>\n<\/li>\n<li data-start=\"778\" data-end=\"858\">\n<p data-start=\"780\" data-end=\"858\">Mostek: podw\u00f3jny, o architektonicznej formie, inspirowany projektami lat 60.<\/p>\n<\/li>\n<li data-start=\"859\" data-end=\"949\">\n<p data-start=\"861\" data-end=\"949\">Lenzen: <strong data-start=\"871\" data-end=\"886\">demo lenses<\/strong> \u2013 przygotowane do monta\u017cu szkie\u0142 korekcyjnych lub optycznych<\/p>\n<\/li>\n<li data-start=\"950\" data-end=\"1055\">\n<p data-start=\"952\" data-end=\"1055\">Beperkte oplage: <strong data-start=\"971\" data-end=\"984\">450 stuks<\/strong> \u2013 ka\u017cdy egzemplarz stanowi po\u0142\u0105czenie kunsztu i indywidualnego stylu<\/p>\n<\/li>\n<\/ul>","protected":false},"featured_media":1819,"template":"","meta":{"_acf_changed":false},"product_brand":[82],"product_cat":[37,51,35],"product_tag":[196],"model":[379],"class_list":{"0":"post-1211","1":"product","2":"type-product","3":"status-publish","4":"has-post-thumbnail","6":"product_brand-jacques-marie-mage","7":"product_cat-meskie","8":"product_cat-okulary-korekcyjne","9":"product_cat-unisex","10":"product_tag-jmmev18l","11":"model-evans","13":"first","14":"instock","15":"shipping-taxable","16":"purchasable","17":"product-type-simple"},"acf":[],"aioseo_notices":[],"_links":{"self":[{"href":"https:\/\/diukeyewear.nl\/nl\/wp-json\/wp\/v2\/product\/1211","targetHints":{"allow":["GET"]}}],"collection":[{"href":"https:\/\/diukeyewear.nl\/nl\/wp-json\/wp\/v2\/product"}],"about":[{"href":"https:\/\/diukeyewear.nl\/nl\/wp-json\/wp\/v2\/types\/product"}],"version-history":[{"count":1,"href":"https:\/\/diukeyewear.nl\/nl\/wp-json\/wp\/v2\/product\/1211\/revisions"}],"predecessor-version":[{"id":4180,"href":"https:\/\/diukeyewear.nl\/nl\/wp-json\/wp\/v2\/product\/1211\/revisions\/4180"}],"wp:featuredmedia":[{"embeddable":true,"href":"https:\/\/diukeyewear.nl\/nl\/wp-json\/wp\/v2\/media\/1819"}],"wp:attachment":[{"href":"https:\/\/diukeyewear.nl\/nl\/wp-json\/wp\/v2\/media?parent=1211"}],"wp:term":[{"taxonomy":"product_brand","embeddable":true,"href":"https:\/\/diukeyewear.nl\/nl\/wp-json\/wp\/v2\/product_brand?post=1211"},{"taxonomy":"product_cat","embeddable":true,"href":"https:\/\/diukeyewear.nl\/nl\/wp-json\/wp\/v2\/product_cat?post=1211"},{"taxonomy":"product_tag","embeddable":true,"href":"https:\/\/diukeyewear.nl\/nl\/wp-json\/wp\/v2\/product_tag?post=1211"},{"taxonomy":"model","embeddable":true,"href":"https:\/\/diukeyewear.nl\/nl\/wp-json\/wp\/v2\/model?post=1211"}],"curies":[{"name":"wp","href":"https:\/\/api.w.org\/{rel}","templated":true}]}}