{"id":1240,"date":"2025-09-15T18:38:49","date_gmt":"2025-09-15T16:38:49","guid":{"rendered":"https:\/\/duke2.unixstorm.eu\/produkt\/jacques-marie-mage-molino-cobra-55-rx\/"},"modified":"2026-03-06T15:12:28","modified_gmt":"2026-03-06T14:12:28","slug":"jacques-marie-mage-molino-cobra-55-rx","status":"publish","type":"product","link":"https:\/\/diukeyewear.nl\/nl\/produkt\/jacques-marie-mage-molino-cobra-55-rx\/","title":{"rendered":"Jacques Marie Mage MOLINO (55) | COBRA RX"},"content":{"rendered":"<p><strong data-start=\"1186\" data-end=\"1199\">Voor wie?<\/strong><br data-start=\"1199\" data-end=\"1202\" \/><strong data-start=\"1202\" data-end=\"1243\">Jacques Marie Mage Molino 55 in Cobra<\/strong> to oprawa dla os\u00f3b o wyrafinowanym gu\u015bcie, kt\u00f3re ceni\u0105 jako\u015b\u0107, indywidualno\u015b\u0107 i detal.<\/p>\n<p>To klasyka w nowoczesnym wydaniu \u2013 dla tych, kt\u00f3rzy nosz\u0105 styl z pewno\u015bci\u0105 i charyzm\u0105.<\/p>","protected":false},"excerpt":{"rendered":"<h3 data-start=\"170\" data-end=\"219\">Jacques Marie Mage - <strong data-start=\"195\" data-end=\"217\">Molino 55 in Cobra<\/strong><\/h3>\n<p data-start=\"221\" data-end=\"618\"><strong data-start=\"221\" data-end=\"262\">Ikona stylu i rzemie\u015blniczego kunsztu<\/strong><br data-start=\"262\" data-end=\"265\" \/>Model <strong data-start=\"271\" data-end=\"293\">Molino 55 in Cobra<\/strong> to jeden z najbardziej rozpoznawalnych projekt\u00f3w Jacques Marie Mage \u2013 inspirowany estetyk\u0105 lat 60., stanowi po\u0142\u0105czenie elegancji, si\u0142y i wyrafinowanej ekspresji. To oprawa o wyj\u0105tkowej harmonii kszta\u0142t\u00f3w, w kt\u00f3rej klasyczne proporcje spotykaj\u0105 si\u0119 z nowoczesnym detalem, tworz\u0105c ponadczasowy symbol buntowniczej elegancji.<\/p>\n<p data-start=\"620\" data-end=\"641\"><strong data-start=\"620\" data-end=\"639\">Detail en ontwerp<\/strong><\/p>\n<ul data-start=\"642\" data-end=\"1184\">\n<li data-start=\"642\" data-end=\"748\">\n<p data-start=\"644\" data-end=\"748\">Kszta\u0142t: prostok\u0105tny, inspirowany stylem lat 60., z delikatnym fazowaniem kraw\u0119dzi (<em data-start=\"728\" data-end=\"745\">subtiele afschuining<\/em>)<\/p>\n<\/li>\n<li data-start=\"749\" data-end=\"868\">\n<p data-start=\"751\" data-end=\"868\">Rama: wykonana z utwardzonego acetatu celulozowego w kolorze <strong data-start=\"812\" data-end=\"821\">Cobra<\/strong> \u2013 g\u0142\u0119boki odcie\u0144 br\u0105zu z subtelnym po\u0142yskiem<\/p>\n<\/li>\n<li data-start=\"869\" data-end=\"980\">\n<p data-start=\"871\" data-end=\"980\">Detale: ozdobne elementy z metali szlachetnych \u2013 charakterystyczny znak rozpoznawczy <strong data-start=\"956\" data-end=\"978\">Jacques Marie Mage<\/strong><\/p>\n<\/li>\n<li data-start=\"981\" data-end=\"1085\">\n<p data-start=\"983\" data-end=\"1085\">Konstrukcja: r\u0119cznie wykonana w Japonii, z zachowaniem najwy\u017cszych standard\u00f3w precyzji i wyko\u0144czenia<\/p>\n<\/li>\n<li data-start=\"1086\" data-end=\"1184\">\n<p data-start=\"1088\" data-end=\"1184\">Styl: elegancja z odrobin\u0105 artystycznej przekory \u2013 zmys\u0142owa, poetycka i ponadczasowa w wyrazie<\/p>\n<\/li>\n<\/ul>","protected":false},"featured_media":1948,"template":"","meta":{"_acf_changed":false},"product_brand":[82],"product_cat":[32,37,51,30,35],"product_tag":[213],"model":[410,389],"class_list":{"0":"post-1240","1":"product","2":"type-product","3":"status-publish","4":"has-post-thumbnail","6":"product_brand-jacques-marie-mage","7":"product_cat-damskie","8":"product_cat-meskie","9":"product_cat-okulary-korekcyjne","10":"product_cat-okulary-przeciwsloneczne","11":"product_cat-unisex","12":"product_tag-jmmlx16c","13":"model-molino","14":"model-molino-55","16":"first","17":"outofstock","18":"shipping-taxable","19":"purchasable","20":"product-type-simple"},"acf":[],"aioseo_notices":[],"_links":{"self":[{"href":"https:\/\/diukeyewear.nl\/nl\/wp-json\/wp\/v2\/product\/1240","targetHints":{"allow":["GET"]}}],"collection":[{"href":"https:\/\/diukeyewear.nl\/nl\/wp-json\/wp\/v2\/product"}],"about":[{"href":"https:\/\/diukeyewear.nl\/nl\/wp-json\/wp\/v2\/types\/product"}],"version-history":[{"count":1,"href":"https:\/\/diukeyewear.nl\/nl\/wp-json\/wp\/v2\/product\/1240\/revisions"}],"predecessor-version":[{"id":4519,"href":"https:\/\/diukeyewear.nl\/nl\/wp-json\/wp\/v2\/product\/1240\/revisions\/4519"}],"wp:featuredmedia":[{"embeddable":true,"href":"https:\/\/diukeyewear.nl\/nl\/wp-json\/wp\/v2\/media\/1948"}],"wp:attachment":[{"href":"https:\/\/diukeyewear.nl\/nl\/wp-json\/wp\/v2\/media?parent=1240"}],"wp:term":[{"taxonomy":"product_brand","embeddable":true,"href":"https:\/\/diukeyewear.nl\/nl\/wp-json\/wp\/v2\/product_brand?post=1240"},{"taxonomy":"product_cat","embeddable":true,"href":"https:\/\/diukeyewear.nl\/nl\/wp-json\/wp\/v2\/product_cat?post=1240"},{"taxonomy":"product_tag","embeddable":true,"href":"https:\/\/diukeyewear.nl\/nl\/wp-json\/wp\/v2\/product_tag?post=1240"},{"taxonomy":"model","embeddable":true,"href":"https:\/\/diukeyewear.nl\/nl\/wp-json\/wp\/v2\/model?post=1240"}],"curies":[{"name":"wp","href":"https:\/\/api.w.org\/{rel}","templated":true}]}}