{"id":1293,"date":"2025-09-15T18:51:34","date_gmt":"2025-09-15T16:51:34","guid":{"rendered":"https:\/\/duke2.unixstorm.eu\/produkt\/jacques-marie-mage-alin-slate-2\/"},"modified":"2026-03-06T15:12:28","modified_gmt":"2026-03-06T14:12:28","slug":"jacques-marie-mage-alin-lei","status":"publish","type":"product","link":"https:\/\/diukeyewear.nl\/nl\/produkt\/jacques-marie-mage-alin-slate\/","title":{"rendered":"Jacques Marie Mage ALIN | SLATE"},"content":{"rendered":"<p><strong data-start=\"847\" data-end=\"860\">Voor wie?<\/strong><br data-start=\"860\" data-end=\"863\" \/><strong data-start=\"863\" data-end=\"890\">Jacques Marie Mage Alin<\/strong> to model dla koneser\u00f3w klasyki, kt\u00f3rzy ceni\u0105 perfekcyjne wykonanie i elegancki minimalizm.<\/p>\n<p>Okulary, kt\u00f3re \u0142\u0105cz\u0105 ducha vintage z nowoczesnym rzemios\u0142em, staj\u0105c si\u0119 symbolem dyskretnego luksusu i pewno\u015bci siebie.<\/p>\n<p>Handgemaakt in Japan<\/p>\n<p>Beperkte oplage van 500 stuks wereldwijd.<\/p>","protected":false},"excerpt":{"rendered":"<h3 data-start=\"116\" data-end=\"151\">Jacques Marie Mage - <strong data-start=\"141\" data-end=\"149\">Alin<\/strong><\/h3>\n<p data-start=\"153\" data-end=\"443\"><strong data-start=\"153\" data-end=\"200\">De klassiekers uit de jaren 1950 in een moderne interpretatie<\/strong><br data-start=\"200\" data-end=\"203\" \/>Model <strong data-start=\"209\" data-end=\"217\">Alin<\/strong> is een elegante combinatie van acetaat en titanium, ge\u00efnspireerd op de verfijnde stijl van de jaren 50. Het is een montuur waarin vakmanschap en ambitie samenkomen - gemaakt voor mensen die precisie, structuur en tijdloos design waarderen.<\/p>\n<p data-start=\"445\" data-end=\"466\"><strong data-start=\"445\" data-end=\"464\">Detail en ontwerp<\/strong><\/p>\n<p data-start=\"469\" data-end=\"558\">Type ontwerp <strong data-start=\"486\" data-end=\"495\">combo<\/strong> - bovenste deel in helder acetaat, onderste deel in licht titanium<\/p>\n<ul data-start=\"467\" data-end=\"845\">\n<li data-start=\"559\" data-end=\"618\">\n<p data-start=\"561\" data-end=\"618\">Vorm van het glas: vierkant, met klassieke proporties<\/p>\n<\/li>\n<li data-start=\"619\" data-end=\"711\">\n<p data-start=\"621\" data-end=\"711\">Kenmerk <strong data-start=\"639\" data-end=\"660\">monoblok scharnieren<\/strong> met pijlmotief - handtekening Jacques Marie Mage<\/p>\n<\/li>\n<li data-start=\"712\" data-end=\"772\">\n<p data-start=\"714\" data-end=\"772\">Met de hand gegraveerde veren met uniek pijlontwerp<\/p>\n<\/li>\n<li data-start=\"773\" data-end=\"845\">\n<p data-start=\"775\" data-end=\"845\">Een harmonieuze mix van robuustheid, elegantie en sculpturale precisie<\/p>\n<\/li>\n<\/ul>","protected":false},"featured_media":1291,"template":"","meta":{"_acf_changed":false},"product_brand":[82],"product_cat":[32,37,30,35],"product_tag":[247],"model":[352],"class_list":{"0":"post-1293","1":"product","2":"type-product","3":"status-publish","4":"has-post-thumbnail","6":"product_brand-jacques-marie-mage","7":"product_cat-damskie","8":"product_cat-meskie","9":"product_cat-okulary-przeciwsloneczne","10":"product_cat-unisex","11":"product_tag-jmmil10s","12":"model-alin","14":"first","15":"instock","16":"shipping-taxable","17":"purchasable","18":"product-type-simple"},"acf":[],"aioseo_notices":[],"_links":{"self":[{"href":"https:\/\/diukeyewear.nl\/nl\/wp-json\/wp\/v2\/product\/1293","targetHints":{"allow":["GET"]}}],"collection":[{"href":"https:\/\/diukeyewear.nl\/nl\/wp-json\/wp\/v2\/product"}],"about":[{"href":"https:\/\/diukeyewear.nl\/nl\/wp-json\/wp\/v2\/types\/product"}],"version-history":[{"count":1,"href":"https:\/\/diukeyewear.nl\/nl\/wp-json\/wp\/v2\/product\/1293\/revisions"}],"predecessor-version":[{"id":4376,"href":"https:\/\/diukeyewear.nl\/nl\/wp-json\/wp\/v2\/product\/1293\/revisions\/4376"}],"wp:featuredmedia":[{"embeddable":true,"href":"https:\/\/diukeyewear.nl\/nl\/wp-json\/wp\/v2\/media\/1291"}],"wp:attachment":[{"href":"https:\/\/diukeyewear.nl\/nl\/wp-json\/wp\/v2\/media?parent=1293"}],"wp:term":[{"taxonomy":"product_brand","embeddable":true,"href":"https:\/\/diukeyewear.nl\/nl\/wp-json\/wp\/v2\/product_brand?post=1293"},{"taxonomy":"product_cat","embeddable":true,"href":"https:\/\/diukeyewear.nl\/nl\/wp-json\/wp\/v2\/product_cat?post=1293"},{"taxonomy":"product_tag","embeddable":true,"href":"https:\/\/diukeyewear.nl\/nl\/wp-json\/wp\/v2\/product_tag?post=1293"},{"taxonomy":"model","embeddable":true,"href":"https:\/\/diukeyewear.nl\/nl\/wp-json\/wp\/v2\/model?post=1293"}],"curies":[{"name":"wp","href":"https:\/\/api.w.org\/{rel}","templated":true}]}}