{"id":2034,"date":"2025-10-09T10:12:37","date_gmt":"2025-10-09T08:12:37","guid":{"rendered":"https:\/\/www.diukoptyk.pl\/?post_type=product&#038;p=2034"},"modified":"2026-01-25T20:42:56","modified_gmt":"2026-01-25T19:42:56","slug":"akoni-innes-kristal-zwart","status":"publish","type":"product","link":"https:\/\/diukeyewear.nl\/nl\/produkt\/akoni-innes-crystal-black\/","title":{"rendered":"Akoni INNES | KRAAL ZWART"},"content":{"rendered":"<p><strong data-start=\"1453\" data-end=\"1466\">Voor wie?<\/strong><br data-start=\"1466\" data-end=\"1469\" \/><strong data-start=\"1469\" data-end=\"1513\">Akoni Innes | Kristal Zwart \/ Witgoud<\/strong> to oprawa dla kobiet, kt\u00f3re ceni\u0105 elegancj\u0119 bez przesady i luksus zakl\u0119ty w precyzji.<\/p>\n<p>Dla tych, kt\u00f3re chc\u0105 wygl\u0105da\u0107 z klas\u0105, ale te\u017c czu\u0107 si\u0119 lekko \u2013 jak na swojej w\u0142asnej wyspie, z dala od zb\u0119dnego zgie\u0142ku.<\/p>","protected":false},"excerpt":{"rendered":"<h3 data-start=\"186\" data-end=\"238\">Akoni - <strong data-start=\"198\" data-end=\"236\">Innes | Kristal Zwart \/ Witgoud<\/strong><\/h3>\n<p data-start=\"240\" data-end=\"755\"><strong data-start=\"240\" data-end=\"290\">Een eiland van elegantie. Lichtheid ontdekt in de details.<\/strong><br data-start=\"290\" data-end=\"293\" \/>Model <strong data-start=\"299\" data-end=\"308\">Innes<\/strong>, waarvan de naam \u201eeiland\u201d betekent in het Schots, is een eerbetoon aan vrouwelijke elegantie en vakmanschap in haar puurste vorm. Ge\u00efnspireerd door de natuurlijke schoonheid van de Schotse eilanden, verrast het met zijn subtiliteit en lichte vorm - hoewel het gemaakt is van massief Japans acetaat, voelt het verrassend delicaat aan. De katachtige vorm accentueert de gelaatstrekken en geeft het een adellijke en zelfverzekerde uitstraling, terwijl de titanium veren in een witgouden tint zorgen voor een verfijnd sieraad.<\/p>\n<p data-start=\"757\" data-end=\"778\"><strong data-start=\"757\" data-end=\"776\">Detail en ontwerp<\/strong><\/p>\n<ul data-start=\"779\" data-end=\"1451\">\n<li data-start=\"779\" data-end=\"864\">\n<p data-start=\"781\" data-end=\"864\">Vorm: subtiel <em data-start=\"799\" data-end=\"808\">cat-eye<\/em> - vrouwelijk, licht gelift, geeft het gezicht een frisse uitstraling<\/p>\n<\/li>\n<li data-start=\"865\" data-end=\"962\">\n<p data-start=\"867\" data-end=\"962\">Montuur: in Japanse acetaatkleur <strong data-start=\"906\" data-end=\"923\">Kristalzwart<\/strong> - modern, helder en evenwichtig<\/p>\n<\/li>\n<li data-start=\"963\" data-end=\"1111\">\n<p data-start=\"965\" data-end=\"1111\">Oordopjes: titanium van kleur <strong data-start=\"995\" data-end=\"1009\">Wit goud<\/strong>, met een kenmerkend gegroefd element (<em data-start=\"1053\" data-end=\"1075\">rond kartelstuk<\/em>) en het systeem <em data-start=\"1088\" data-end=\"1109\">buisschroef met schroefdraad<\/em><\/p>\n<\/li>\n<li data-start=\"1112\" data-end=\"1247\">\n<p data-start=\"1114\" data-end=\"1247\">Lenzen: <strong data-start=\"1124\" data-end=\"1151\">Donkergrijs tot lichtgrijs<\/strong>, CR-39 met drielaagse antireflectiecoating - de perfecte balans tussen contrast en transparantie<\/p>\n<\/li>\n<li data-start=\"1248\" data-end=\"1338\">\n<p data-start=\"1250\" data-end=\"1338\">Gewicht: slechts 24 g - extreem lichtgewicht ontwerp voor de hele dag comfort<\/p>\n<\/li>\n<li data-start=\"1339\" data-end=\"1368\">\n<p data-start=\"1341\" data-end=\"1368\">Afmetingen: 49 \/ 19 - 142 mm<\/p>\n<\/li>\n<li data-start=\"1369\" data-end=\"1451\">\n<p data-start=\"1371\" data-end=\"1451\">Land van herkomst: Japan - garantie voor perfecte afwerking en vakmanschap van details<\/p>\n<\/li>\n<\/ul>","protected":false},"featured_media":2035,"template":"","meta":{"_acf_changed":false},"product_brand":[341],"product_cat":[32,30],"product_tag":[],"model":[],"class_list":{"0":"post-2034","1":"product","2":"type-product","3":"status-publish","4":"has-post-thumbnail","6":"product_brand-akoni","7":"product_cat-damskie","8":"product_cat-okulary-przeciwsloneczne","10":"first","11":"instock","12":"shipping-taxable","13":"purchasable","14":"product-type-simple"},"acf":[],"aioseo_notices":[],"_links":{"self":[{"href":"https:\/\/diukeyewear.nl\/nl\/wp-json\/wp\/v2\/product\/2034","targetHints":{"allow":["GET"]}}],"collection":[{"href":"https:\/\/diukeyewear.nl\/nl\/wp-json\/wp\/v2\/product"}],"about":[{"href":"https:\/\/diukeyewear.nl\/nl\/wp-json\/wp\/v2\/types\/product"}],"version-history":[{"count":1,"href":"https:\/\/diukeyewear.nl\/nl\/wp-json\/wp\/v2\/product\/2034\/revisions"}],"predecessor-version":[{"id":4918,"href":"https:\/\/diukeyewear.nl\/nl\/wp-json\/wp\/v2\/product\/2034\/revisions\/4918"}],"wp:featuredmedia":[{"embeddable":true,"href":"https:\/\/diukeyewear.nl\/nl\/wp-json\/wp\/v2\/media\/2035"}],"wp:attachment":[{"href":"https:\/\/diukeyewear.nl\/nl\/wp-json\/wp\/v2\/media?parent=2034"}],"wp:term":[{"taxonomy":"product_brand","embeddable":true,"href":"https:\/\/diukeyewear.nl\/nl\/wp-json\/wp\/v2\/product_brand?post=2034"},{"taxonomy":"product_cat","embeddable":true,"href":"https:\/\/diukeyewear.nl\/nl\/wp-json\/wp\/v2\/product_cat?post=2034"},{"taxonomy":"product_tag","embeddable":true,"href":"https:\/\/diukeyewear.nl\/nl\/wp-json\/wp\/v2\/product_tag?post=2034"},{"taxonomy":"model","embeddable":true,"href":"https:\/\/diukeyewear.nl\/nl\/wp-json\/wp\/v2\/model?post=2034"}],"curies":[{"name":"wp","href":"https:\/\/api.w.org\/{rel}","templated":true}]}}