{"id":2041,"date":"2025-10-09T10:18:49","date_gmt":"2025-10-09T08:18:49","guid":{"rendered":"https:\/\/www.diukoptyk.pl\/?post_type=product&#038;p=2041"},"modified":"2026-01-25T20:42:56","modified_gmt":"2026-01-25T19:42:56","slug":"akoni-iris-zwart","status":"publish","type":"product","link":"https:\/\/diukeyewear.nl\/nl\/produkt\/akoni-iris-black\/","title":{"rendered":"Akoni IRIS ZWART"},"content":{"rendered":"<p><strong data-start=\"1387\" data-end=\"1400\">Voor wie?<\/strong><br data-start=\"1400\" data-end=\"1403\" \/><strong data-start=\"1403\" data-end=\"1458\">Akoni Iris | Donker Kristal Grijs \/ Geborsteld Wit Goud<\/strong> to oprawa dla kobiet, kt\u00f3re \u0142\u0105cz\u0105 klas\u0119 z charakterem.<\/p>\n<p>Dla tych, kt\u00f3re wiedz\u0105, \u017ce si\u0142a nie potrzebuje krzyku \u2013 wystarczy spojrzenie, by przyci\u0105gn\u0105\u0107 uwag\u0119.<\/p>","protected":false},"excerpt":{"rendered":"<h3 data-start=\"209\" data-end=\"272\">Akoni - <strong data-start=\"221\" data-end=\"270\">Iris Donker Kristal Grijs \/ Geborsteld Wit Goud<\/strong><\/h3>\n<p data-start=\"274\" data-end=\"683\"><strong data-start=\"274\" data-end=\"312\">Zelfvertrouwen in elke look<\/strong><br data-start=\"312\" data-end=\"315\" \/>Model <strong data-start=\"321\" data-end=\"329\">Iris<\/strong> is een eigentijdse herinterpretatie van de subtiele katvorm, gecre\u00eberd voor vrouwen die waarde hechten aan elegantie, intelligentie en uitdrukkingskracht. In een tijdperk van online ontmoetingen en digitale aanwezigheid wordt dit montuur niet alleen een accessoire, maar een belangrijk stijlelement - het lift de gelaatstrekken, accentueert de jukbeenderen en geeft de look een geraffineerd zelfvertrouwen.<\/p>\n<p data-start=\"685\" data-end=\"706\"><strong data-start=\"685\" data-end=\"704\">Detail en ontwerp<\/strong><\/p>\n<ul data-start=\"707\" data-end=\"1385\">\n<li data-start=\"707\" data-end=\"805\">\n<p data-start=\"709\" data-end=\"805\">Vorm: delicaat <em data-start=\"728\" data-end=\"737\">cat-eye<\/em> met een verhoogde lenslijn - elegant en slankere gelaatstrekken<\/p>\n<\/li>\n<li data-start=\"806\" data-end=\"922\">\n<p data-start=\"808\" data-end=\"922\">Montuur: in Japanse acetaatkleur <strong data-start=\"847\" data-end=\"868\">Donker Kristalgrijs<\/strong> - transparant grafiet met een vleugje moderne subtiliteit<\/p>\n<\/li>\n<li data-start=\"923\" data-end=\"1092\">\n<p data-start=\"925\" data-end=\"1092\">Oordopjes: gemaakt van titanium in kleur <strong data-start=\"964\" data-end=\"986\">Geborsteld witgoud<\/strong>, met een kenmerkend gegroefd element (<em data-start=\"1031\" data-end=\"1056\">gekarteld rond onderdeel<\/em>) en het systeem <em data-start=\"1069\" data-end=\"1090\">buisschroef met schroefdraad<\/em><\/p>\n<\/li>\n<li data-start=\"1093\" data-end=\"1184\">\n<p data-start=\"1095\" data-end=\"1184\">Lenzen: <strong data-start=\"1105\" data-end=\"1126\">Lichte olijf CR-39<\/strong>, 4-basis - lichtgewicht, natuurlijk contrast, met UV-bescherming<\/p>\n<\/li>\n<li data-start=\"1185\" data-end=\"1277\">\n<p data-start=\"1187\" data-end=\"1277\">Gewicht: net <strong data-start=\"1202\" data-end=\"1212\">22,8 g<\/strong> - Extreem lichtgewicht constructie voor de hele dag comfort<\/p>\n<\/li>\n<li data-start=\"1278\" data-end=\"1307\">\n<p data-start=\"1280\" data-end=\"1307\">Afmetingen: 54 \/ 16 - 142 mm<\/p>\n<\/li>\n<li data-start=\"1308\" data-end=\"1385\">\n<p data-start=\"1310\" data-end=\"1385\">Land van herkomst: Japan - hoogste kwaliteit afwerking en aandacht voor detail<\/p>\n<\/li>\n<\/ul>","protected":false},"featured_media":2042,"template":"","meta":{"_acf_changed":false},"product_brand":[341],"product_cat":[32,51],"product_tag":[],"model":[],"class_list":{"0":"post-2041","1":"product","2":"type-product","3":"status-publish","4":"has-post-thumbnail","6":"product_brand-akoni","7":"product_cat-damskie","8":"product_cat-okulary-korekcyjne","10":"first","11":"instock","12":"shipping-taxable","13":"purchasable","14":"product-type-simple"},"acf":[],"aioseo_notices":[],"_links":{"self":[{"href":"https:\/\/diukeyewear.nl\/nl\/wp-json\/wp\/v2\/product\/2041","targetHints":{"allow":["GET"]}}],"collection":[{"href":"https:\/\/diukeyewear.nl\/nl\/wp-json\/wp\/v2\/product"}],"about":[{"href":"https:\/\/diukeyewear.nl\/nl\/wp-json\/wp\/v2\/types\/product"}],"version-history":[{"count":1,"href":"https:\/\/diukeyewear.nl\/nl\/wp-json\/wp\/v2\/product\/2041\/revisions"}],"predecessor-version":[{"id":4919,"href":"https:\/\/diukeyewear.nl\/nl\/wp-json\/wp\/v2\/product\/2041\/revisions\/4919"}],"wp:featuredmedia":[{"embeddable":true,"href":"https:\/\/diukeyewear.nl\/nl\/wp-json\/wp\/v2\/media\/2042"}],"wp:attachment":[{"href":"https:\/\/diukeyewear.nl\/nl\/wp-json\/wp\/v2\/media?parent=2041"}],"wp:term":[{"taxonomy":"product_brand","embeddable":true,"href":"https:\/\/diukeyewear.nl\/nl\/wp-json\/wp\/v2\/product_brand?post=2041"},{"taxonomy":"product_cat","embeddable":true,"href":"https:\/\/diukeyewear.nl\/nl\/wp-json\/wp\/v2\/product_cat?post=2041"},{"taxonomy":"product_tag","embeddable":true,"href":"https:\/\/diukeyewear.nl\/nl\/wp-json\/wp\/v2\/product_tag?post=2041"},{"taxonomy":"model","embeddable":true,"href":"https:\/\/diukeyewear.nl\/nl\/wp-json\/wp\/v2\/model?post=2041"}],"curies":[{"name":"wp","href":"https:\/\/api.w.org\/{rel}","templated":true}]}}