{"id":2046,"date":"2025-10-09T10:25:30","date_gmt":"2025-10-09T08:25:30","guid":{"rendered":"https:\/\/www.diukoptyk.pl\/?post_type=product&#038;p=2046"},"modified":"2026-02-20T21:22:37","modified_gmt":"2026-02-20T20:22:37","slug":"akoi-telesto-witgoud-geborsteld-53","status":"publish","type":"product","link":"https:\/\/diukeyewear.nl\/nl\/produkt\/akoi-telesto-brushed-white-gold-53\/","title":{"rendered":"Akoni TELESTO | GEBORST WIT GOUD (53)"},"content":{"rendered":"<p><strong data-start=\"1585\" data-end=\"1598\">Voor wie?<\/strong><br data-start=\"1598\" data-end=\"1601\" \/><strong data-start=\"1601\" data-end=\"1654\">Akoni Telesto | Geborsteld 12k Goud \/ Glanzend 12k Goud<\/strong> to oprawa dla os\u00f3b, kt\u00f3re patrz\u0105 dalej ni\u017c inni \u2013 z ambicj\u0105, wizj\u0105 i poczuciem stylu.<\/p>\n<p>Dla estet\u00f3w, kt\u00f3rzy ceni\u0105 nowoczesny luksus, techniczn\u0105 doskona\u0142o\u015b\u0107 i niepowtarzaln\u0105 form\u0119 inspirowan\u0105 kosmiczn\u0105 symetri\u0105.<\/p>","protected":false},"excerpt":{"rendered":"<h3 data-start=\"215\" data-end=\"276\">Akoni - <strong data-start=\"227\" data-end=\"274\">Telesto | Geborsteld 12k Goud \/ Glanzend 12k Goud<\/strong><\/h3>\n<p data-start=\"278\" data-end=\"773\"><strong data-start=\"278\" data-end=\"322\">Kosmische precisie. Aardse perfectie.<\/strong><br data-start=\"322\" data-end=\"325\" \/>Model <strong data-start=\"331\" data-end=\"342\">Telesto<\/strong>, vernoemd naar de maan van Saturnus, is een gedurfde, titaniumachtige setting. <em data-start=\"412\" data-end=\"423\">navigator<\/em> - combineert precisietechniek met een op het universum ge\u00efnspireerde esthetiek. De kenmerkende dubbele rand en contrasterende kapafwerkingen <strong data-start=\"582\" data-end=\"595\">12k goud<\/strong> cre\u00ebren een indruk van kracht, lichtheid en harmonie. Het is een model dat technisch vakmanschap en tijdloze stijl combineert en het oog aantrekt als licht dat weerkaatst wordt door een gouden baan.<\/p>\n<p data-start=\"775\" data-end=\"796\"><strong data-start=\"775\" data-end=\"794\">Detail en ontwerp<\/strong><\/p>\n<ul data-start=\"797\" data-end=\"1583\">\n<li data-start=\"797\" data-end=\"873\">\n<p data-start=\"799\" data-end=\"873\">Vorm: geometrisch <em data-start=\"821\" data-end=\"832\">navigator<\/em> met een kenmerkende, architecturale vorm<\/p>\n<\/li>\n<li data-start=\"874\" data-end=\"961\">\n<p data-start=\"876\" data-end=\"961\">Materiaal: volledig gemaakt van Japans titanium - lichtgewicht, duurzaam en tijdbestendig<\/p>\n<\/li>\n<li data-start=\"962\" data-end=\"1085\">\n<p data-start=\"964\" data-end=\"1085\">Constructie: dubbele rand (<em data-start=\"992\" data-end=\"1011\">ontwerp met dubbele rand<\/em>) met een gestructureerde bovenbrug en contrasterende scharnierafwerkingen<\/p>\n<\/li>\n<li data-start=\"1086\" data-end=\"1209\">\n<p data-start=\"1088\" data-end=\"1209\">Kleur: <strong data-start=\"1095\" data-end=\"1132\">Geborsteld 12k goud \/ Glanzend 12k goud<\/strong> - Combinatie van mat en glanzend goud voor maximale diepte en luxe<\/p>\n<\/li>\n<li data-start=\"1210\" data-end=\"1332\">\n<p data-start=\"1212\" data-end=\"1332\">Frame: titanium, met kenmerkende groeven <em data-start=\"1265\" data-end=\"1280\">gekartelde Akoni<\/em> en nauwkeurig schroefsysteem <em data-start=\"1309\" data-end=\"1330\">buisschroef met schroefdraad<\/em><\/p>\n<\/li>\n<li data-start=\"1333\" data-end=\"1397\">\n<p data-start=\"1335\" data-end=\"1397\">Neusstukken: keramisch met flexibele armen met <em data-start=\"1380\" data-end=\"1395\">beta titanium<\/em><\/p>\n<\/li>\n<li data-start=\"1398\" data-end=\"1470\">\n<p data-start=\"1400\" data-end=\"1470\">Lenzen: transparant, voorbereid voor het aanbrengen van optische correcties<\/p>\n<\/li>\n<li data-start=\"1471\" data-end=\"1500\">\n<p data-start=\"1473\" data-end=\"1500\">Afmetingen: 53 \/ 16 - 142 mm<\/p>\n<\/li>\n<li data-start=\"1501\" data-end=\"1583\">\n<p data-start=\"1503\" data-end=\"1583\">Land van herkomst: Japan - meesterlijk vakmanschap en perfectie in elk detail<\/p>\n<\/li>\n<\/ul>","protected":false},"featured_media":2047,"template":"","meta":{"_acf_changed":false},"product_brand":[341],"product_cat":[32,37,51,35],"product_tag":[],"model":[],"class_list":{"0":"post-2046","1":"product","2":"type-product","3":"status-publish","4":"has-post-thumbnail","6":"product_brand-akoni","7":"product_cat-damskie","8":"product_cat-meskie","9":"product_cat-okulary-korekcyjne","10":"product_cat-unisex","12":"first","13":"outofstock","14":"shipping-taxable","15":"purchasable","16":"product-type-simple"},"acf":[],"aioseo_notices":[],"_links":{"self":[{"href":"https:\/\/diukeyewear.nl\/nl\/wp-json\/wp\/v2\/product\/2046","targetHints":{"allow":["GET"]}}],"collection":[{"href":"https:\/\/diukeyewear.nl\/nl\/wp-json\/wp\/v2\/product"}],"about":[{"href":"https:\/\/diukeyewear.nl\/nl\/wp-json\/wp\/v2\/types\/product"}],"version-history":[{"count":1,"href":"https:\/\/diukeyewear.nl\/nl\/wp-json\/wp\/v2\/product\/2046\/revisions"}],"predecessor-version":[{"id":4920,"href":"https:\/\/diukeyewear.nl\/nl\/wp-json\/wp\/v2\/product\/2046\/revisions\/4920"}],"wp:featuredmedia":[{"embeddable":true,"href":"https:\/\/diukeyewear.nl\/nl\/wp-json\/wp\/v2\/media\/2047"}],"wp:attachment":[{"href":"https:\/\/diukeyewear.nl\/nl\/wp-json\/wp\/v2\/media?parent=2046"}],"wp:term":[{"taxonomy":"product_brand","embeddable":true,"href":"https:\/\/diukeyewear.nl\/nl\/wp-json\/wp\/v2\/product_brand?post=2046"},{"taxonomy":"product_cat","embeddable":true,"href":"https:\/\/diukeyewear.nl\/nl\/wp-json\/wp\/v2\/product_cat?post=2046"},{"taxonomy":"product_tag","embeddable":true,"href":"https:\/\/diukeyewear.nl\/nl\/wp-json\/wp\/v2\/product_tag?post=2046"},{"taxonomy":"model","embeddable":true,"href":"https:\/\/diukeyewear.nl\/nl\/wp-json\/wp\/v2\/model?post=2046"}],"curies":[{"name":"wp","href":"https:\/\/api.w.org\/{rel}","templated":true}]}}