{"id":2090,"date":"2025-10-09T11:23:50","date_gmt":"2025-10-09T09:23:50","guid":{"rendered":"https:\/\/www.diukoptyk.pl\/?post_type=product&#038;p=2090"},"modified":"2026-01-25T20:42:57","modified_gmt":"2026-01-25T19:42:57","slug":"akoni-hercules-dark-crystal-grey","status":"publish","type":"product","link":"https:\/\/diukeyewear.nl\/nl\/produkt\/akoni-hercules-dark-crystal-grey\/","title":{"rendered":"Akoni HERCULES DONKER KRAALGRIJS"},"content":{"rendered":"<p data-start=\"1481\" data-end=\"1741\"><strong data-start=\"1481\" data-end=\"1494\">Voor wie?<\/strong><br data-start=\"1494\" data-end=\"1497\" \/><strong data-start=\"1497\" data-end=\"1563\">Akoni Hercules | Dark Crystal Grey \/ Crystal Grey Side Shields<\/strong> to oprawa dla m\u0119\u017cczyzn o silnej osobowo\u015bci i bezkompromisowym gu\u015bcie.<\/p>\n<p data-start=\"1481\" data-end=\"1741\">Dla tych, kt\u00f3rzy ceni\u0105 mocny styl, w\u0142osk\u0105 elegancj\u0119 i luksus zakl\u0119ty w formie \u2013 klasyka o filmowej duszy.<\/p>","protected":false},"excerpt":{"rendered":"<h3 data-start=\"228\" data-end=\"302\">Akoni - <strong data-start=\"240\" data-end=\"300\">Hercules | Dark Crystal Grey \/ Crystal Grey Side Shields<\/strong><\/h3>\n<p data-start=\"304\" data-end=\"724\"><strong data-start=\"304\" data-end=\"338\">Si\u0142a, styl i w\u0142oska elegancja.<\/strong><br data-start=\"338\" data-end=\"341\" \/>Model <strong data-start=\"347\" data-end=\"359\">Hercules<\/strong> to pot\u0119\u017cna, m\u0119ska oprawa o wyrazistym charakterze \u2013 inspirowana form\u0105 luksusowych zegark\u00f3w i magnetyzmem gwiazd w\u0142oskiego kina lat 60. Jej masywna konstrukcja z japo\u0144skiego acetatu przyci\u0105ga uwag\u0119, \u0142\u0105cz\u0105c mocne linie z subteln\u0105 gr\u0105 \u015bwiat\u0142a. Zintegrowane boczne os\u0142ony tworz\u0105 efekt g\u0142\u0119bi i struktury, a ca\u0142o\u015b\u0107 zachwyca perfekcj\u0105 wykonania i ponadczasow\u0105 charyzm\u0105.<\/p>\n<p data-start=\"726\" data-end=\"747\"><strong data-start=\"726\" data-end=\"745\">Detail en ontwerp<\/strong><\/p>\n<ul data-start=\"748\" data-end=\"1479\">\n<li data-start=\"748\" data-end=\"819\">\n<p data-start=\"750\" data-end=\"819\">Kszta\u0142t: du\u017cy, m\u0119ski <em data-start=\"771\" data-end=\"779\">vierkant<\/em> \u2013 z mocn\u0105 lini\u0105 i klasyczn\u0105 proporcj\u0105<\/p>\n<\/li>\n<li data-start=\"820\" data-end=\"938\">\n<p data-start=\"822\" data-end=\"938\">Kleur: <strong data-start=\"829\" data-end=\"850\">Donker Kristalgrijs<\/strong> z bocznymi os\u0142onami <strong data-start=\"871\" data-end=\"887\">Crystal Grey<\/strong> \u2013 wyrafinowany kontrast przezroczysto\u015bci i g\u0142\u0119bi<\/p>\n<\/li>\n<li data-start=\"939\" data-end=\"1004\">\n<p data-start=\"941\" data-end=\"1004\">Materia\u0142: japo\u0144ski acetat o g\u0142adkim, rze\u017abiarskim wyko\u0144czeniu<\/p>\n<\/li>\n<li data-start=\"1005\" data-end=\"1092\">\n<p data-start=\"1007\" data-end=\"1092\">Boczne os\u0142ony: wbudowane w struktur\u0119 ramy \u2013 tworz\u0105 wyj\u0105tkowy efekt faktury i koloru<\/p>\n<\/li>\n<li data-start=\"1093\" data-end=\"1173\">\n<p data-start=\"1095\" data-end=\"1173\">Zauszniki: solidne, z niestandardowym metalowym rdzeniem (<em data-start=\"1153\" data-end=\"1170\">draadkern op maat<\/em>)<\/p>\n<\/li>\n<li data-start=\"1174\" data-end=\"1314\">\n<p data-start=\"1176\" data-end=\"1314\">Lenzen: <strong data-start=\"1186\" data-end=\"1214\">Dark Grey Gradient CR-39<\/strong>, 4-base, z tr\u00f3jwarstwow\u0105 pow\u0142ok\u0105 antyrefleksyjn\u0105 \u2013 zapewniaj\u0105 idealny kontrast i komfort widzenia<\/p>\n<\/li>\n<li data-start=\"1315\" data-end=\"1344\">\n<p data-start=\"1317\" data-end=\"1344\">Afmetingen: 54 \/ 20 - 148 mm<\/p>\n<\/li>\n<li data-start=\"1345\" data-end=\"1413\">\n<p data-start=\"1347\" data-end=\"1413\">Waga: 58,2 g \u2013 stabilna, solidna konstrukcja o idealnym balansie<\/p>\n<\/li>\n<li data-start=\"1414\" data-end=\"1479\">\n<p data-start=\"1416\" data-end=\"1479\">Kraj pochodzenia: Japonia \u2013 precyzja i kunszt w ka\u017cdym detalu<\/p>\n<\/li>\n<\/ul>","protected":false},"featured_media":2094,"template":"","meta":{"_acf_changed":false},"product_brand":[341],"product_cat":[37,30],"product_tag":[],"model":[],"class_list":{"0":"post-2090","1":"product","2":"type-product","3":"status-publish","4":"has-post-thumbnail","6":"product_brand-akoni","7":"product_cat-meskie","8":"product_cat-okulary-przeciwsloneczne","10":"first","11":"instock","12":"shipping-taxable","13":"purchasable","14":"product-type-simple"},"acf":[],"aioseo_notices":[],"_links":{"self":[{"href":"https:\/\/diukeyewear.nl\/nl\/wp-json\/wp\/v2\/product\/2090","targetHints":{"allow":["GET"]}}],"collection":[{"href":"https:\/\/diukeyewear.nl\/nl\/wp-json\/wp\/v2\/product"}],"about":[{"href":"https:\/\/diukeyewear.nl\/nl\/wp-json\/wp\/v2\/types\/product"}],"version-history":[{"count":1,"href":"https:\/\/diukeyewear.nl\/nl\/wp-json\/wp\/v2\/product\/2090\/revisions"}],"predecessor-version":[{"id":4923,"href":"https:\/\/diukeyewear.nl\/nl\/wp-json\/wp\/v2\/product\/2090\/revisions\/4923"}],"wp:featuredmedia":[{"embeddable":true,"href":"https:\/\/diukeyewear.nl\/nl\/wp-json\/wp\/v2\/media\/2094"}],"wp:attachment":[{"href":"https:\/\/diukeyewear.nl\/nl\/wp-json\/wp\/v2\/media?parent=2090"}],"wp:term":[{"taxonomy":"product_brand","embeddable":true,"href":"https:\/\/diukeyewear.nl\/nl\/wp-json\/wp\/v2\/product_brand?post=2090"},{"taxonomy":"product_cat","embeddable":true,"href":"https:\/\/diukeyewear.nl\/nl\/wp-json\/wp\/v2\/product_cat?post=2090"},{"taxonomy":"product_tag","embeddable":true,"href":"https:\/\/diukeyewear.nl\/nl\/wp-json\/wp\/v2\/product_tag?post=2090"},{"taxonomy":"model","embeddable":true,"href":"https:\/\/diukeyewear.nl\/nl\/wp-json\/wp\/v2\/model?post=2090"}],"curies":[{"name":"wp","href":"https:\/\/api.w.org\/{rel}","templated":true}]}}