{"id":2103,"date":"2025-10-09T11:36:43","date_gmt":"2025-10-09T09:36:43","guid":{"rendered":"https:\/\/www.diukoptyk.pl\/?post_type=product&#038;p=2103"},"modified":"2026-01-25T20:42:57","modified_gmt":"2026-01-25T19:42:57","slug":"akoni-sagita-kristal-zwart","status":"publish","type":"product","link":"https:\/\/diukeyewear.nl\/nl\/produkt\/akoni-sagita-crystal-black\/","title":{"rendered":"Akoni SAGITA ZWART"},"content":{"rendered":"<p><strong data-start=\"1383\" data-end=\"1396\">Voor wie?<\/strong><br data-start=\"1396\" data-end=\"1399\" \/><strong data-start=\"1399\" data-end=\"1432\">Akoni Sagitta | Kristal Zwart<\/strong> to oprawa dla kobiet, kt\u00f3re \u0142\u0105cz\u0105 klasyk\u0119 z nowoczesno\u015bci\u0105.<\/p>\n<p>Dla tych, kt\u00f3re ceni\u0105 lekko\u015b\u0107, elegancj\u0119 i wyrazisty charakter \u2013 w spojrzeniu, kt\u00f3re nie potrzebuje s\u0142\u00f3w, by zosta\u0107 zapami\u0119tane.<\/p>","protected":false},"excerpt":{"rendered":"<h3 data-start=\"189\" data-end=\"230\">Akoni - <strong data-start=\"201\" data-end=\"228\">Sagitta | Kristal Zwart<\/strong><\/h3>\n<p data-start=\"232\" data-end=\"670\"><strong data-start=\"232\" data-end=\"299\">Vrouwelijkheid in een nieuwe dimensie. Lichtheid en kracht in \u00e9\u00e9n look.<\/strong><br data-start=\"299\" data-end=\"302\" \/>Model <strong data-start=\"308\" data-end=\"319\">Sagitta<\/strong> is een eigentijdse interpretatie van de iconische kattenvorm - gedurfd en toch sierlijk. De verbrede en licht verhoogde vorm accentueert subtiel de jukbeenderen en geeft het gezicht een frisse en jeugdige gloed. Het montuur is gemaakt van doorschijnend acetaat en combineert sensuele lichtheid met de precisie en het karakter die kenmerkend zijn voor het Japanse vakmanschap van Akoni.<\/p>\n<p data-start=\"672\" data-end=\"693\"><strong data-start=\"672\" data-end=\"691\">Detail en ontwerp<\/strong><\/p>\n<ul data-start=\"694\" data-end=\"1381\">\n<li data-start=\"694\" data-end=\"769\">\n<p data-start=\"696\" data-end=\"769\">Vorm: verbreed <em data-start=\"716\" data-end=\"725\">cat-eye<\/em> - modern, opbeurend en expressief<\/p>\n<\/li>\n<li data-start=\"770\" data-end=\"854\">\n<p data-start=\"772\" data-end=\"854\">Kleur: <strong data-start=\"779\" data-end=\"796\">Kristalzwart<\/strong> - doorschijnend zwart met uitzonderlijke diepte en elegantie<\/p>\n<\/li>\n<li data-start=\"855\" data-end=\"919\">\n<p data-start=\"857\" data-end=\"919\">Materiaal: Japans acetaat met een lichte, transparante structuur<\/p>\n<\/li>\n<li data-start=\"920\" data-end=\"1016\">\n<p data-start=\"922\" data-end=\"1016\">Scharnieren: titanium platen met systeem <em data-start=\"957\" data-end=\"978\">buisschroef met schroefdraad<\/em> - duurzaamheid en perfecte pasvorm<\/p>\n<\/li>\n<li data-start=\"1017\" data-end=\"1110\">\n<p data-start=\"1019\" data-end=\"1110\">Oorstukjes: in Japans acetaat met aangepaste metalen kern (<em data-start=\"1090\" data-end=\"1107\">draadkern op maat<\/em>)<\/p>\n<\/li>\n<li data-start=\"1111\" data-end=\"1166\">\n<p data-start=\"1113\" data-end=\"1166\">Neusstuk: voorgevormd voor comfort en stabiliteit<\/p>\n<\/li>\n<li data-start=\"1167\" data-end=\"1265\">\n<p data-start=\"1169\" data-end=\"1265\">Lenzen: <strong data-start=\"1179\" data-end=\"1200\">Lichte olijf CR-39<\/strong>, 4-basis - met natuurlijk contrast en subtiel warme tinten<\/p>\n<\/li>\n<li data-start=\"1266\" data-end=\"1282\">\n<p data-start=\"1268\" data-end=\"1282\">Gewicht: 44,7 g<\/p>\n<\/li>\n<li data-start=\"1283\" data-end=\"1312\">\n<p data-start=\"1285\" data-end=\"1312\">Afmetingen: 52 \/ 17 - 145 mm<\/p>\n<\/li>\n<li data-start=\"1313\" data-end=\"1381\">\n<p data-start=\"1315\" data-end=\"1381\">Land van herkomst: Japan - hoogste precisie en aandacht voor detail<\/p>\n<\/li>\n<\/ul>","protected":false},"featured_media":2104,"template":"","meta":{"_acf_changed":false},"product_brand":[341],"product_cat":[32,51],"product_tag":[],"model":[],"class_list":{"0":"post-2103","1":"product","2":"type-product","3":"status-publish","4":"has-post-thumbnail","6":"product_brand-akoni","7":"product_cat-damskie","8":"product_cat-okulary-korekcyjne","10":"first","11":"instock","12":"shipping-taxable","13":"purchasable","14":"product-type-simple"},"acf":[],"aioseo_notices":[],"_links":{"self":[{"href":"https:\/\/diukeyewear.nl\/nl\/wp-json\/wp\/v2\/product\/2103","targetHints":{"allow":["GET"]}}],"collection":[{"href":"https:\/\/diukeyewear.nl\/nl\/wp-json\/wp\/v2\/product"}],"about":[{"href":"https:\/\/diukeyewear.nl\/nl\/wp-json\/wp\/v2\/types\/product"}],"version-history":[{"count":1,"href":"https:\/\/diukeyewear.nl\/nl\/wp-json\/wp\/v2\/product\/2103\/revisions"}],"predecessor-version":[{"id":4925,"href":"https:\/\/diukeyewear.nl\/nl\/wp-json\/wp\/v2\/product\/2103\/revisions\/4925"}],"wp:featuredmedia":[{"embeddable":true,"href":"https:\/\/diukeyewear.nl\/nl\/wp-json\/wp\/v2\/media\/2104"}],"wp:attachment":[{"href":"https:\/\/diukeyewear.nl\/nl\/wp-json\/wp\/v2\/media?parent=2103"}],"wp:term":[{"taxonomy":"product_brand","embeddable":true,"href":"https:\/\/diukeyewear.nl\/nl\/wp-json\/wp\/v2\/product_brand?post=2103"},{"taxonomy":"product_cat","embeddable":true,"href":"https:\/\/diukeyewear.nl\/nl\/wp-json\/wp\/v2\/product_cat?post=2103"},{"taxonomy":"product_tag","embeddable":true,"href":"https:\/\/diukeyewear.nl\/nl\/wp-json\/wp\/v2\/product_tag?post=2103"},{"taxonomy":"model","embeddable":true,"href":"https:\/\/diukeyewear.nl\/nl\/wp-json\/wp\/v2\/model?post=2103"}],"curies":[{"name":"wp","href":"https:\/\/api.w.org\/{rel}","templated":true}]}}