{"id":2114,"date":"2025-10-09T11:56:02","date_gmt":"2025-10-09T09:56:02","guid":{"rendered":"https:\/\/www.diukoptyk.pl\/?post_type=product&#038;p=2114"},"modified":"2026-01-25T20:42:57","modified_gmt":"2026-01-25T19:42:57","slug":"akoni-solis-donkergrijs","status":"publish","type":"product","link":"https:\/\/diukeyewear.nl\/nl\/produkt\/akoni-solis-dark-grey\/","title":{"rendered":"Akoni SOLIS DONKER GRIJS"},"content":{"rendered":"<p><strong data-start=\"1622\" data-end=\"1635\">Voor wie?<\/strong><br data-start=\"1635\" data-end=\"1638\" \/><strong data-start=\"1638\" data-end=\"1699\">Akoni Solis | Palladium geborsteld zwart \/ Donkergrijs kristal<\/strong> to model dla tych, kt\u00f3rzy ceni\u0105 minimalizm i techniczne pi\u0119kno.<\/p>\n<p>Dla indywidualist\u00f3w, kt\u00f3rzy wiedz\u0105, \u017ce prawdziwy luksus tkwi w prostocie \u2013 w proporcjach, \u015bwietle i detalu.<\/p>","protected":false},"excerpt":{"rendered":"<h3 data-start=\"230\" data-end=\"299\">Akoni - <strong data-start=\"242\" data-end=\"297\">Solis | Palladium geborsteld zwart \/ donkergrijs kristal<\/strong><\/h3>\n<p data-start=\"301\" data-end=\"750\"><strong data-start=\"301\" data-end=\"344\">Licht. Structuur. Perfecte harmonie.<\/strong><br data-start=\"344\" data-end=\"347\" \/>Model <strong data-start=\"353\" data-end=\"362\">Solis<\/strong> is een eigentijdse interpretatie van de klassieker <em data-start=\"404\" data-end=\"416\">navigator<\/em>, waarin precisie en elegantie elkaar ontmoeten. De combinatie van Japans acetaat en titanium cre\u00ebert een ontwerp van uitzonderlijke lichtheid en balans, terwijl het subtiele effect van de <em data-start=\"573\" data-end=\"582\">d\u00e9grad\u00e9<\/em> op de glazen benadrukt het moderne karakter van het ontwerp. Het is een montuur ontworpen voor diegenen die op zoek zijn naar een rustige vorm en technische perfectie in elk detail.<\/p>\n<p data-start=\"752\" data-end=\"773\"><strong data-start=\"752\" data-end=\"771\">Detail en ontwerp<\/strong><\/p>\n<ul data-start=\"774\" data-end=\"1620\">\n<li data-start=\"774\" data-end=\"860\">\n<p data-start=\"776\" data-end=\"860\">Vorm: modern <em data-start=\"796\" data-end=\"807\">navigator<\/em> met evenwichtige proporties en architecturale lijnen<\/p>\n<\/li>\n<li data-start=\"861\" data-end=\"988\">\n<p data-start=\"863\" data-end=\"988\">Kleur: <strong data-start=\"870\" data-end=\"917\">Palladium geborsteld zwart \/ donkergrijs kristal<\/strong> - elegante combinatie van mat metaal en doorschijnend acetaat<\/p>\n<\/li>\n<li data-start=\"989\" data-end=\"1099\">\n<p data-start=\"991\" data-end=\"1099\">Frame: Japans acetaat voorkant, aangevuld met titanium constructie voor maximale stabiliteit en lichtheid<\/p>\n<\/li>\n<li data-start=\"1100\" data-end=\"1222\">\n<p data-start=\"1102\" data-end=\"1222\">Oorkussens: verstelbaar, in Japans titanium - afgewerkt met precisietips en schroefsysteem <em data-start=\"1199\" data-end=\"1220\">buisschroef met schroefdraad<\/em><\/p>\n<\/li>\n<li data-start=\"1223\" data-end=\"1315\">\n<p data-start=\"1225\" data-end=\"1315\">Neusstukken: keramisch, met flexibele armen met <em data-start=\"1271\" data-end=\"1286\">beta titanium<\/em> en metallic afwerking<\/p>\n<\/li>\n<li data-start=\"1316\" data-end=\"1461\">\n<p data-start=\"1318\" data-end=\"1461\">Lenzen: <strong data-start=\"1328\" data-end=\"1351\">CR-39 met hoog contrast<\/strong>, 4-basis, cat 2, met drielaagse antireflecterende coating - voor optimaal contrast en visueel comfort<\/p>\n<\/li>\n<li data-start=\"1462\" data-end=\"1511\">\n<p data-start=\"1464\" data-end=\"1511\">Gewicht: 39,3 g - lichtgewicht maar robuust ontwerp<\/p>\n<\/li>\n<li data-start=\"1512\" data-end=\"1541\">\n<p data-start=\"1514\" data-end=\"1541\">Afmetingen: 51 \/ 21 - 152 mm<\/p>\n<\/li>\n<li data-start=\"1542\" data-end=\"1620\">\n<p data-start=\"1544\" data-end=\"1620\">Land van herkomst: Japan - meesterlijke precisie en vakmanschap<\/p>\n<\/li>\n<\/ul>","protected":false},"featured_media":2115,"template":"","meta":{"_acf_changed":false},"product_brand":[341],"product_cat":[32,37,30,35],"product_tag":[],"model":[],"class_list":{"0":"post-2114","1":"product","2":"type-product","3":"status-publish","4":"has-post-thumbnail","6":"product_brand-akoni","7":"product_cat-damskie","8":"product_cat-meskie","9":"product_cat-okulary-przeciwsloneczne","10":"product_cat-unisex","12":"first","13":"instock","14":"shipping-taxable","15":"purchasable","16":"product-type-simple"},"acf":[],"aioseo_notices":[],"_links":{"self":[{"href":"https:\/\/diukeyewear.nl\/nl\/wp-json\/wp\/v2\/product\/2114","targetHints":{"allow":["GET"]}}],"collection":[{"href":"https:\/\/diukeyewear.nl\/nl\/wp-json\/wp\/v2\/product"}],"about":[{"href":"https:\/\/diukeyewear.nl\/nl\/wp-json\/wp\/v2\/types\/product"}],"version-history":[{"count":1,"href":"https:\/\/diukeyewear.nl\/nl\/wp-json\/wp\/v2\/product\/2114\/revisions"}],"predecessor-version":[{"id":4927,"href":"https:\/\/diukeyewear.nl\/nl\/wp-json\/wp\/v2\/product\/2114\/revisions\/4927"}],"wp:featuredmedia":[{"embeddable":true,"href":"https:\/\/diukeyewear.nl\/nl\/wp-json\/wp\/v2\/media\/2115"}],"wp:attachment":[{"href":"https:\/\/diukeyewear.nl\/nl\/wp-json\/wp\/v2\/media?parent=2114"}],"wp:term":[{"taxonomy":"product_brand","embeddable":true,"href":"https:\/\/diukeyewear.nl\/nl\/wp-json\/wp\/v2\/product_brand?post=2114"},{"taxonomy":"product_cat","embeddable":true,"href":"https:\/\/diukeyewear.nl\/nl\/wp-json\/wp\/v2\/product_cat?post=2114"},{"taxonomy":"product_tag","embeddable":true,"href":"https:\/\/diukeyewear.nl\/nl\/wp-json\/wp\/v2\/product_tag?post=2114"},{"taxonomy":"model","embeddable":true,"href":"https:\/\/diukeyewear.nl\/nl\/wp-json\/wp\/v2\/model?post=2114"}],"curies":[{"name":"wp","href":"https:\/\/api.w.org\/{rel}","templated":true}]}}