{"id":2781,"date":"2025-10-14T13:41:34","date_gmt":"2025-10-14T11:41:34","guid":{"rendered":"https:\/\/www.diukoptyk.pl\/?post_type=product&#038;p=2781"},"modified":"2026-03-06T15:12:33","modified_gmt":"2026-03-06T14:12:33","slug":"jacques-marie-mage-alin-black","status":"publish","type":"product","link":"https:\/\/diukeyewear.nl\/nl\/produkt\/jacques-marie-mage-alin-black\/","title":{"rendered":"Jacques Marie Mage ALIN | ZWART"},"content":{"rendered":"<p><strong data-start=\"1713\" data-end=\"1726\">Voor wie:<\/strong><br data-start=\"1726\" data-end=\"1729\" \/>Dla os\u00f3b o <strong data-start=\"1740\" data-end=\"1784\">pewnej siebie, minimalistycznej estetyce<\/strong>, kt\u00f3re szukaj\u0105 okular\u00f3w stanowi\u0105cych <strong data-start=\"1822\" data-end=\"1875\">po\u0142\u0105czenie dyscypliny formy i luksusowej precyzji<\/strong>. Jacques Marie Mage <strong data-start=\"1896\" data-end=\"1910\">Alin Black<\/strong> to wyb\u00f3r koneser\u00f3w \u2013 ponadczasowy, mocny i pe\u0142en subtelnej elegancji.<\/p>","protected":false},"excerpt":{"rendered":"<h3 data-start=\"0\" data-end=\"43\"><strong data-start=\"4\" data-end=\"41\">Jacques Marie Mage \u2013 ALIN | BLACK<\/strong><\/h3>\n<p data-start=\"44\" data-end=\"79\"><strong data-start=\"44\" data-end=\"77\">Beperkte oplage - 500 stuks<\/strong><\/p>\n<p data-start=\"81\" data-end=\"467\">Model <strong data-start=\"87\" data-end=\"111\">Alin w kolorze Black<\/strong> to ho\u0142d dla ponadczasowej elegancji w najbardziej wyrafinowanej formie. Inspirowany latami 50., \u0142\u0105czy w sobie <strong data-start=\"222\" data-end=\"255\">mocn\u0105 lini\u0119 brwiow\u0105 z acetatu<\/strong> z <strong data-start=\"258\" data-end=\"307\">precyzyjnie grawerowanym tytanowym szkieletem<\/strong>, tworz\u0105c klasyczn\u0105, a zarazem nowoczesn\u0105 sylwetk\u0119. To oprawa, kt\u00f3ra m\u00f3wi wi\u0119cej poprzez detale ni\u017c przez przepych \u2014 surowa, dostojna i perfekcyjnie wywa\u017cona.<\/p>\n<h3 data-start=\"469\" data-end=\"500\"><strong data-start=\"473\" data-end=\"498\">Crafted to Perfection<\/strong><\/h3>\n<p data-start=\"501\" data-end=\"959\">Ka\u017cdy element modelu <strong data-start=\"522\" data-end=\"536\">Alin Black<\/strong> jest wyrazem mistrzowskiego rzemios\u0142a. <strong data-start=\"576\" data-end=\"619\">Zauszniki z tytanu w odcieniu Moon Gold<\/strong> z r\u0119cznym grawerem, <strong data-start=\"640\" data-end=\"686\">solidny zawias monoblock z motywem strza\u0142y<\/strong> en <strong data-start=\"692\" data-end=\"743\">indywidualne noski z logo i delikatnym grawerem<\/strong> tworz\u0105 harmonijn\u0105 ca\u0142o\u015b\u0107, w kt\u00f3rej pi\u0119kno idzie w parze z funkcjonalno\u015bci\u0105. <strong data-start=\"820\" data-end=\"842\">Soczewki Azul CR39<\/strong> zapewniaj\u0105 pe\u0142n\u0105 ochron\u0119 UV i pow\u0142ok\u0119 antyrefleksyjn\u0105, oferuj\u0105c czysty, komfortowy obraz i subtelny akcent koloru.<\/p>\n<p data-start=\"961\" data-end=\"1139\">Het is <strong data-start=\"964\" data-end=\"1019\">spektakularne po\u0142\u0105czenie precyzji, stylu i komfortu<\/strong>, kt\u00f3re uciele\u015bnia filozofi\u0119 Jacques Marie Mage \u2013 tworzenia przedmiot\u00f3w trwa\u0142ych, unikatowych i bezb\u0142\u0119dnie wykonanych.<\/p>\n<hr data-start=\"1141\" data-end=\"1144\" \/>\n<p data-start=\"1146\" data-end=\"1171\"><strong data-start=\"1146\" data-end=\"1169\">Details en uitvoering:<\/strong><\/p>\n<ul data-start=\"1172\" data-end=\"1706\">\n<li data-start=\"1172\" data-end=\"1219\">\n<p data-start=\"1174\" data-end=\"1219\"><strong data-start=\"1174\" data-end=\"1185\">Type:<\/strong> unisex zonnebril<\/p>\n<\/li>\n<li data-start=\"1220\" data-end=\"1278\">\n<p data-start=\"1222\" data-end=\"1278\"><strong data-start=\"1222\" data-end=\"1234\">Vorm:<\/strong> klasyczny browline z nowoczesnym profilem<\/p>\n<\/li>\n<li data-start=\"1279\" data-end=\"1337\">\n<p data-start=\"1281\" data-end=\"1337\"><strong data-start=\"1281\" data-end=\"1291\">Kleur:<\/strong> Black \u2013 g\u0142\u0119boka czer\u0144 z akcentami Moon Gold<\/p>\n<\/li>\n<li data-start=\"1338\" data-end=\"1403\">\n<p data-start=\"1340\" data-end=\"1403\"><strong data-start=\"1340\" data-end=\"1353\">Materiaal:<\/strong> 100% beta tytan + 10 mm cured cellulose acetate<\/p>\n<\/li>\n<li data-start=\"1404\" data-end=\"1550\">\n<p data-start=\"1406\" data-end=\"1424\"><strong data-start=\"1406\" data-end=\"1422\">Afwerking:<\/strong><\/p>\n<ul data-start=\"1427\" data-end=\"1550\">\n<li data-start=\"1427\" data-end=\"1466\">\n<p data-start=\"1429\" data-end=\"1466\">Moon Gold engraved titanium temples<\/p>\n<\/li>\n<li data-start=\"1469\" data-end=\"1498\">\n<p data-start=\"1471\" data-end=\"1498\">Arrowhead monoblock hinge<\/p>\n<\/li>\n<li data-start=\"1501\" data-end=\"1550\">\n<p data-start=\"1503\" data-end=\"1550\">Custom nose pads z logo i grawerem <em data-start=\"1538\" data-end=\"1548\">haarlijn<\/em><\/p>\n<\/li>\n<\/ul>\n<\/li>\n<li data-start=\"1551\" data-end=\"1612\">\n<p data-start=\"1553\" data-end=\"1612\"><strong data-start=\"1553\" data-end=\"1566\">Lenzen:<\/strong> Azul CR39, 4-base z pow\u0142ok\u0105 antyrefleksyjn\u0105<\/p>\n<\/li>\n<li data-start=\"1613\" data-end=\"1637\">\n<p data-start=\"1615\" data-end=\"1637\"><strong data-start=\"1615\" data-end=\"1627\">Beveiliging:<\/strong> 100% UV<\/p>\n<\/li>\n<li data-start=\"1638\" data-end=\"1671\">\n<p data-start=\"1640\" data-end=\"1671\"><strong data-start=\"1640\" data-end=\"1661\">Land van herkomst:<\/strong> Japan<\/p>\n<\/li>\n<li data-start=\"1672\" data-end=\"1706\">\n<p data-start=\"1674\" data-end=\"1706\"><strong data-start=\"1674\" data-end=\"1688\">Beperking:<\/strong> 500 exemplaren<\/p>\n<\/li>\n<\/ul>","protected":false},"featured_media":2786,"template":"","meta":{"_acf_changed":false},"product_brand":[82],"product_cat":[32,37,30,35],"product_tag":[],"model":[352],"class_list":{"0":"post-2781","1":"product","2":"type-product","3":"status-publish","4":"has-post-thumbnail","6":"product_brand-jacques-marie-mage","7":"product_cat-damskie","8":"product_cat-meskie","9":"product_cat-okulary-przeciwsloneczne","10":"product_cat-unisex","11":"model-alin","13":"first","14":"instock","15":"shipping-taxable","16":"purchasable","17":"product-type-simple"},"acf":[],"aioseo_notices":[],"_links":{"self":[{"href":"https:\/\/diukeyewear.nl\/nl\/wp-json\/wp\/v2\/product\/2781","targetHints":{"allow":["GET"]}}],"collection":[{"href":"https:\/\/diukeyewear.nl\/nl\/wp-json\/wp\/v2\/product"}],"about":[{"href":"https:\/\/diukeyewear.nl\/nl\/wp-json\/wp\/v2\/types\/product"}],"version-history":[{"count":2,"href":"https:\/\/diukeyewear.nl\/nl\/wp-json\/wp\/v2\/product\/2781\/revisions"}],"predecessor-version":[{"id":4373,"href":"https:\/\/diukeyewear.nl\/nl\/wp-json\/wp\/v2\/product\/2781\/revisions\/4373"}],"wp:featuredmedia":[{"embeddable":true,"href":"https:\/\/diukeyewear.nl\/nl\/wp-json\/wp\/v2\/media\/2786"}],"wp:attachment":[{"href":"https:\/\/diukeyewear.nl\/nl\/wp-json\/wp\/v2\/media?parent=2781"}],"wp:term":[{"taxonomy":"product_brand","embeddable":true,"href":"https:\/\/diukeyewear.nl\/nl\/wp-json\/wp\/v2\/product_brand?post=2781"},{"taxonomy":"product_cat","embeddable":true,"href":"https:\/\/diukeyewear.nl\/nl\/wp-json\/wp\/v2\/product_cat?post=2781"},{"taxonomy":"product_tag","embeddable":true,"href":"https:\/\/diukeyewear.nl\/nl\/wp-json\/wp\/v2\/product_tag?post=2781"},{"taxonomy":"model","embeddable":true,"href":"https:\/\/diukeyewear.nl\/nl\/wp-json\/wp\/v2\/model?post=2781"}],"curies":[{"name":"wp","href":"https:\/\/api.w.org\/{rel}","templated":true}]}}