{"id":2800,"date":"2025-10-14T13:56:32","date_gmt":"2025-10-14T11:56:32","guid":{"rendered":"https:\/\/www.diukoptyk.pl\/?post_type=product&#038;p=2800"},"modified":"2026-03-06T15:12:33","modified_gmt":"2026-03-06T14:12:33","slug":"jacques-marie-mage-aspen-black","status":"publish","type":"product","link":"https:\/\/diukeyewear.nl\/nl\/produkt\/jacques-marie-mage-aspen-black\/","title":{"rendered":"Jacques Marie Mage ASPEN | ZWART"},"content":{"rendered":"<p><strong data-start=\"1586\" data-end=\"1599\">Voor wie:<\/strong><br data-start=\"1599\" data-end=\"1602\" \/>Dla os\u00f3b o <strong data-start=\"1613\" data-end=\"1658\">niezale\u017cnym duchu i silnym poczuciu stylu<\/strong>, kt\u00f3re ceni\u0105 <strong data-start=\"1672\" data-end=\"1718\">sportow\u0105 elegancj\u0119 i nowoczesny minimalizm<\/strong>. Jacques Marie Mage <strong data-start=\"1739\" data-end=\"1754\">Aspen Black<\/strong> to okulary stworzone dla tych, kt\u00f3rzy \u017cyj\u0105 pe\u0142ni\u0105 \u017cycia \u2013 tam, gdzie powietrze jest rzadkie, a widok niezapomniany.<\/p>","protected":false},"excerpt":{"rendered":"<h3 data-start=\"0\" data-end=\"44\"><strong data-start=\"4\" data-end=\"42\">Jacques Marie Mage \u2013 ASPEN | BLACK<\/strong><\/h3>\n<p data-start=\"45\" data-end=\"86\"><strong data-start=\"45\" data-end=\"84\">Limitowana edycja \u2013 150 egzemplarzy<\/strong><\/p>\n<p data-start=\"88\" data-end=\"447\">Model <strong data-start=\"94\" data-end=\"109\">Aspen Black<\/strong> to ho\u0142d dla wolno\u015bci, pr\u0119dko\u015bci i majestatu g\u00f3r. Inspirowany duchem sport\u00f3w zimowych i adrenalin\u0105 p\u0142yn\u0105c\u0105 z czystego g\u00f3rskiego powietrza, ten model \u0142\u0105czy w sobie <strong data-start=\"272\" data-end=\"339\">si\u0142\u0119 i elegancj\u0119 klasycznych \u201eshooter-style\u201d okular\u00f3w z lat 60.<\/strong>, reinterpretowanych z charakterystyczn\u0105 dla Jacques Marie Mage precyzj\u0105 i luksusowym wyczuciem materia\u0142u.<\/p>\n<p data-start=\"449\" data-end=\"714\">Wykonany w ca\u0142o\u015bci z <strong data-start=\"470\" data-end=\"524\">czarnego tytanu klasy premium (100% beta-titanium)<\/strong>, model uzupe\u0142niono o <strong data-start=\"546\" data-end=\"587\">matowe akcenty z utwardzanego acetatu<\/strong> na g\u00f3rnej belce i zausznikach, tworz\u0105c wyj\u0105tkowy kontrast pomi\u0119dzy lekko\u015bci\u0105 metalu a ciep\u0142em r\u0119cznie wyko\u0144czonego tworzywa.<\/p>\n<p data-start=\"716\" data-end=\"963\">Lenzen <strong data-start=\"725\" data-end=\"754\">Dark Sunset Gradient CR39<\/strong> nie tylko nadaj\u0105 g\u0142\u0119bi i nastrojowo\u015bci spojrzeniu, ale tak\u017ce oferuj\u0105 <strong data-start=\"824\" data-end=\"844\">volledige UV-bescherming<\/strong> i pow\u0142ok\u0119 antyrefleksyjn\u0105 od wewn\u0105trz. To okulary stworzone do ekspresji \u2013 od alpejskich stok\u00f3w po miejskie szczyty.<\/p>\n<hr data-start=\"965\" data-end=\"968\" \/>\n<p data-start=\"970\" data-end=\"995\"><strong data-start=\"970\" data-end=\"993\">Details en uitvoering:<\/strong><\/p>\n<ul data-start=\"996\" data-end=\"1579\">\n<li data-start=\"996\" data-end=\"1043\">\n<p data-start=\"998\" data-end=\"1043\"><strong data-start=\"998\" data-end=\"1009\">Type:<\/strong> unisex zonnebril<\/p>\n<\/li>\n<li data-start=\"1044\" data-end=\"1109\">\n<p data-start=\"1046\" data-end=\"1109\"><strong data-start=\"1046\" data-end=\"1058\">Vorm:<\/strong> klasyczny <em data-start=\"1069\" data-end=\"1084\">shooter style<\/em> inspirowany latami 60.<\/p>\n<\/li>\n<li data-start=\"1110\" data-end=\"1168\">\n<p data-start=\"1112\" data-end=\"1168\"><strong data-start=\"1112\" data-end=\"1122\">Kleur:<\/strong> Black \u2013 czarny tytan i matowy czarny acetat<\/p>\n<\/li>\n<li data-start=\"1169\" data-end=\"1231\">\n<p data-start=\"1171\" data-end=\"1231\"><strong data-start=\"1171\" data-end=\"1184\">Materiaal:<\/strong> 100% beta titanium + cured cellulose acetate<\/p>\n<\/li>\n<li data-start=\"1232\" data-end=\"1389\">\n<p data-start=\"1234\" data-end=\"1252\"><strong data-start=\"1234\" data-end=\"1250\">Afwerking:<\/strong><\/p>\n<ul data-start=\"1255\" data-end=\"1389\">\n<li data-start=\"1255\" data-end=\"1286\">\n<p data-start=\"1257\" data-end=\"1286\">Custom Black titanium hinge<\/p>\n<\/li>\n<li data-start=\"1289\" data-end=\"1340\">\n<p data-start=\"1291\" data-end=\"1340\">Matte Black acetate bridge accent i temple tips<\/p>\n<\/li>\n<li data-start=\"1343\" data-end=\"1389\">\n<p data-start=\"1345\" data-end=\"1389\">Nose pads z logo JMM i grawerem <em data-start=\"1377\" data-end=\"1387\">haarlijn<\/em><\/p>\n<\/li>\n<\/ul>\n<\/li>\n<li data-start=\"1390\" data-end=\"1479\">\n<p data-start=\"1392\" data-end=\"1479\"><strong data-start=\"1392\" data-end=\"1405\">Lenzen:<\/strong> Dark Sunset Gradient CR39, 2-base z pow\u0142ok\u0105 antyrefleksyjn\u0105 od wewn\u0105trz<\/p>\n<\/li>\n<li data-start=\"1480\" data-end=\"1504\">\n<p data-start=\"1482\" data-end=\"1504\"><strong data-start=\"1482\" data-end=\"1494\">Beveiliging:<\/strong> 100% UV<\/p>\n<\/li>\n<li data-start=\"1505\" data-end=\"1544\">\n<p data-start=\"1507\" data-end=\"1544\"><strong data-start=\"1507\" data-end=\"1521\">Vakmanschap:<\/strong> Handgemaakt in Japan<\/p>\n<\/li>\n<li data-start=\"1545\" data-end=\"1579\">\n<p data-start=\"1547\" data-end=\"1579\"><strong data-start=\"1547\" data-end=\"1561\">Beperking:<\/strong> 150 egzemplarzy<\/p>\n<\/li>\n<\/ul>","protected":false},"featured_media":2816,"template":"","meta":{"_acf_changed":false},"product_brand":[82],"product_cat":[37,30,35],"product_tag":[],"model":[364],"class_list":{"0":"post-2800","1":"product","2":"type-product","3":"status-publish","4":"has-post-thumbnail","6":"product_brand-jacques-marie-mage","7":"product_cat-meskie","8":"product_cat-okulary-przeciwsloneczne","9":"product_cat-unisex","10":"model-aspen","12":"first","13":"outofstock","14":"shipping-taxable","15":"purchasable","16":"product-type-simple"},"acf":[],"aioseo_notices":[],"_links":{"self":[{"href":"https:\/\/diukeyewear.nl\/nl\/wp-json\/wp\/v2\/product\/2800","targetHints":{"allow":["GET"]}}],"collection":[{"href":"https:\/\/diukeyewear.nl\/nl\/wp-json\/wp\/v2\/product"}],"about":[{"href":"https:\/\/diukeyewear.nl\/nl\/wp-json\/wp\/v2\/types\/product"}],"version-history":[{"count":1,"href":"https:\/\/diukeyewear.nl\/nl\/wp-json\/wp\/v2\/product\/2800\/revisions"}],"predecessor-version":[{"id":4453,"href":"https:\/\/diukeyewear.nl\/nl\/wp-json\/wp\/v2\/product\/2800\/revisions\/4453"}],"wp:featuredmedia":[{"embeddable":true,"href":"https:\/\/diukeyewear.nl\/nl\/wp-json\/wp\/v2\/media\/2816"}],"wp:attachment":[{"href":"https:\/\/diukeyewear.nl\/nl\/wp-json\/wp\/v2\/media?parent=2800"}],"wp:term":[{"taxonomy":"product_brand","embeddable":true,"href":"https:\/\/diukeyewear.nl\/nl\/wp-json\/wp\/v2\/product_brand?post=2800"},{"taxonomy":"product_cat","embeddable":true,"href":"https:\/\/diukeyewear.nl\/nl\/wp-json\/wp\/v2\/product_cat?post=2800"},{"taxonomy":"product_tag","embeddable":true,"href":"https:\/\/diukeyewear.nl\/nl\/wp-json\/wp\/v2\/product_tag?post=2800"},{"taxonomy":"model","embeddable":true,"href":"https:\/\/diukeyewear.nl\/nl\/wp-json\/wp\/v2\/model?post=2800"}],"curies":[{"name":"wp","href":"https:\/\/api.w.org\/{rel}","templated":true}]}}