{"id":3047,"date":"2025-10-15T11:53:21","date_gmt":"2025-10-15T09:53:21","guid":{"rendered":"https:\/\/www.diukoptyk.pl\/?post_type=product&#038;p=3047"},"modified":"2026-01-25T20:43:21","modified_gmt":"2026-01-25T19:43:21","slug":"salt-kiani-tropical-flower","status":"publish","type":"product","link":"https:\/\/diukeyewear.nl\/nl\/produkt\/salt-kiani-tropical-flower\/","title":{"rendered":"SALT. KIANI | TROPICAL FLOWER"},"content":{"rendered":"<p><strong data-start=\"1588\" data-end=\"1601\">Voor wie:<\/strong><br data-start=\"1601\" data-end=\"1604\" \/>Voor degenen die <strong data-start=\"1626\" data-end=\"1659\">klasyk\u0119 w nowoczesnym wydaniu<\/strong> \u2013 lekko\u015b\u0107, wygod\u0119 i perfekcyjny detal.<br data-start=\"1698\" data-end=\"1701\" \/>Model <strong data-start=\"1707\" data-end=\"1716\">Kiani<\/strong> to propozycja dla tych, kt\u00f3rzy dostrzegaj\u0105 r\u00f3\u017cnic\u0119 mi\u0119dzy mod\u0105 a rzemios\u0142em.<\/p>","protected":false},"excerpt":{"rendered":"<h3 data-start=\"0\" data-end=\"38\"><strong data-start=\"4\" data-end=\"36\">KIANI \u2013 Handcrafted in Japan<\/strong><\/h3>\n<p data-start=\"39\" data-end=\"83\"><strong data-start=\"39\" data-end=\"81\">Subtelna elegancja w klasycznej formie<\/strong><\/p>\n<p data-start=\"85\" data-end=\"395\">Model <strong data-start=\"91\" data-end=\"100\">Kiani<\/strong> to uk\u0142on w stron\u0119 ponadczasowej estetyki \u2013 po\u0142\u0105czenie <strong data-start=\"155\" data-end=\"200\">delikatnego profilu, klasycznego kszta\u0142tu<\/strong> i japo\u0144skiego rzemios\u0142a najwy\u017cszej pr\u00f3by. Projekt odchodzi od masywnego acetatu na rzecz <strong data-start=\"290\" data-end=\"329\">l\u017cejszej, wyrafinowanej konstrukcji<\/strong>, kt\u00f3ra \u0142\u0105czy nowoczesny minimalizm z perfekcyjnym dopasowaniem.<\/p>\n<p data-start=\"397\" data-end=\"690\">R\u0119cznie wykonane w Japonii, te oprawki s\u0105 dowodem na to, \u017ce prawdziwy luksus tkwi w precyzji i proporcji. Ka\u017cdy element \u2013 od <strong data-start=\"522\" data-end=\"553\">r\u0119cznie nitowanych zawias\u00f3w<\/strong>, po <strong data-start=\"558\" data-end=\"596\">specjalnie dobran\u0105 grubo\u015b\u0107 acetatu<\/strong> \u2013 zosta\u0142 zaprojektowany, by zapewni\u0107 <strong data-start=\"634\" data-end=\"687\">komfort noszenia, trwa\u0142o\u015b\u0107 i optyczn\u0105 doskona\u0142o\u015b\u0107<\/strong>.<\/p>\n<hr data-start=\"692\" data-end=\"695\" \/>\n<p data-start=\"697\" data-end=\"722\"><strong data-start=\"697\" data-end=\"720\">Details en uitvoering:<\/strong><\/p>\n<ul data-start=\"723\" data-end=\"1068\">\n<li data-start=\"723\" data-end=\"764\">\n<p data-start=\"725\" data-end=\"764\"><strong data-start=\"725\" data-end=\"736\">Type:<\/strong> okulary korekcyjne damskie<\/p>\n<\/li>\n<li data-start=\"765\" data-end=\"828\">\n<p data-start=\"767\" data-end=\"828\"><strong data-start=\"767\" data-end=\"779\">Vorm:<\/strong> panto z mi\u0119kkimi liniami<\/p>\n<\/li>\n<li data-start=\"829\" data-end=\"887\">\n<p data-start=\"831\" data-end=\"887\"><strong data-start=\"831\" data-end=\"844\">Materiaal:<\/strong> 100% japo\u0144ski acetat o wysokiej g\u0119sto\u015bci<\/p>\n<\/li>\n<li data-start=\"888\" data-end=\"953\">\n<p data-start=\"890\" data-end=\"953\"><strong data-start=\"890\" data-end=\"906\">Afwerking:<\/strong> wysoki po\u0142ysk i r\u0119cznie polerowane kraw\u0119dzie<\/p>\n<\/li>\n<li data-start=\"954\" data-end=\"1026\">\n<p data-start=\"956\" data-end=\"1026\"><strong data-start=\"956\" data-end=\"968\">Scharnieren:<\/strong> funkcjonalne, nitowane, dla d\u0142ugowieczno\u015bci konstrukcji<\/p>\n<\/li>\n<li data-start=\"1027\" data-end=\"1068\">\n<p data-start=\"1029\" data-end=\"1068\"><strong data-start=\"1029\" data-end=\"1043\">Vakmanschap:<\/strong> 100% handmade in Japan<\/p>\n<\/li>\n<\/ul>\n<hr data-start=\"1070\" data-end=\"1073\" \/>\n<p data-start=\"1075\" data-end=\"1089\"><strong data-start=\"1075\" data-end=\"1087\">Afmetingen:<\/strong><\/p>\n<ul data-start=\"1090\" data-end=\"1238\">\n<li data-start=\"1090\" data-end=\"1119\">\n<p data-start=\"1092\" data-end=\"1119\">Szeroko\u015b\u0107 soczewki: 53 mm<\/p>\n<\/li>\n<li data-start=\"1120\" data-end=\"1137\">\n<p data-start=\"1122\" data-end=\"1137\">Brug: 19 mm<\/p>\n<\/li>\n<li data-start=\"1138\" data-end=\"1167\">\n<p data-start=\"1140\" data-end=\"1167\">D\u0142ugo\u015b\u0107 zausznika: 140 mm<\/p>\n<\/li>\n<li data-start=\"1168\" data-end=\"1201\">\n<p data-start=\"1170\" data-end=\"1201\">Wysoko\u015b\u0107 oprawki (B): 45,5 mm<\/p>\n<\/li>\n<li data-start=\"1202\" data-end=\"1238\">\n<p data-start=\"1204\" data-end=\"1238\">Efektywna \u015brednica (ED): 58,7 mm<\/p>\n<\/li>\n<\/ul>\n<hr data-start=\"1240\" data-end=\"1243\" \/>\n<p data-start=\"1245\" data-end=\"1268\"><strong data-start=\"1245\" data-end=\"1266\">Cechy szczeg\u00f3lne:<\/strong><\/p>\n<ul data-start=\"1269\" data-end=\"1581\">\n<li data-start=\"1269\" data-end=\"1337\">\n<p data-start=\"1271\" data-end=\"1337\">Smuk\u0142y profil redukuje ci\u0119\u017car oprawy przy zachowaniu stabilno\u015bci<\/p>\n<\/li>\n<li data-start=\"1338\" data-end=\"1419\">\n<p data-start=\"1340\" data-end=\"1419\">Acetat o specjalnej grubo\u015bci minimalizuje napi\u0119cia soczewki i poprawia optyk\u0119<\/p>\n<\/li>\n<li data-start=\"1420\" data-end=\"1497\">\n<p data-start=\"1422\" data-end=\"1497\">R\u0119czne wyko\u0144czenie gwarantuje <strong data-start=\"1452\" data-end=\"1495\">precyzyjne dopasowanie i d\u0142ugowieczno\u015b\u0107<\/strong><\/p>\n<\/li>\n<li data-start=\"1498\" data-end=\"1581\">\n<p data-start=\"1500\" data-end=\"1581\">Zaprojektowane, by zapewni\u0107 idealne proporcje i komfort codziennego u\u017cytkowania<\/p>\n<\/li>\n<\/ul>","protected":false},"featured_media":3988,"template":"","meta":{"_acf_changed":false},"product_brand":[343],"product_cat":[340,32,51],"product_tag":[],"model":[],"class_list":{"0":"post-3047","1":"product","2":"type-product","3":"status-publish","4":"has-post-thumbnail","6":"product_brand-salt","7":"product_cat-bez-sprzedazy-online","8":"product_cat-damskie","9":"product_cat-okulary-korekcyjne","11":"first","12":"instock","13":"shipping-taxable","14":"purchasable","15":"product-type-simple"},"acf":[],"aioseo_notices":[],"_links":{"self":[{"href":"https:\/\/diukeyewear.nl\/nl\/wp-json\/wp\/v2\/product\/3047","targetHints":{"allow":["GET"]}}],"collection":[{"href":"https:\/\/diukeyewear.nl\/nl\/wp-json\/wp\/v2\/product"}],"about":[{"href":"https:\/\/diukeyewear.nl\/nl\/wp-json\/wp\/v2\/types\/product"}],"version-history":[{"count":2,"href":"https:\/\/diukeyewear.nl\/nl\/wp-json\/wp\/v2\/product\/3047\/revisions"}],"predecessor-version":[{"id":3986,"href":"https:\/\/diukeyewear.nl\/nl\/wp-json\/wp\/v2\/product\/3047\/revisions\/3986"}],"wp:featuredmedia":[{"embeddable":true,"href":"https:\/\/diukeyewear.nl\/nl\/wp-json\/wp\/v2\/media\/3988"}],"wp:attachment":[{"href":"https:\/\/diukeyewear.nl\/nl\/wp-json\/wp\/v2\/media?parent=3047"}],"wp:term":[{"taxonomy":"product_brand","embeddable":true,"href":"https:\/\/diukeyewear.nl\/nl\/wp-json\/wp\/v2\/product_brand?post=3047"},{"taxonomy":"product_cat","embeddable":true,"href":"https:\/\/diukeyewear.nl\/nl\/wp-json\/wp\/v2\/product_cat?post=3047"},{"taxonomy":"product_tag","embeddable":true,"href":"https:\/\/diukeyewear.nl\/nl\/wp-json\/wp\/v2\/product_tag?post=3047"},{"taxonomy":"model","embeddable":true,"href":"https:\/\/diukeyewear.nl\/nl\/wp-json\/wp\/v2\/model?post=3047"}],"curies":[{"name":"wp","href":"https:\/\/api.w.org\/{rel}","templated":true}]}}