{"id":4030,"date":"2025-11-05T16:35:32","date_gmt":"2025-11-05T15:35:32","guid":{"rendered":"https:\/\/www.diukoptyk.pl\/?post_type=product&#038;p=4030"},"modified":"2026-03-06T15:12:34","modified_gmt":"2026-03-06T14:12:34","slug":"jacques-marie-mage-ayrton-senna-door-jmm-1992-antiek-zilver","status":"publish","type":"product","link":"https:\/\/diukeyewear.nl\/nl\/produkt\/jacques-marie-mage-ayrton-senna-by-jmm-1992-antique-silver\/","title":{"rendered":"Jacques Marie Mage AYRTON SENNA DOOR JMM: 1992| ANTIQUE ZILVER"},"content":{"rendered":"<article class=\"text-token-text-primary w-full focus:outline-none [--shadow-height:45px] has-data-writing-block:pointer-events-none has-data-writing-block:-mt-(--shadow-height) has-data-writing-block:pt-(--shadow-height) [&amp;:has([data-writing-block])&gt;*]:pointer-events-auto [content-visibility:auto] supports-[content-visibility:auto]:[contain-intrinsic-size:auto_100lvh] scroll-mt-[calc(var(--header-height)+min(200px,max(70px,20svh)))]\" dir=\"auto\" data-turn-id=\"request-WEB:6263c756-1d19-4435-92cf-4480ab715bd4-1\" data-testid=\"conversation-turn-4\" data-scroll-anchor=\"true\" data-turn=\"assistant\">\n<div class=\"text-base my-auto mx-auto pb-10 [--thread-content-margin:--spacing(4)] thread-sm:[--thread-content-margin:--spacing(6)] thread-lg:[--thread-content-margin:--spacing(16)] px-(--thread-content-margin)\">\n<div class=\"[--thread-content-max-width:40rem] thread-lg:[--thread-content-max-width:48rem] mx-auto max-w-(--thread-content-max-width) flex-1 group\/turn-messages focus-visible:outline-hidden relative flex w-full min-w-0 flex-col agent-turn\">\n<div class=\"flex max-w-full flex-col grow\">\n<div class=\"min-h-8 text-message relative flex w-full flex-col items-end gap-2 text-start break-words whitespace-normal [.text-message+&amp;]:mt-1\" dir=\"auto\" data-message-author-role=\"assistant\" data-message-id=\"c63c9ffe-0265-4de8-9aab-081c2be724aa\" data-message-model-slug=\"gpt-5\">\n<div class=\"flex w-full flex-col gap-1 empty:hidden first:pt-[1px]\">\n<div class=\"markdown prose dark:prose-invert w-full break-words light markdown-new-styling\">\n<p data-start=\"1670\" data-end=\"1829\" data-is-last-node=\"\" data-is-only-node=\"\"><strong data-start=\"1672\" data-end=\"1727\">Jacques Marie Mage Ayrton Senna 1992 Antique Silver<\/strong> \u2013 oprawa, kt\u00f3ra \u0142\u0105czy <strong data-start=\"1750\" data-end=\"1828\">ducha sportowej legendy z ponadczasow\u0105 elegancj\u0105 i perfekcyjnym rzemios\u0142em<\/strong>.<\/p>\n<\/div>\n<\/div>\n<\/div>\n<\/div>\n<\/div>\n<\/div>\n<\/article>\n","protected":false},"excerpt":{"rendered":"<h3 data-start=\"0\" data-end=\"63\"><strong data-start=\"4\" data-end=\"61\">Jacques Marie Mage Ayrton Senna - 1992 Antiek Zilver<\/strong><\/h3>\n<p data-start=\"64\" data-end=\"107\"><strong data-start=\"64\" data-end=\"107\">Beperkte oplage: 500 stuks wereldwijd<\/strong><\/p>\n<p data-start=\"109\" data-end=\"393\">Model <strong data-start=\"115\" data-end=\"153\">Ayrton Senna door Jacques Marie Mage<\/strong> op kleur <strong data-start=\"164\" data-end=\"182\">Antiek Zilver<\/strong> is een combinatie van de elegantie, precisie en geestkracht van de legendarische Formule 1-kampioen. Het ontwerp is ge\u00efnspireerd op de jaren 90 en de stijl van Senna zelf en weerspiegelt zijn unieke charisma, intelligentie en vastberadenheid.<\/p>\n<p data-start=\"395\" data-end=\"725\">Handgemaakt in Japan van <strong data-start=\"424\" data-end=\"444\">100% titanium beta<\/strong>, Deze bril maakt indruk met zijn meesterlijke ontwerp en verfijnde details. Ze worden gekenmerkt door <strong data-start=\"537\" data-end=\"569\">gesneden brug met bovenbalk<\/strong>, <strong data-start=\"571\" data-end=\"619\">inlegwerk in Havana mat acetaat<\/strong>, evenals <strong data-start=\"629\" data-end=\"664\">delicaat frijnwerk aan de slapen<\/strong>, die de algehele look een elegante, sportieve touch geven.<\/p>\n<p data-start=\"727\" data-end=\"1066\">Het model is afgewerkt met <strong data-start=\"751\" data-end=\"778\">monobloc scharnieren<\/strong> in brons en <strong data-start=\"803\" data-end=\"847\">handgeschilderde oordopjes<\/strong> in gele epoxy met <strong data-start=\"870\" data-end=\"907\">zwarte gepolijste ring<\/strong>. <strong data-start=\"909\" data-end=\"927\">Gouden neuzen<\/strong> i <strong data-start=\"930\" data-end=\"972\">Taiga groene minerale lenzen<\/strong> met antireflecterende coating aan de binnenkant benadrukken het luxueuze karakter van deze editie.<\/p>\n<p data-start=\"1068\" data-end=\"1182\">Elke bril wordt geleverd met <strong data-start=\"1118\" data-end=\"1160\">JMM gepersonaliseerde leren riem<\/strong> en originele koffer.<\/p>\n<hr data-start=\"1184\" data-end=\"1187\" \/>\n<p data-start=\"1189\" data-end=\"1216\"><strong data-start=\"1189\" data-end=\"1214\">Technische details:<\/strong><\/p>\n<ul data-start=\"1217\" data-end=\"1663\">\n<li data-start=\"1217\" data-end=\"1274\">\n<p data-start=\"1219\" data-end=\"1274\">Materiaal: 100% beta titanium, handgemaakt in Japan<\/p>\n<\/li>\n<li data-start=\"1275\" data-end=\"1348\">\n<p data-start=\"1277\" data-end=\"1348\">Kleur: Antiek Zilver \/ Pentagrijs met matte Havana acetaat inzetstukken<\/p>\n<\/li>\n<li data-start=\"1349\" data-end=\"1410\">\n<p data-start=\"1351\" data-end=\"1410\">Lenzen: Mineraal Taigagroen met antireflectiecoating<\/p>\n<\/li>\n<li data-start=\"1411\" data-end=\"1507\">\n<p data-start=\"1413\" data-end=\"1507\">Oorstukken: Met de hand beschilderde oordopjes in gele epoxy met zwart gepolijste ring<\/p>\n<\/li>\n<li data-start=\"1508\" data-end=\"1577\">\n<p data-start=\"1510\" data-end=\"1577\">Brug: Gesneden, met kenmerkende 90s-stijl top bar.<\/p>\n<\/li>\n<li data-start=\"1578\" data-end=\"1602\">\n<p data-start=\"1580\" data-end=\"1602\">Beperkte oplage: 500 stuks<\/p>\n<\/li>\n<li data-start=\"1603\" data-end=\"1663\">\n<p data-start=\"1605\" data-end=\"1663\">Inbegrepen: Etui, doek en leren brilriem<\/p>\n<\/li>\n<\/ul>","protected":false},"featured_media":4041,"template":"","meta":{"_acf_changed":false},"product_brand":[82],"product_cat":[37,30,35],"product_tag":[],"model":[363],"class_list":{"0":"post-4030","1":"product","2":"type-product","3":"status-publish","4":"has-post-thumbnail","6":"product_brand-jacques-marie-mage","7":"product_cat-meskie","8":"product_cat-okulary-przeciwsloneczne","9":"product_cat-unisex","10":"model-363","12":"first","13":"outofstock","14":"shipping-taxable","15":"purchasable","16":"product-type-simple"},"acf":[],"aioseo_notices":[],"_links":{"self":[{"href":"https:\/\/diukeyewear.nl\/nl\/wp-json\/wp\/v2\/product\/4030","targetHints":{"allow":["GET"]}}],"collection":[{"href":"https:\/\/diukeyewear.nl\/nl\/wp-json\/wp\/v2\/product"}],"about":[{"href":"https:\/\/diukeyewear.nl\/nl\/wp-json\/wp\/v2\/types\/product"}],"version-history":[{"count":4,"href":"https:\/\/diukeyewear.nl\/nl\/wp-json\/wp\/v2\/product\/4030\/revisions"}],"predecessor-version":[{"id":4625,"href":"https:\/\/diukeyewear.nl\/nl\/wp-json\/wp\/v2\/product\/4030\/revisions\/4625"}],"wp:featuredmedia":[{"embeddable":true,"href":"https:\/\/diukeyewear.nl\/nl\/wp-json\/wp\/v2\/media\/4041"}],"wp:attachment":[{"href":"https:\/\/diukeyewear.nl\/nl\/wp-json\/wp\/v2\/media?parent=4030"}],"wp:term":[{"taxonomy":"product_brand","embeddable":true,"href":"https:\/\/diukeyewear.nl\/nl\/wp-json\/wp\/v2\/product_brand?post=4030"},{"taxonomy":"product_cat","embeddable":true,"href":"https:\/\/diukeyewear.nl\/nl\/wp-json\/wp\/v2\/product_cat?post=4030"},{"taxonomy":"product_tag","embeddable":true,"href":"https:\/\/diukeyewear.nl\/nl\/wp-json\/wp\/v2\/product_tag?post=4030"},{"taxonomy":"model","embeddable":true,"href":"https:\/\/diukeyewear.nl\/nl\/wp-json\/wp\/v2\/model?post=4030"}],"curies":[{"name":"wp","href":"https:\/\/api.w.org\/{rel}","templated":true}]}}