{"id":4043,"date":"2025-11-05T16:40:51","date_gmt":"2025-11-05T15:40:51","guid":{"rendered":"https:\/\/www.diukoptyk.pl\/?post_type=product&#038;p=4043"},"modified":"2026-03-06T15:12:35","modified_gmt":"2026-03-06T14:12:35","slug":"jacques-marie-mage-ayrton-senna-door-jmm-1992-antiek-goud","status":"publish","type":"product","link":"https:\/\/diukeyewear.nl\/nl\/produkt\/jacques-marie-mage-ayrton-senna-by-jmm-1992-antique-gold\/","title":{"rendered":"Jacques Marie Mage AYRTON SENNA DOOR JMM: 1992| ANTIQUE GOUD"},"content":{"rendered":"<article class=\"text-token-text-primary w-full focus:outline-none [--shadow-height:45px] has-data-writing-block:pointer-events-none has-data-writing-block:-mt-(--shadow-height) has-data-writing-block:pt-(--shadow-height) [&amp;:has([data-writing-block])&gt;*]:pointer-events-auto [content-visibility:auto] supports-[content-visibility:auto]:[contain-intrinsic-size:auto_100lvh] scroll-mt-[calc(var(--header-height)+min(200px,max(70px,20svh)))]\" dir=\"auto\" tabindex=\"-1\" data-turn-id=\"request-WEB:6263c756-1d19-4435-92cf-4480ab715bd4-1\" data-testid=\"conversation-turn-4\" data-scroll-anchor=\"true\" data-turn=\"assistant\">\n<div class=\"text-base my-auto mx-auto pb-10 [--thread-content-margin:--spacing(4)] thread-sm:[--thread-content-margin:--spacing(6)] thread-lg:[--thread-content-margin:--spacing(16)] px-(--thread-content-margin)\">\n<div class=\"[--thread-content-max-width:40rem] thread-lg:[--thread-content-max-width:48rem] mx-auto max-w-(--thread-content-max-width) flex-1 group\/turn-messages focus-visible:outline-hidden relative flex w-full min-w-0 flex-col agent-turn\" tabindex=\"-1\">\n<div class=\"flex max-w-full flex-col grow\">\n<div class=\"min-h-8 text-message relative flex w-full flex-col items-end gap-2 text-start break-words whitespace-normal [.text-message+&amp;]:mt-1\" dir=\"auto\" data-message-author-role=\"assistant\" data-message-id=\"c63c9ffe-0265-4de8-9aab-081c2be724aa\" data-message-model-slug=\"gpt-5\">\n<div class=\"flex w-full flex-col gap-1 empty:hidden first:pt-[1px]\">\n<div class=\"markdown prose dark:prose-invert w-full break-words light markdown-new-styling\">\n<p data-start=\"1670\" data-end=\"1829\" data-is-last-node=\"\" data-is-only-node=\"\"><strong data-start=\"1696\" data-end=\"1749\">Jacques Marie Mage Ayrton Senna 1992 Antique Gold<\/strong> \u2013 oprawa, kt\u00f3ra \u0142\u0105czy <strong data-start=\"1772\" data-end=\"1875\" data-is-last-node=\"\">z\u0142oty blask zwyci\u0119stwa z perfekcj\u0105 japo\u0144skiego rzemios\u0142a i nie\u015bmiertelnym duchem legendy Formu\u0142y 1.<\/strong><\/p>\n<\/div>\n<\/div>\n<\/div>\n<\/div>\n<\/div>\n<\/div>\n<\/article>\n","protected":false},"excerpt":{"rendered":"<h3 data-start=\"0\" data-end=\"61\"><strong data-start=\"4\" data-end=\"59\">Jacques Marie Mage Ayrton Senna - 1992 Antiek Goud<\/strong><\/h3>\n<p data-start=\"62\" data-end=\"105\"><strong data-start=\"62\" data-end=\"105\">Beperkte oplage: 500 stuks wereldwijd<\/strong><\/p>\n<p data-start=\"107\" data-end=\"432\">Model <strong data-start=\"113\" data-end=\"151\">Ayrton Senna door Jacques Marie Mage<\/strong> op kleur <strong data-start=\"162\" data-end=\"178\">Antiek Goud<\/strong> is een geraffineerd eerbetoon aan een Formule 1-circuitlegende - een man wiens precisie, vastberadenheid en charisma de wereld van de autosport voor altijd hebben veranderd. De bril is ge\u00efnspireerd op de iconische stijl van de jaren 90 en geeft de geest van elegantie en moed weer die Ayrton Senna kenmerkte.<\/p>\n<p data-start=\"434\" data-end=\"705\">Handgemaakt in Japan van <strong data-start=\"463\" data-end=\"483\">100% titanium beta<\/strong>, combineren lichtheid, duurzaamheid en meesterlijk vakmanschap. De kenmerkende <strong data-start=\"553\" data-end=\"564\">bovenste balk<\/strong> i <strong data-start=\"567\" data-end=\"587\">gebeeldhouwde brug<\/strong> aanvulling <strong data-start=\"599\" data-end=\"643\">matte acetaat inzetstukken in Agar tint<\/strong>, Zo ontstaat een compositie die subtiel luxueus en karaktervol is.<\/p>\n<p data-start=\"707\" data-end=\"1099\">De armatuur werd afgewerkt <strong data-start=\"733\" data-end=\"760\">monobloc scharnieren<\/strong> met goudkleurige details, <strong data-start=\"789\" data-end=\"833\">handgeschilderde oordopjes<\/strong> in gele epoxy met <strong data-start=\"856\" data-end=\"912\">Gepolijste palladium zilveren ring<\/strong> en <strong data-start=\"918\" data-end=\"940\">gouden neuzen<\/strong>. Het geheel wordt aangevuld door <strong data-start=\"961\" data-end=\"1018\">minerale kroon glazen lenzen in pecannootbruin<\/strong> met een interne antireflecterende coating voor uitstekend zichtcomfort.<\/p>\n<p data-start=\"1101\" data-end=\"1204\">Elk exemplaar wordt geleverd met <strong data-start=\"1137\" data-end=\"1179\">JMM gepersonaliseerde leren riem<\/strong> en originele koffer.<\/p>\n<hr data-start=\"1206\" data-end=\"1209\" \/>\n<p data-start=\"1211\" data-end=\"1238\"><strong data-start=\"1211\" data-end=\"1236\">Technische details:<\/strong><\/p>\n<ul data-start=\"1239\" data-end=\"1687\">\n<li data-start=\"1239\" data-end=\"1296\">\n<p data-start=\"1241\" data-end=\"1296\">Materiaal: 100% beta titanium, handgemaakt in Japan<\/p>\n<\/li>\n<li data-start=\"1297\" data-end=\"1353\">\n<p data-start=\"1299\" data-end=\"1353\">Kleur: Antiek Goud met Mat Agar acetaat inzetstukken<\/p>\n<\/li>\n<li data-start=\"1354\" data-end=\"1415\">\n<p data-start=\"1356\" data-end=\"1415\">Lenzen: Mineraal Pecan Bruin met anti-reflecterende coating<\/p>\n<\/li>\n<li data-start=\"1416\" data-end=\"1519\">\n<p data-start=\"1418\" data-end=\"1519\">Oorstukjes: Met de hand beschilderde oordopjes in gele epoxy met zilveren palladium ring<\/p>\n<\/li>\n<li data-start=\"1520\" data-end=\"1601\">\n<p data-start=\"1522\" data-end=\"1601\">Brug: Gesneden, met een kenmerkende op de jaren 90 ge\u00efnspireerde bovenbalk.<\/p>\n<\/li>\n<li data-start=\"1602\" data-end=\"1626\">\n<p data-start=\"1604\" data-end=\"1626\">Beperkte oplage: 500 stuks<\/p>\n<\/li>\n<li data-start=\"1627\" data-end=\"1687\">\n<p data-start=\"1629\" data-end=\"1687\">Inbegrepen: Etui, doek en leren brilriem<\/p>\n<\/li>\n<\/ul>","protected":false},"featured_media":4048,"template":"","meta":{"_acf_changed":false},"product_brand":[82],"product_cat":[37,30,35],"product_tag":[],"model":[363],"class_list":{"0":"post-4043","1":"product","2":"type-product","3":"status-publish","4":"has-post-thumbnail","6":"product_brand-jacques-marie-mage","7":"product_cat-meskie","8":"product_cat-okulary-przeciwsloneczne","9":"product_cat-unisex","10":"model-363","12":"first","13":"outofstock","14":"shipping-taxable","15":"purchasable","16":"product-type-simple"},"acf":[],"aioseo_notices":[],"_links":{"self":[{"href":"https:\/\/diukeyewear.nl\/nl\/wp-json\/wp\/v2\/product\/4043","targetHints":{"allow":["GET"]}}],"collection":[{"href":"https:\/\/diukeyewear.nl\/nl\/wp-json\/wp\/v2\/product"}],"about":[{"href":"https:\/\/diukeyewear.nl\/nl\/wp-json\/wp\/v2\/types\/product"}],"version-history":[{"count":2,"href":"https:\/\/diukeyewear.nl\/nl\/wp-json\/wp\/v2\/product\/4043\/revisions"}],"predecessor-version":[{"id":4289,"href":"https:\/\/diukeyewear.nl\/nl\/wp-json\/wp\/v2\/product\/4043\/revisions\/4289"}],"wp:featuredmedia":[{"embeddable":true,"href":"https:\/\/diukeyewear.nl\/nl\/wp-json\/wp\/v2\/media\/4048"}],"wp:attachment":[{"href":"https:\/\/diukeyewear.nl\/nl\/wp-json\/wp\/v2\/media?parent=4043"}],"wp:term":[{"taxonomy":"product_brand","embeddable":true,"href":"https:\/\/diukeyewear.nl\/nl\/wp-json\/wp\/v2\/product_brand?post=4043"},{"taxonomy":"product_cat","embeddable":true,"href":"https:\/\/diukeyewear.nl\/nl\/wp-json\/wp\/v2\/product_cat?post=4043"},{"taxonomy":"product_tag","embeddable":true,"href":"https:\/\/diukeyewear.nl\/nl\/wp-json\/wp\/v2\/product_tag?post=4043"},{"taxonomy":"model","embeddable":true,"href":"https:\/\/diukeyewear.nl\/nl\/wp-json\/wp\/v2\/model?post=4043"}],"curies":[{"name":"wp","href":"https:\/\/api.w.org\/{rel}","templated":true}]}}