{"id":4057,"date":"2025-10-05T17:07:14","date_gmt":"2025-10-05T15:07:14","guid":{"rendered":"https:\/\/www.diukoptyk.pl\/?post_type=product&#038;p=4057"},"modified":"2026-01-25T20:43:33","modified_gmt":"2026-01-25T19:43:33","slug":"salt-turtle-matte-ocean-dunes","status":"publish","type":"product","link":"https:\/\/diukeyewear.nl\/nl\/produkt\/salt-turtle-matte-ocean-dunes\/","title":{"rendered":"SALT. Turtle | Matte Ocean Dunes"},"content":{"rendered":"<p><strong data-start=\"1922\" data-end=\"1956\">SALT. Turtle Matte Ocean Dunes<\/strong> \u2013 smuk\u0142a, elegancka oprawa dla os\u00f3b, kt\u00f3re szukaj\u0105 <strong data-start=\"2008\" data-end=\"2088\" data-is-last-node=\"\">czystego designu, lekko\u015bci i bezkompromisowej jako\u015bci japo\u0144skiego rzemios\u0142a.<\/strong><\/p>\n<p>Modele marki <strong data-start=\"13\" data-end=\"22\">ZOUT.<\/strong> nie s\u0105 dost\u0119pne w sprzeda\u017cy online \u2013 na naszej stronie prezentujemy jedynie niewielki wycinek kolekcji. Ponad <strong data-start=\"133\" data-end=\"158\">150 wyj\u0105tkowych opraw<\/strong> tej marki mo\u017cna obejrze\u0107 wy\u0142\u0105cznie w naszym <strong data-start=\"203\" data-end=\"238\">salonie stacjonarnym Diuk Optyk<\/strong>.<\/p>","protected":false},"excerpt":{"rendered":"<h3 data-start=\"0\" data-end=\"42\"><strong data-start=\"4\" data-end=\"40\">SALT. \u2013 Turtle Matte Ocean Dunes<\/strong><\/h3>\n<p data-start=\"43\" data-end=\"73\"><strong data-start=\"43\" data-end=\"73\">R\u0119cznie wykonane w Japonii<\/strong><\/p>\n<p data-start=\"75\" data-end=\"335\">Model <strong data-start=\"81\" data-end=\"91\">Turtle<\/strong> od <strong data-start=\"95\" data-end=\"111\">SALT. Optics<\/strong> to wsp\u00f3\u0142czesna reinterpretacja klasyki w lekkim, subtelnym wydaniu. Inspirowane minimalistycznym designem i duchem kalifornijskiego wybrze\u017ca, okulary te \u0142\u0105cz\u0105 ponadczasow\u0105 form\u0119 z niezwyk\u0142\u0105 precyzj\u0105 japo\u0144skiego rzemios\u0142a.<\/p>\n<p data-start=\"337\" data-end=\"645\">Projekt <strong data-start=\"345\" data-end=\"355\">Turtle<\/strong> podkre\u015bla trend smuk\u0142ych, delikatnych opraw, zachowuj\u0105c charakterystyczn\u0105 dla marki <strong data-start=\"440\" data-end=\"471\">SALT. elegancj\u0119 i proporcje<\/strong>. Wersja kolorystyczna <strong data-start=\"494\" data-end=\"515\">Matte Ocean Dunes<\/strong> to po\u0142\u0105czenie matowego, piaskowego be\u017cu z nut\u0105 oceanu \u2013 wywa\u017cona, naturalna paleta idealna dla os\u00f3b ceni\u0105cych dyskretny luksus.<\/p>\n<p data-start=\"647\" data-end=\"939\">Wykonane w 100% z <strong data-start=\"665\" data-end=\"688\">japo\u0144skiego acetatu<\/strong>, oprawy gwarantuj\u0105 <strong data-start=\"708\" data-end=\"757\">sztywno\u015b\u0107, trwa\u0142o\u015b\u0107 i perfekcyjne dopasowanie<\/strong>. Zastosowanie <strong data-start=\"772\" data-end=\"808\">funkcjonalnych nitowych zawias\u00f3w<\/strong> en <strong data-start=\"814\" data-end=\"855\">precyzyjnie dobranej grubo\u015bci acetatu<\/strong> zapewnia stabilno\u015b\u0107 konstrukcji, minimalny nacisk na soczewki i doskona\u0142\u0105 optyk\u0119.<\/p>\n<hr data-start=\"941\" data-end=\"944\" \/>\n<p data-start=\"946\" data-end=\"973\"><strong data-start=\"946\" data-end=\"971\">Technische details:<\/strong><\/p>\n<ul data-start=\"974\" data-end=\"1455\">\n<li data-start=\"974\" data-end=\"1019\">\n<p data-start=\"976\" data-end=\"1019\">Wymiary: 47 [] 21 \u2013 148 \u2003|\u2003B: 42\u2003ED: 49.4<\/p>\n<\/li>\n<li data-start=\"1020\" data-end=\"1089\">\n<p data-start=\"1022\" data-end=\"1089\">Materia\u0142: Acetat najwy\u017cszej jako\u015bci, w 100% produkowany w Japonii<\/p>\n<\/li>\n<li data-start=\"1090\" data-end=\"1122\">\n<p data-start=\"1092\" data-end=\"1122\">Kleur: <strong data-start=\"1099\" data-end=\"1120\">Matte Ocean Dunes<\/strong><\/p>\n<\/li>\n<li data-start=\"1123\" data-end=\"1180\">\n<p data-start=\"1125\" data-end=\"1180\">Zawiasy: Nitowe, funkcjonalne \u2013 dla trwa\u0142o\u015bci na lata<\/p>\n<\/li>\n<li data-start=\"1181\" data-end=\"1455\">\n<p data-start=\"1183\" data-end=\"1197\">W\u0142a\u015bciwo\u015bci:<\/p>\n<ul data-start=\"1200\" data-end=\"1455\">\n<li data-start=\"1200\" data-end=\"1286\">\n<p data-start=\"1202\" data-end=\"1286\">R\u0119cznie polerowany japo\u0144ski acetat o wysokim po\u0142ysku i odporno\u015bci na odkszta\u0142cenia<\/p>\n<\/li>\n<li data-start=\"1289\" data-end=\"1375\">\n<p data-start=\"1291\" data-end=\"1375\">Odpowiednio zaprojektowana grubo\u015b\u0107 ramy zapewniaj\u0105ca lekko\u015b\u0107 i idealne dopasowanie<\/p>\n<\/li>\n<li data-start=\"1378\" data-end=\"1455\">\n<p data-start=\"1380\" data-end=\"1455\">Redukcja napi\u0119cia na soczewkach dla optymalnej przejrzysto\u015bci i trwa\u0142o\u015bci<\/p>\n<\/li>\n<\/ul>\n<\/li>\n<\/ul>\n<hr data-start=\"1457\" data-end=\"1460\" \/>\n<p data-start=\"1462\" data-end=\"1913\"><strong data-start=\"1462\" data-end=\"1481\">Dlaczego SALT.?<\/strong><br data-start=\"1481\" data-end=\"1484\" \/>Merk <strong data-start=\"1490\" data-end=\"1506\">SALT. Optics<\/strong> wykorzystuje wy\u0142\u0105cznie <strong data-start=\"1530\" data-end=\"1570\">najwy\u017cszej klasy japo\u0144skie materia\u0142y<\/strong> \u2013 od premium acetatu po <strong data-start=\"1595\" data-end=\"1620\">tytan klasy lotniczej<\/strong> \u2013 aby osi\u0105gn\u0105\u0107 <strong data-start=\"1636\" data-end=\"1691\">perfekcyjne dopasowanie i najwy\u017csz\u0105 jako\u015b\u0107 optyczn\u0105<\/strong>. Wszystkie soczewki s\u0142oneczne SALT. s\u0105 <strong data-start=\"1731\" data-end=\"1759\">japo\u0144skie i polaryzowane<\/strong>, wyposa\u017cone w <strong data-start=\"1774\" data-end=\"1806\">pow\u0142oki antyrefleksyjne (AR)<\/strong> po obu stronach oraz <strong data-start=\"1828\" data-end=\"1864\">warstwy hydrofobowe i oleofobowe<\/strong> chroni\u0105ce przed zarysowaniami i zabrudzeniami.<\/p>","protected":false},"featured_media":4063,"template":"","meta":{"_acf_changed":false},"product_brand":[343],"product_cat":[32,37,51,35],"product_tag":[],"model":[],"class_list":{"0":"post-4057","1":"product","2":"type-product","3":"status-publish","4":"has-post-thumbnail","6":"product_brand-salt","7":"product_cat-damskie","8":"product_cat-meskie","9":"product_cat-okulary-korekcyjne","10":"product_cat-unisex","12":"first","13":"instock","14":"shipping-taxable","15":"purchasable","16":"product-type-simple"},"acf":[],"aioseo_notices":[],"_links":{"self":[{"href":"https:\/\/diukeyewear.nl\/nl\/wp-json\/wp\/v2\/product\/4057","targetHints":{"allow":["GET"]}}],"collection":[{"href":"https:\/\/diukeyewear.nl\/nl\/wp-json\/wp\/v2\/product"}],"about":[{"href":"https:\/\/diukeyewear.nl\/nl\/wp-json\/wp\/v2\/types\/product"}],"version-history":[{"count":1,"href":"https:\/\/diukeyewear.nl\/nl\/wp-json\/wp\/v2\/product\/4057\/revisions"}],"predecessor-version":[{"id":4064,"href":"https:\/\/diukeyewear.nl\/nl\/wp-json\/wp\/v2\/product\/4057\/revisions\/4064"}],"wp:featuredmedia":[{"embeddable":true,"href":"https:\/\/diukeyewear.nl\/nl\/wp-json\/wp\/v2\/media\/4063"}],"wp:attachment":[{"href":"https:\/\/diukeyewear.nl\/nl\/wp-json\/wp\/v2\/media?parent=4057"}],"wp:term":[{"taxonomy":"product_brand","embeddable":true,"href":"https:\/\/diukeyewear.nl\/nl\/wp-json\/wp\/v2\/product_brand?post=4057"},{"taxonomy":"product_cat","embeddable":true,"href":"https:\/\/diukeyewear.nl\/nl\/wp-json\/wp\/v2\/product_cat?post=4057"},{"taxonomy":"product_tag","embeddable":true,"href":"https:\/\/diukeyewear.nl\/nl\/wp-json\/wp\/v2\/product_tag?post=4057"},{"taxonomy":"model","embeddable":true,"href":"https:\/\/diukeyewear.nl\/nl\/wp-json\/wp\/v2\/model?post=4057"}],"curies":[{"name":"wp","href":"https:\/\/api.w.org\/{rel}","templated":true}]}}