{"id":4073,"date":"2025-10-05T17:27:51","date_gmt":"2025-10-05T15:27:51","guid":{"rendered":"https:\/\/www.diukoptyk.pl\/?post_type=product&#038;p=4073"},"modified":"2026-01-25T20:43:33","modified_gmt":"2026-01-25T19:43:33","slug":"salt-artie-cold-grey","status":"publish","type":"product","link":"https:\/\/diukeyewear.nl\/nl\/produkt\/salt-artie-cold-grey\/","title":{"rendered":"SALT. Artie | Cold Grey"},"content":{"rendered":"<p><strong data-start=\"1616\" data-end=\"1641\">SALT. Artie Cold Grey<\/strong> \u2013 nowoczesna oprawa o g\u0142\u0119bszym profilu i harmonijnej konstrukcji, zaprojektowana dla tych, kt\u00f3rzy ceni\u0105 <strong data-start=\"1746\" data-end=\"1813\" data-is-last-node=\"\">czysty design, komfort i perfekcyjne wykonanie w ka\u017cdym detalu.\u00a0<\/strong><\/p>\n<p>Modele marki <strong data-start=\"13\" data-end=\"22\">ZOUT.<\/strong> nie s\u0105 dost\u0119pne w sprzeda\u017cy online \u2013 na naszej stronie prezentujemy jedynie niewielki wycinek kolekcji. Ponad <strong data-start=\"133\" data-end=\"158\">150 wyj\u0105tkowych opraw<\/strong> tej marki mo\u017cna obejrze\u0107 wy\u0142\u0105cznie w naszym <strong data-start=\"203\" data-end=\"238\">salonie stacjonarnym Diuk Optyk<\/strong>.<\/p>","protected":false},"excerpt":{"rendered":"<h3 data-start=\"0\" data-end=\"33\"><strong data-start=\"4\" data-end=\"31\">SALT. \u2013 Artie Cold Grey<\/strong><\/h3>\n<p data-start=\"34\" data-end=\"64\"><strong data-start=\"34\" data-end=\"64\">R\u0119cznie wykonane w Japonii<\/strong><\/p>\n<p data-start=\"66\" data-end=\"407\">Model <strong data-start=\"72\" data-end=\"81\">Artie<\/strong> op kleur <strong data-start=\"92\" data-end=\"105\">Cold Grey<\/strong> to wsp\u00f3\u0142czesna interpretacja modernistycznej klasyki \u2013 subtelna, precyzyjna i wyj\u0105tkowo komfortowa. Zaprojektowany z my\u015bl\u0105 o codziennym u\u017cytkowaniu, <strong data-start=\"255\" data-end=\"264\">Artie<\/strong> wyr\u00f3\u017cnia si\u0119 <strong data-start=\"278\" data-end=\"305\">nieco szerszym mostkiem<\/strong> en <strong data-start=\"311\" data-end=\"338\">g\u0142\u0119bsz\u0105 sylwetk\u0105 oprawy<\/strong>, kt\u00f3re zapewniaj\u0105 doskona\u0142e dopasowanie i wygod\u0119 przez ca\u0142y dzie\u0144.<\/p>\n<p data-start=\"409\" data-end=\"659\">Wykonany w 100% z <strong data-start=\"427\" data-end=\"458\">japo\u0144skiego acetatu premium<\/strong>, model \u0142\u0105czy <strong data-start=\"472\" data-end=\"527\">estetyczn\u0105 prostot\u0119 z trwa\u0142o\u015bci\u0105 i funkcjonalno\u015bci\u0105<\/strong>. Odpowiednio dobrana grubo\u015b\u0107 materia\u0142u redukuje napi\u0119cia soczewek, gwarantuj\u0105c <strong data-start=\"607\" data-end=\"656\">stabilno\u015b\u0107, optymaln\u0105 przejrzysto\u015b\u0107 i lekko\u015b\u0107<\/strong>.<\/p>\n<p data-start=\"661\" data-end=\"816\">Klasyczny, ch\u0142odnoszary kolor <strong data-start=\"691\" data-end=\"704\">Cold Grey<\/strong> podkre\u015bla minimalistyczny charakter projektu, czyni\u0105c z Artie opraw\u0119 uniwersaln\u0105 i eleganck\u0105 w ka\u017cdym detalu.<\/p>\n<hr data-start=\"818\" data-end=\"821\" \/>\n<p data-start=\"823\" data-end=\"850\"><strong data-start=\"823\" data-end=\"848\">Technische details:<\/strong><\/p>\n<ul data-start=\"851\" data-end=\"1278\">\n<li data-start=\"851\" data-end=\"895\">\n<p data-start=\"853\" data-end=\"895\">Wymiary: 54 [] 21 \u2013 152\u2003|\u2003B: 40.5\u2003ED: 58<\/p>\n<\/li>\n<li data-start=\"896\" data-end=\"937\">\n<p data-start=\"898\" data-end=\"937\">Materiaal: <strong data-start=\"908\" data-end=\"935\">Japo\u0144ski acetat premium<\/strong><\/p>\n<\/li>\n<li data-start=\"938\" data-end=\"985\">\n<p data-start=\"940\" data-end=\"985\">Kleur: <strong data-start=\"947\" data-end=\"983\">Cold Grey (matowy ch\u0142odny szary)<\/strong><\/p>\n<\/li>\n<li data-start=\"986\" data-end=\"1050\">\n<p data-start=\"988\" data-end=\"1050\">Zawiasy: Funkcjonalne nitowe \u2013 zapewniaj\u0105ce trwa\u0142o\u015b\u0107 na lata<\/p>\n<\/li>\n<li data-start=\"1051\" data-end=\"1278\">\n<p data-start=\"1053\" data-end=\"1067\">W\u0142a\u015bciwo\u015bci:<\/p>\n<ul data-start=\"1070\" data-end=\"1278\">\n<li data-start=\"1070\" data-end=\"1102\">\n<p data-start=\"1072\" data-end=\"1102\">Stabilna i lekka konstrukcja<\/p>\n<\/li>\n<li data-start=\"1105\" data-end=\"1156\">\n<p data-start=\"1107\" data-end=\"1156\">Trwa\u0142e dopasowanie i odporno\u015b\u0107 na odkszta\u0142cenia<\/p>\n<\/li>\n<li data-start=\"1159\" data-end=\"1230\">\n<p data-start=\"1161\" data-end=\"1230\">Precyzyjnie zaprojektowana grubo\u015b\u0107 dla komfortu i jako\u015bci optycznej<\/p>\n<\/li>\n<li data-start=\"1233\" data-end=\"1278\">\n<p data-start=\"1235\" data-end=\"1278\">Wysoki po\u0142ysk dzi\u0119ki r\u0119cznemu polerowaniu<\/p>\n<\/li>\n<\/ul>\n<\/li>\n<\/ul>\n<hr data-start=\"1280\" data-end=\"1283\" \/>\n<p data-start=\"1285\" data-end=\"1607\"><strong data-start=\"1285\" data-end=\"1304\">Dlaczego SALT.?<\/strong><br data-start=\"1304\" data-end=\"1307\" \/>Ka\u017cdy model <strong data-start=\"1319\" data-end=\"1335\">SALT. Optics<\/strong> powstaje w Japonii z <strong data-start=\"1357\" data-end=\"1390\">najwy\u017cszej jako\u015bci materia\u0142\u00f3w<\/strong> \u2013 od r\u0119cznie obrabianego acetatu po precyzyjne, nitowe zawiasy. Marka \u0142\u0105czy <strong data-start=\"1467\" data-end=\"1518\">kalifornijski minimalizm z japo\u0144skim rzemios\u0142em<\/strong>, oferuj\u0105c oprawy, kt\u00f3re wyr\u00f3\u017cniaj\u0105 si\u0119 <strong data-start=\"1558\" data-end=\"1604\">komfortem, trwa\u0142o\u015bci\u0105 i ponadczasow\u0105 form\u0105<\/strong>.<\/p>","protected":false},"featured_media":4076,"template":"","meta":{"_acf_changed":false},"product_brand":[343],"product_cat":[37,51,35],"product_tag":[],"model":[],"class_list":{"0":"post-4073","1":"product","2":"type-product","3":"status-publish","4":"has-post-thumbnail","6":"product_brand-salt","7":"product_cat-meskie","8":"product_cat-okulary-korekcyjne","9":"product_cat-unisex","11":"first","12":"instock","13":"shipping-taxable","14":"purchasable","15":"product-type-simple"},"acf":[],"aioseo_notices":[],"_links":{"self":[{"href":"https:\/\/diukeyewear.nl\/nl\/wp-json\/wp\/v2\/product\/4073","targetHints":{"allow":["GET"]}}],"collection":[{"href":"https:\/\/diukeyewear.nl\/nl\/wp-json\/wp\/v2\/product"}],"about":[{"href":"https:\/\/diukeyewear.nl\/nl\/wp-json\/wp\/v2\/types\/product"}],"version-history":[{"count":1,"href":"https:\/\/diukeyewear.nl\/nl\/wp-json\/wp\/v2\/product\/4073\/revisions"}],"predecessor-version":[{"id":4079,"href":"https:\/\/diukeyewear.nl\/nl\/wp-json\/wp\/v2\/product\/4073\/revisions\/4079"}],"wp:featuredmedia":[{"embeddable":true,"href":"https:\/\/diukeyewear.nl\/nl\/wp-json\/wp\/v2\/media\/4076"}],"wp:attachment":[{"href":"https:\/\/diukeyewear.nl\/nl\/wp-json\/wp\/v2\/media?parent=4073"}],"wp:term":[{"taxonomy":"product_brand","embeddable":true,"href":"https:\/\/diukeyewear.nl\/nl\/wp-json\/wp\/v2\/product_brand?post=4073"},{"taxonomy":"product_cat","embeddable":true,"href":"https:\/\/diukeyewear.nl\/nl\/wp-json\/wp\/v2\/product_cat?post=4073"},{"taxonomy":"product_tag","embeddable":true,"href":"https:\/\/diukeyewear.nl\/nl\/wp-json\/wp\/v2\/product_tag?post=4073"},{"taxonomy":"model","embeddable":true,"href":"https:\/\/diukeyewear.nl\/nl\/wp-json\/wp\/v2\/model?post=4073"}],"curies":[{"name":"wp","href":"https:\/\/api.w.org\/{rel}","templated":true}]}}