{"id":4080,"date":"2025-10-05T17:36:04","date_gmt":"2025-10-05T15:36:04","guid":{"rendered":"https:\/\/www.diukoptyk.pl\/?post_type=product&#038;p=4080"},"modified":"2026-01-25T20:43:33","modified_gmt":"2026-01-25T19:43:33","slug":"salt-colorado-antique-silver-smoke-gray","status":"publish","type":"product","link":"https:\/\/diukeyewear.nl\/nl\/produkt\/salt-colorado-antique-silver-smoke-gray\/","title":{"rendered":"SALT. Colorado | Antique Silver Smoke Gray"},"content":{"rendered":"<article class=\"text-token-text-primary w-full focus:outline-none [--shadow-height:45px] has-data-writing-block:pointer-events-none has-data-writing-block:-mt-(--shadow-height) has-data-writing-block:pt-(--shadow-height) [&amp;:has([data-writing-block])&gt;*]:pointer-events-auto [content-visibility:auto] supports-[content-visibility:auto]:[contain-intrinsic-size:auto_100lvh] scroll-mt-[calc(var(--header-height)+min(200px,max(70px,20svh)))]\" dir=\"auto\" tabindex=\"-1\" data-turn-id=\"request-WEB:6263c756-1d19-4435-92cf-4480ab715bd4-8\" data-testid=\"conversation-turn-18\" data-scroll-anchor=\"true\" data-turn=\"assistant\">\n<div class=\"text-base my-auto mx-auto pb-10 [--thread-content-margin:--spacing(4)] thread-sm:[--thread-content-margin:--spacing(6)] thread-lg:[--thread-content-margin:--spacing(16)] px-(--thread-content-margin)\">\n<div class=\"[--thread-content-max-width:40rem] thread-lg:[--thread-content-max-width:48rem] mx-auto max-w-(--thread-content-max-width) flex-1 group\/turn-messages focus-visible:outline-hidden relative flex w-full min-w-0 flex-col agent-turn\" tabindex=\"-1\">\n<div class=\"flex max-w-full flex-col grow\">\n<div class=\"min-h-8 text-message relative flex w-full flex-col items-end gap-2 text-start break-words whitespace-normal [.text-message+&amp;]:mt-1\" dir=\"auto\" data-message-author-role=\"assistant\" data-message-id=\"6c46f401-e6f7-4935-8d4c-46b0f40c4854\" data-message-model-slug=\"gpt-5\">\n<div class=\"flex w-full flex-col gap-1 empty:hidden first:pt-[1px]\">\n<div class=\"markdown prose dark:prose-invert w-full break-words light markdown-new-styling\">\n<p data-start=\"2073\" data-end=\"2252\" data-is-last-node=\"\" data-is-only-node=\"\"><strong data-start=\"2075\" data-end=\"2093\">SALT. Colorado<\/strong> \u2013 nowoczesny aviator inspirowany wojskow\u0105 legend\u0105, stworzony z my\u015bl\u0105 o tych, kt\u00f3rzy ceni\u0105 <strong data-start=\"2184\" data-end=\"2252\" data-is-last-node=\"\">si\u0142\u0119 prostoty, innowacyjno\u015b\u0107 materia\u0142\u00f3w i perfekcyjne rzemios\u0142o.<\/strong><\/p>\n<p data-start=\"2073\" data-end=\"2252\" data-is-last-node=\"\" data-is-only-node=\"\">Modele marki <strong data-start=\"13\" data-end=\"22\">SALT.<\/strong> nie s\u0105 dost\u0119pne w sprzeda\u017cy online \u2013 na naszej stronie prezentujemy jedynie niewielki wycinek kolekcji. Ponad <strong data-start=\"133\" data-end=\"158\">150 wyj\u0105tkowych opraw<\/strong> tej marki mo\u017cna obejrze\u0107 wy\u0142\u0105cznie w naszym <strong data-start=\"203\" data-end=\"238\">salonie stacjonarnym Diuk Optyk<\/strong>.<\/p>\n<\/div>\n<\/div>\n<\/div>\n<\/div>\n<\/div>\n<\/div>\n<\/article>\n","protected":false},"excerpt":{"rendered":"<h3 data-start=\"0\" data-end=\"26\"><strong data-start=\"4\" data-end=\"24\">SALT. \u2013 Colorado<\/strong><\/h3>\n<p data-start=\"27\" data-end=\"57\"><strong data-start=\"27\" data-end=\"57\">R\u0119cznie wykonane w Japonii<\/strong><\/p>\n<p data-start=\"59\" data-end=\"404\">Model <strong data-start=\"65\" data-end=\"77\">Colorado<\/strong> od <strong data-start=\"81\" data-end=\"97\">SALT. Optics<\/strong> is een eigentijdse interpretatie van de klassieker <strong data-start=\"139\" data-end=\"175\">aviatora o kwadratowym kszta\u0142cie<\/strong>, wzorowanego na modelach wykorzystywanych przez ameryka\u0144skie lotnictwo od lat 50. XX wieku. To ponadczasowa, solidna forma, kt\u00f3ra <strong data-start=\"306\" data-end=\"346\">pasuje niemal do ka\u017cdego typu twarzy<\/strong>, \u0142\u0105cz\u0105c militarn\u0105 funkcjonalno\u015b\u0107 z nowoczesn\u0105 estetyk\u0105.<\/p>\n<p data-start=\"406\" data-end=\"757\">Wykonany w 100% z <strong data-start=\"424\" data-end=\"450\">tytanu klasy lotniczej<\/strong>, <strong data-start=\"452\" data-end=\"464\">Colorado<\/strong> oferuje <strong data-start=\"473\" data-end=\"516\">niezr\u00f3wnan\u0105 lekko\u015b\u0107, trwa\u0142o\u015b\u0107 i komfort<\/strong>. Nowatorski <strong data-start=\"529\" data-end=\"563\">1-milimetrowy insert z acetatu<\/strong> dodaje oprawie struktury i stabilno\u015bci, chroni\u0105c soczewki oraz umo\u017cliwiaj\u0105c po\u0142\u0105czenie <strong data-start=\"651\" data-end=\"700\">najwy\u017cszej jako\u015bci tytanu z mineralnym szk\u0142em<\/strong> \u2013 co\u015b, co wcze\u015bniej by\u0142o technologicznie nieosi\u0105galne.<\/p>\n<p data-start=\"759\" data-end=\"933\">Ten element pozwala r\u00f3wnie\u017c na uzyskanie wyj\u0105tkowych efekt\u00f3w kolorystycznych \u2013 od subtelnych ton\u00f3w po wyraziste kontrasty \u2013 podkre\u015blaj\u0105c indywidualny charakter ka\u017cdej pary.<\/p>\n<p data-start=\"935\" data-end=\"1119\">Wn\u0119trze zausznik\u00f3w i nosk\u00f3w zdobi <strong data-start=\"969\" data-end=\"994\">organiczny wz\u00f3r SALT.<\/strong>, kt\u00f3ry nie tylko dodaje unikalnego stylu, lecz tak\u017ce <strong data-start=\"1048\" data-end=\"1073\">zwi\u0119ksza przyczepno\u015b\u0107<\/strong> do sk\u00f3ry, gwarantuj\u0105c stabilne dopasowanie.<\/p>\n<hr data-start=\"1121\" data-end=\"1124\" \/>\n<p data-start=\"1126\" data-end=\"1153\"><strong data-start=\"1126\" data-end=\"1151\">Technische details:<\/strong><\/p>\n<ul data-start=\"1154\" data-end=\"1686\">\n<li data-start=\"1154\" data-end=\"1196\">\n<p data-start=\"1156\" data-end=\"1196\">Wymiary: 55 [] 17 \u2013 142\u2003|\u2003B: 43\u2003ED: 57<\/p>\n<\/li>\n<li data-start=\"1197\" data-end=\"1262\">\n<p data-start=\"1199\" data-end=\"1262\">Materiaal: <strong data-start=\"1209\" data-end=\"1234\">Tytan klasy lotniczej<\/strong> z 1 mm insertem z acetatu<\/p>\n<\/li>\n<li data-start=\"1263\" data-end=\"1343\">\n<p data-start=\"1265\" data-end=\"1343\">Kolorystyka: Zr\u00f3\u017cnicowane warianty \u2013 od kontrastowych po subtelne monochromy<\/p>\n<\/li>\n<li data-start=\"1344\" data-end=\"1686\">\n<p data-start=\"1346\" data-end=\"1360\">W\u0142a\u015bciwo\u015bci:<\/p>\n<ul data-start=\"1363\" data-end=\"1686\">\n<li data-start=\"1363\" data-end=\"1421\">\n<p data-start=\"1365\" data-end=\"1421\">Lekka, a jednocze\u015bnie wyj\u0105tkowo wytrzyma\u0142a konstrukcja<\/p>\n<\/li>\n<li data-start=\"1424\" data-end=\"1491\">\n<p data-start=\"1426\" data-end=\"1491\">1 mm acetatowy insert zapewniaj\u0105cy struktur\u0119 i ochron\u0119 soczewek<\/p>\n<\/li>\n<li data-start=\"1494\" data-end=\"1579\">\n<p data-start=\"1496\" data-end=\"1579\">Wz\u00f3r <strong data-start=\"1501\" data-end=\"1526\">SALT. Organic Pattern<\/strong> na noskach i zausznikach zwi\u0119kszaj\u0105cy przyczepno\u015b\u0107<\/p>\n<\/li>\n<li data-start=\"1582\" data-end=\"1624\">\n<p data-start=\"1584\" data-end=\"1624\">Doskona\u0142a ergonomia i trwa\u0142o\u015b\u0107 na lata<\/p>\n<\/li>\n<li data-start=\"1627\" data-end=\"1686\">\n<p data-start=\"1629\" data-end=\"1686\">100% wykonania w Japonii z najwy\u017cszej klasy komponent\u00f3w<\/p>\n<\/li>\n<\/ul>\n<\/li>\n<\/ul>\n<hr data-start=\"1688\" data-end=\"1691\" \/>\n<p data-start=\"1693\" data-end=\"2066\"><strong data-start=\"1693\" data-end=\"1712\">Dlaczego SALT.?<\/strong><br data-start=\"1712\" data-end=\"1715\" \/>Merk <strong data-start=\"1721\" data-end=\"1737\">SALT. Optics<\/strong> \u0142\u0105czy <strong data-start=\"1744\" data-end=\"1792\">kalifornijski minimalizm z japo\u0144sk\u0105 precyzj\u0105<\/strong>, tworz\u0105c oprawy, kt\u00f3re oferuj\u0105 <strong data-start=\"1824\" data-end=\"1886\">najwy\u017csz\u0105 jako\u015b\u0107 wykonania, komfort i optyczn\u0105 doskona\u0142o\u015b\u0107<\/strong>. Ka\u017cdy model powstaje z materia\u0142\u00f3w klasy premium \u2013 od <strong data-start=\"1941\" data-end=\"1962\">tytanu lotniczego<\/strong> po <strong data-start=\"1966\" data-end=\"1994\">r\u0119cznie obrabiany acetat<\/strong> \u2013 dla tych, kt\u00f3rzy oczekuj\u0105 trwa\u0142o\u015bci i stylu na najwy\u017cszym poziomie.<\/p>","protected":false},"featured_media":4084,"template":"","meta":{"_acf_changed":false},"product_brand":[343],"product_cat":[32,37,51,35],"product_tag":[],"model":[],"class_list":{"0":"post-4080","1":"product","2":"type-product","3":"status-publish","4":"has-post-thumbnail","6":"product_brand-salt","7":"product_cat-damskie","8":"product_cat-meskie","9":"product_cat-okulary-korekcyjne","10":"product_cat-unisex","12":"first","13":"instock","14":"shipping-taxable","15":"purchasable","16":"product-type-simple"},"acf":[],"aioseo_notices":[],"_links":{"self":[{"href":"https:\/\/diukeyewear.nl\/nl\/wp-json\/wp\/v2\/product\/4080","targetHints":{"allow":["GET"]}}],"collection":[{"href":"https:\/\/diukeyewear.nl\/nl\/wp-json\/wp\/v2\/product"}],"about":[{"href":"https:\/\/diukeyewear.nl\/nl\/wp-json\/wp\/v2\/types\/product"}],"version-history":[{"count":1,"href":"https:\/\/diukeyewear.nl\/nl\/wp-json\/wp\/v2\/product\/4080\/revisions"}],"predecessor-version":[{"id":4085,"href":"https:\/\/diukeyewear.nl\/nl\/wp-json\/wp\/v2\/product\/4080\/revisions\/4085"}],"wp:featuredmedia":[{"embeddable":true,"href":"https:\/\/diukeyewear.nl\/nl\/wp-json\/wp\/v2\/media\/4084"}],"wp:attachment":[{"href":"https:\/\/diukeyewear.nl\/nl\/wp-json\/wp\/v2\/media?parent=4080"}],"wp:term":[{"taxonomy":"product_brand","embeddable":true,"href":"https:\/\/diukeyewear.nl\/nl\/wp-json\/wp\/v2\/product_brand?post=4080"},{"taxonomy":"product_cat","embeddable":true,"href":"https:\/\/diukeyewear.nl\/nl\/wp-json\/wp\/v2\/product_cat?post=4080"},{"taxonomy":"product_tag","embeddable":true,"href":"https:\/\/diukeyewear.nl\/nl\/wp-json\/wp\/v2\/product_tag?post=4080"},{"taxonomy":"model","embeddable":true,"href":"https:\/\/diukeyewear.nl\/nl\/wp-json\/wp\/v2\/model?post=4080"}],"curies":[{"name":"wp","href":"https:\/\/api.w.org\/{rel}","templated":true}]}}