{"id":4244,"date":"2025-10-19T18:31:40","date_gmt":"2025-10-19T16:31:40","guid":{"rendered":"https:\/\/www.diukoptyk.pl\/?post_type=product&#038;p=4244"},"modified":"2026-01-25T20:43:35","modified_gmt":"2026-01-25T19:43:35","slug":"salt-jennings-indigo-blue","status":"publish","type":"product","link":"https:\/\/diukeyewear.nl\/nl\/produkt\/salt-jennings-indigo-blue\/","title":{"rendered":"SALT. JENNINGS | INDIGO BLUE"},"content":{"rendered":"<p><strong data-start=\"1787\" data-end=\"1817\">SALT. Jennings Indigo Blue<\/strong> \u2013 klasyczna, vintage\u2019owa forma w nowoczesnym wydaniu. Dla os\u00f3b, kt\u00f3re ceni\u0105 <strong data-start=\"1894\" data-end=\"1958\" data-is-last-node=\"\">charakter, jako\u015b\u0107 i ponadczasowy styl inspirowany latami 60.<\/strong><\/p>","protected":false},"excerpt":{"rendered":"<h3 data-start=\"0\" data-end=\"38\"><strong data-start=\"4\" data-end=\"36\">SALT. \u2013 Jennings Indigo Blue<\/strong><\/h3>\n<p data-start=\"39\" data-end=\"69\"><strong data-start=\"39\" data-end=\"69\">R\u0119cznie wykonane w Japonii<\/strong><\/p>\n<p data-start=\"71\" data-end=\"416\">Model <strong data-start=\"77\" data-end=\"89\">Jennings<\/strong> op kleur <strong data-start=\"100\" data-end=\"115\">Indigo Blue<\/strong> to stylowa reinterpretacja okular\u00f3w z ko\u0144ca lat 60. \u2013 epoki, kt\u00f3ra obfitowa\u0142a w odwa\u017cne wzornictwo i charakterystyczne akcenty. Klasyczna, mocniejsza forma oraz unikalna, funkcjonalna tarcza frontowa (face plaque) nawi\u0105zuj\u0105 do tamtego okresu, tworz\u0105c opraw\u0119 o ponadczasowym, wyrazistym charakterze.<\/p>\n<p data-start=\"418\" data-end=\"687\">Wykonane w 100% z <strong data-start=\"436\" data-end=\"467\">japo\u0144skiego acetatu premium<\/strong>, okulary <strong data-start=\"477\" data-end=\"489\">Jennings<\/strong> bieden <strong data-start=\"501\" data-end=\"550\">sztywno\u015b\u0107, trwa\u0142o\u015b\u0107 oraz stabilne dopasowanie<\/strong>. Precyzyjnie dobrana grubo\u015b\u0107 acetatu redukuje napi\u0119cie soczewek, gwarantuj\u0105c <strong data-start=\"628\" data-end=\"684\">idealn\u0105 przejrzysto\u015b\u0107 i d\u0142ugotrwa\u0142y komfort noszenia<\/strong>.<\/p>\n<p data-start=\"689\" data-end=\"969\">Model wyposa\u017cony jest w <strong data-start=\"713\" data-end=\"744\">funkcjonalne nitowe zawiasy<\/strong>, dzi\u0119ki kt\u00f3rym oprawa zyskuje dodatkow\u0105 wytrzyma\u0142o\u015b\u0107 i mo\u017ce s\u0142u\u017cy\u0107 przez wiele lat. Kolor <strong data-start=\"835\" data-end=\"850\">Indigo Blue<\/strong> \u2013 subtelna, g\u0142\u0119boka odmiana ciemnego b\u0142\u0119kitu \u2013 nadaje ca\u0142o\u015bci elegancji i retro-energii charakterystycznej dla SALT.<\/p>\n<hr data-start=\"971\" data-end=\"974\" \/>\n<p data-start=\"976\" data-end=\"1003\"><strong data-start=\"976\" data-end=\"1001\">Technische details:<\/strong><\/p>\n<ul data-start=\"1004\" data-end=\"1378\">\n<li data-start=\"1004\" data-end=\"1050\">\n<p data-start=\"1006\" data-end=\"1050\">Wymiary: 49 [] 22 \u2013 148\u2003|\u2003B: 41.5\u2003ED: 53.5<\/p>\n<\/li>\n<li data-start=\"1051\" data-end=\"1092\">\n<p data-start=\"1053\" data-end=\"1092\">Materiaal: <strong data-start=\"1063\" data-end=\"1090\">Japo\u0144ski acetat premium<\/strong><\/p>\n<\/li>\n<li data-start=\"1093\" data-end=\"1119\">\n<p data-start=\"1095\" data-end=\"1119\">Kleur: <strong data-start=\"1102\" data-end=\"1117\">Indigo Blue<\/strong><\/p>\n<\/li>\n<li data-start=\"1120\" data-end=\"1178\">\n<p data-start=\"1122\" data-end=\"1178\">Zawiasy: Funkcjonalne nitowe, dla najwy\u017cszej trwa\u0142o\u015bci<\/p>\n<\/li>\n<li data-start=\"1179\" data-end=\"1378\">\n<p data-start=\"1181\" data-end=\"1195\">W\u0142a\u015bciwo\u015bci:<\/p>\n<ul data-start=\"1198\" data-end=\"1378\">\n<li data-start=\"1198\" data-end=\"1256\">\n<p data-start=\"1200\" data-end=\"1256\">Stabilna, klasyczna konstrukcja inspirowana latami 60.<\/p>\n<\/li>\n<li data-start=\"1259\" data-end=\"1305\">\n<p data-start=\"1261\" data-end=\"1305\">Wysoki po\u0142ysk i odporno\u015b\u0107 na odkszta\u0142cenia<\/p>\n<\/li>\n<li data-start=\"1308\" data-end=\"1378\">\n<p data-start=\"1310\" data-end=\"1378\">Precyzyjna grubo\u015b\u0107 acetatu zapewniaj\u0105ca komfort i ochron\u0119 soczewek<\/p>\n<\/li>\n<\/ul>\n<\/li>\n<\/ul>\n<hr data-start=\"1380\" data-end=\"1383\" \/>\n<p data-start=\"1385\" data-end=\"1778\"><strong data-start=\"1385\" data-end=\"1404\">Dlaczego SALT.?<\/strong><br data-start=\"1404\" data-end=\"1407\" \/>Merk <strong data-start=\"1413\" data-end=\"1429\">SALT. Optics<\/strong> wykorzystuje wy\u0142\u0105cznie <strong data-start=\"1453\" data-end=\"1486\">najlepsze japo\u0144skie materia\u0142y<\/strong> \u2013 od premium acetatu po tytan klasy lotniczej \u2013 aby zapewni\u0107 <strong data-start=\"1548\" data-end=\"1610\">doskona\u0142e dopasowanie i najwy\u017cszy poziom optycznej jako\u015bci<\/strong>. Wszystkie okulary przeciws\u0142oneczne SALT. wyposa\u017cone s\u0105 w <strong data-start=\"1669\" data-end=\"1735\">polaryzowane soczewki z pow\u0142okami AR, hydrofobow\u0105 i oleofobow\u0105<\/strong>, spe\u0142niaj\u0105ce ameryka\u0144skie standardy FDA.<\/p>","protected":false},"featured_media":4249,"template":"","meta":{"_acf_changed":false},"product_brand":[343],"product_cat":[32,37,51,35],"product_tag":[],"model":[],"class_list":{"0":"post-4244","1":"product","2":"type-product","3":"status-publish","4":"has-post-thumbnail","6":"product_brand-salt","7":"product_cat-damskie","8":"product_cat-meskie","9":"product_cat-okulary-korekcyjne","10":"product_cat-unisex","12":"first","13":"instock","14":"shipping-taxable","15":"purchasable","16":"product-type-simple"},"acf":[],"aioseo_notices":[],"_links":{"self":[{"href":"https:\/\/diukeyewear.nl\/nl\/wp-json\/wp\/v2\/product\/4244","targetHints":{"allow":["GET"]}}],"collection":[{"href":"https:\/\/diukeyewear.nl\/nl\/wp-json\/wp\/v2\/product"}],"about":[{"href":"https:\/\/diukeyewear.nl\/nl\/wp-json\/wp\/v2\/types\/product"}],"version-history":[{"count":2,"href":"https:\/\/diukeyewear.nl\/nl\/wp-json\/wp\/v2\/product\/4244\/revisions"}],"predecessor-version":[{"id":4324,"href":"https:\/\/diukeyewear.nl\/nl\/wp-json\/wp\/v2\/product\/4244\/revisions\/4324"}],"wp:featuredmedia":[{"embeddable":true,"href":"https:\/\/diukeyewear.nl\/nl\/wp-json\/wp\/v2\/media\/4249"}],"wp:attachment":[{"href":"https:\/\/diukeyewear.nl\/nl\/wp-json\/wp\/v2\/media?parent=4244"}],"wp:term":[{"taxonomy":"product_brand","embeddable":true,"href":"https:\/\/diukeyewear.nl\/nl\/wp-json\/wp\/v2\/product_brand?post=4244"},{"taxonomy":"product_cat","embeddable":true,"href":"https:\/\/diukeyewear.nl\/nl\/wp-json\/wp\/v2\/product_cat?post=4244"},{"taxonomy":"product_tag","embeddable":true,"href":"https:\/\/diukeyewear.nl\/nl\/wp-json\/wp\/v2\/product_tag?post=4244"},{"taxonomy":"model","embeddable":true,"href":"https:\/\/diukeyewear.nl\/nl\/wp-json\/wp\/v2\/model?post=4244"}],"curies":[{"name":"wp","href":"https:\/\/api.w.org\/{rel}","templated":true}]}}