{"id":4353,"date":"2025-10-21T20:07:21","date_gmt":"2025-10-21T18:07:21","guid":{"rendered":"https:\/\/www.diukoptyk.pl\/?post_type=product&#038;p=4353"},"modified":"2026-01-25T20:43:35","modified_gmt":"2026-01-25T19:43:35","slug":"salt-reiner-matte-mauve-mist","status":"publish","type":"product","link":"https:\/\/diukeyewear.nl\/nl\/produkt\/salt-reiner-matte-mauve-mist\/","title":{"rendered":"SALT. REINER | Matte Mauve Mist"},"content":{"rendered":"<article class=\"text-token-text-primary w-full focus:outline-none [--shadow-height:45px] has-data-writing-block:pointer-events-none has-data-writing-block:-mt-(--shadow-height) has-data-writing-block:pt-(--shadow-height) [&amp;:has([data-writing-block])&gt;*]:pointer-events-auto [content-visibility:auto] supports-[content-visibility:auto]:[contain-intrinsic-size:auto_100lvh] scroll-mt-[calc(var(--header-height)+min(200px,max(70px,20svh)))]\" dir=\"auto\" tabindex=\"-1\" data-turn-id=\"request-690b6d5e-e848-832f-9892-1af17453ed35-1\" data-testid=\"conversation-turn-32\" data-scroll-anchor=\"true\" data-turn=\"assistant\">\n<div class=\"text-base my-auto mx-auto pb-10 [--thread-content-margin:--spacing(4)] thread-sm:[--thread-content-margin:--spacing(6)] thread-lg:[--thread-content-margin:--spacing(16)] px-(--thread-content-margin)\">\n<div class=\"[--thread-content-max-width:40rem] thread-lg:[--thread-content-max-width:48rem] mx-auto max-w-(--thread-content-max-width) flex-1 group\/turn-messages focus-visible:outline-hidden relative flex w-full min-w-0 flex-col agent-turn\" tabindex=\"-1\">\n<div class=\"flex max-w-full flex-col grow\">\n<div class=\"min-h-8 text-message relative flex w-full flex-col items-end gap-2 text-start break-words whitespace-normal [.text-message+&amp;]:mt-1\" dir=\"auto\" data-message-author-role=\"assistant\" data-message-id=\"31b7fc41-4a91-4623-9bc8-e4f15864daf9\" data-message-model-slug=\"gpt-5-1\">\n<div class=\"flex w-full flex-col gap-1 empty:hidden first:pt-[1px]\">\n<div class=\"markdown prose dark:prose-invert w-full break-words light markdown-new-styling\">\n<p data-start=\"1854\" data-end=\"2025\" data-is-last-node=\"\" data-is-only-node=\"\"><strong data-start=\"1856\" data-end=\"1872\">SALT. Reiner<\/strong> \u2013 klasyczne okulary przeciws\u0142oneczne w minimalistycznym wydaniu, stworzone dla os\u00f3b, kt\u00f3re ceni\u0105 <strong data-start=\"1970\" data-end=\"2024\">czyst\u0105 form\u0119, trwa\u0142o\u015b\u0107 i najwy\u017csz\u0105 jako\u015b\u0107 widzenia<\/strong>.<\/p>\n<\/div>\n<\/div>\n<\/div>\n<\/div>\n<\/div>\n<\/div>\n<\/article>\n","protected":false},"excerpt":{"rendered":"<h3 data-start=\"0\" data-end=\"24\"><strong data-start=\"4\" data-end=\"22\">SALT. \u2013 Reiner<\/strong><\/h3>\n<p data-start=\"25\" data-end=\"55\"><strong data-start=\"25\" data-end=\"55\">R\u0119cznie wykonane w Japonii<\/strong><\/p>\n<p data-start=\"57\" data-end=\"306\">Model <strong data-start=\"63\" data-end=\"73\">Reiner<\/strong> to klasyczne okulary przeciws\u0142oneczne stworzone w duchu wsp\u00f3\u0142czesnego minimalizmu. SALT. si\u0119ga tu po czyste linie, ponadczasow\u0105 form\u0119 i najwy\u017csz\u0105 jako\u015b\u0107 komponent\u00f3w, tworz\u0105c model, kt\u00f3ry \u0142\u0105czy elegancj\u0119 z funkcjonalno\u015bci\u0105 na lata.<\/p>\n<p data-start=\"308\" data-end=\"650\">Rama wykonana w 100% z <strong data-start=\"331\" data-end=\"362\">japo\u0144skiego acetatu premium<\/strong> zapewnia wyj\u0105tkow\u0105 <strong data-start=\"382\" data-end=\"431\">sztywno\u015b\u0107, trwa\u0142o\u015b\u0107 i perfekcyjne dopasowanie<\/strong>, pozostaj\u0105c jednocze\u015bnie komfortow\u0105 i odporn\u0105 na odkszta\u0142cenia. <strong data-start=\"496\" data-end=\"546\">Siedmioprzegubowe zawiasy ze stali nierdzewnej<\/strong> en <strong data-start=\"552\" data-end=\"579\">nitowany tr\u00f3jk\u0105tny wz\u00f3r<\/strong> wzmacniaj\u0105 konstrukcj\u0119, zapewniaj\u0105c d\u0142ugowieczno\u015b\u0107 i p\u0142ynno\u015b\u0107 pracy.<\/p>\n<p data-start=\"652\" data-end=\"1008\">Model <strong data-start=\"658\" data-end=\"668\">Reiner<\/strong> zosta\u0142 wyposa\u017cony w <strong data-start=\"689\" data-end=\"737\">polaryzowane soczewki optyczne Glass &amp; CR-39<\/strong>, kt\u00f3re gwarantuj\u0105 najwy\u017csz\u0105 przejrzysto\u015b\u0107 obrazu i redukcj\u0119 odblask\u00f3w. Soczewki pokryte s\u0105 kompletem pow\u0142ok SALT.: <strong data-start=\"853\" data-end=\"898\">antyrefleksyjn\u0105, hydrofobow\u0105 i oleofobow\u0105<\/strong>, dzi\u0119ki czemu odbijaj\u0105 mniej \u015bwiat\u0142a, odpychaj\u0105 wod\u0119 i brud, a tak\u017ce chroni\u0105 przed szkodliwymi promieniami.<\/p>\n<hr data-start=\"1010\" data-end=\"1013\" \/>\n<p data-start=\"1015\" data-end=\"1042\"><strong data-start=\"1015\" data-end=\"1040\">Technische details:<\/strong><\/p>\n<ul data-start=\"1043\" data-end=\"1498\">\n<li data-start=\"1043\" data-end=\"1089\">\n<p data-start=\"1045\" data-end=\"1089\">Wymiary: 51 [] 21 \u2013 150\u2003|\u2003B: 43.2\u2003ED: 57.2<\/p>\n<\/li>\n<li data-start=\"1090\" data-end=\"1131\">\n<p data-start=\"1092\" data-end=\"1131\">Materiaal: <strong data-start=\"1102\" data-end=\"1129\">Japo\u0144ski acetat premium<\/strong><\/p>\n<\/li>\n<li data-start=\"1132\" data-end=\"1205\">\n<p data-start=\"1134\" data-end=\"1205\">Scharnieren: <strong data-start=\"1143\" data-end=\"1171\">7-barrel stainless steel<\/strong> + nitowany wz\u00f3r triangle plaque<\/p>\n<\/li>\n<li data-start=\"1206\" data-end=\"1266\">\n<p data-start=\"1208\" data-end=\"1266\">Soczewki: Polaryzowane <strong data-start=\"1231\" data-end=\"1248\">Glass &amp; CR-39<\/strong>, klasa optyczna<\/p>\n<\/li>\n<li data-start=\"1267\" data-end=\"1320\">\n<p data-start=\"1269\" data-end=\"1320\">Pow\u0142oki: Antyrefleksyjna, hydrofobowa, oleofobowa<\/p>\n<\/li>\n<li data-start=\"1321\" data-end=\"1498\">\n<p data-start=\"1323\" data-end=\"1337\">W\u0142a\u015bciwo\u015bci:<\/p>\n<ul data-start=\"1340\" data-end=\"1498\">\n<li data-start=\"1340\" data-end=\"1375\">\n<p data-start=\"1342\" data-end=\"1375\">Stabilna, elegancka konstrukcja<\/p>\n<\/li>\n<li data-start=\"1378\" data-end=\"1408\">\n<p data-start=\"1380\" data-end=\"1408\">Trwa\u0142o\u015b\u0107 i komfort na lata<\/p>\n<\/li>\n<li data-start=\"1411\" data-end=\"1456\">\n<p data-start=\"1413\" data-end=\"1456\">Wysoki po\u0142ysk dzi\u0119ki r\u0119cznemu polerowaniu<\/p>\n<\/li>\n<li data-start=\"1459\" data-end=\"1498\">\n<p data-start=\"1461\" data-end=\"1498\">Pe\u0142na ochrona i klarowno\u015b\u0107 optyczna<\/p>\n<\/li>\n<\/ul>\n<\/li>\n<\/ul>\n<hr data-start=\"1500\" data-end=\"1503\" \/>\n<p data-start=\"1505\" data-end=\"1847\"><strong data-start=\"1505\" data-end=\"1524\">Dlaczego SALT.?<\/strong><br data-start=\"1524\" data-end=\"1527\" \/>SALT. Optics korzysta wy\u0142\u0105cznie z <strong data-start=\"1561\" data-end=\"1605\">najwy\u017cszej jako\u015bci japo\u0144skich materia\u0142\u00f3w<\/strong>, kt\u00f3re pozwalaj\u0105 osi\u0105gn\u0105\u0107 idealne dopasowanie, precyzj\u0119 konstrukcji i doskona\u0142\u0105 optyk\u0119. Marka stawia na bezkompromisowe rzemios\u0142o \u2013 ka\u017cdy detal jest dopracowany, a ka\u017cdy model to po\u0142\u0105czenie minimalistycznej estetyki z techniczn\u0105 perfekcj\u0105.<\/p>","protected":false},"featured_media":4356,"template":"","meta":{"_acf_changed":false},"product_brand":[343],"product_cat":[37,51,30],"product_tag":[],"model":[],"class_list":{"0":"post-4353","1":"product","2":"type-product","3":"status-publish","4":"has-post-thumbnail","6":"product_brand-salt","7":"product_cat-meskie","8":"product_cat-okulary-korekcyjne","9":"product_cat-okulary-przeciwsloneczne","11":"first","12":"instock","13":"shipping-taxable","14":"purchasable","15":"product-type-simple"},"acf":[],"aioseo_notices":[],"_links":{"self":[{"href":"https:\/\/diukeyewear.nl\/nl\/wp-json\/wp\/v2\/product\/4353","targetHints":{"allow":["GET"]}}],"collection":[{"href":"https:\/\/diukeyewear.nl\/nl\/wp-json\/wp\/v2\/product"}],"about":[{"href":"https:\/\/diukeyewear.nl\/nl\/wp-json\/wp\/v2\/types\/product"}],"version-history":[{"count":1,"href":"https:\/\/diukeyewear.nl\/nl\/wp-json\/wp\/v2\/product\/4353\/revisions"}],"predecessor-version":[{"id":4358,"href":"https:\/\/diukeyewear.nl\/nl\/wp-json\/wp\/v2\/product\/4353\/revisions\/4358"}],"wp:featuredmedia":[{"embeddable":true,"href":"https:\/\/diukeyewear.nl\/nl\/wp-json\/wp\/v2\/media\/4356"}],"wp:attachment":[{"href":"https:\/\/diukeyewear.nl\/nl\/wp-json\/wp\/v2\/media?parent=4353"}],"wp:term":[{"taxonomy":"product_brand","embeddable":true,"href":"https:\/\/diukeyewear.nl\/nl\/wp-json\/wp\/v2\/product_brand?post=4353"},{"taxonomy":"product_cat","embeddable":true,"href":"https:\/\/diukeyewear.nl\/nl\/wp-json\/wp\/v2\/product_cat?post=4353"},{"taxonomy":"product_tag","embeddable":true,"href":"https:\/\/diukeyewear.nl\/nl\/wp-json\/wp\/v2\/product_tag?post=4353"},{"taxonomy":"model","embeddable":true,"href":"https:\/\/diukeyewear.nl\/nl\/wp-json\/wp\/v2\/model?post=4353"}],"curies":[{"name":"wp","href":"https:\/\/api.w.org\/{rel}","templated":true}]}}