{"id":4359,"date":"2025-10-21T20:11:57","date_gmt":"2025-10-21T18:11:57","guid":{"rendered":"https:\/\/www.diukoptyk.pl\/?post_type=product&#038;p=4359"},"modified":"2026-01-25T20:43:35","modified_gmt":"2026-01-25T19:43:35","slug":"salt-columbia-antique-gold-indigo-blue","status":"publish","type":"product","link":"https:\/\/diukeyewear.nl\/nl\/produkt\/salt-columbia-antique-gold-indigo-blue\/","title":{"rendered":"SALT. COLUMBIA | ANTIQUE GOLD\/ INDIGO BLUE"},"content":{"rendered":"<article class=\"text-token-text-primary w-full focus:outline-none [--shadow-height:45px] has-data-writing-block:pointer-events-none has-data-writing-block:-mt-(--shadow-height) has-data-writing-block:pt-(--shadow-height) [&amp;:has([data-writing-block])&gt;*]:pointer-events-auto [content-visibility:auto] supports-[content-visibility:auto]:[contain-intrinsic-size:auto_100lvh] scroll-mt-[calc(var(--header-height)+min(200px,max(70px,20svh)))]\" dir=\"auto\" tabindex=\"-1\" data-turn-id=\"request-690b6d5e-e848-832f-9892-1af17453ed35-2\" data-testid=\"conversation-turn-34\" data-scroll-anchor=\"true\" data-turn=\"assistant\">\n<div class=\"text-base my-auto mx-auto pb-10 [--thread-content-margin:--spacing(4)] thread-sm:[--thread-content-margin:--spacing(6)] thread-lg:[--thread-content-margin:--spacing(16)] px-(--thread-content-margin)\">\n<div class=\"[--thread-content-max-width:40rem] thread-lg:[--thread-content-max-width:48rem] mx-auto max-w-(--thread-content-max-width) flex-1 group\/turn-messages focus-visible:outline-hidden relative flex w-full min-w-0 flex-col agent-turn\" tabindex=\"-1\">\n<div class=\"flex max-w-full flex-col grow\">\n<div class=\"min-h-8 text-message relative flex w-full flex-col items-end gap-2 text-start break-words whitespace-normal [.text-message+&amp;]:mt-1\" dir=\"auto\" data-message-author-role=\"assistant\" data-message-id=\"affcf241-defa-4a16-869f-140c21faa84c\" data-message-model-slug=\"gpt-5-1\">\n<div class=\"flex w-full flex-col gap-1 empty:hidden first:pt-[1px]\">\n<div class=\"markdown prose dark:prose-invert w-full break-words light markdown-new-styling\">\n<p data-start=\"2286\" data-end=\"2446\" data-is-last-node=\"\" data-is-only-node=\"\"><strong data-start=\"2288\" data-end=\"2309\">SALT. Columbia 56<\/strong> \u2013 ikona aviatora w luksusowym, nowoczesnym wydaniu. Je\u015bli masz wybra\u0107 <strong data-start=\"2380\" data-end=\"2396\">jedn\u0105 jedyn\u0105<\/strong> par\u0119 okular\u00f3w przeciws\u0142onecznych \u2013 to w\u0142a\u015bnie t\u0119.<\/p>\n<\/div>\n<\/div>\n<\/div>\n<\/div>\n<\/div>\n<\/div>\n<\/article>\n","protected":false},"excerpt":{"rendered":"<h3 data-start=\"0\" data-end=\"29\"><strong data-start=\"4\" data-end=\"27\">SALT. \u2013 Columbia 56<\/strong><\/h3>\n<p data-start=\"30\" data-end=\"60\"><strong data-start=\"30\" data-end=\"60\">R\u0119cznie wykonane w Japonii<\/strong><\/p>\n<p data-start=\"62\" data-end=\"449\">Model <strong data-start=\"68\" data-end=\"83\">Columbia 56<\/strong> to wsp\u00f3\u0142czesne spojrzenie na najbardziej ikoniczny kszta\u0142t okular\u00f3w przeciws\u0142onecznych w historii \u2013 klasyczny <strong data-start=\"194\" data-end=\"214\">teardrop aviator<\/strong>, stosowany przez niemal sto lat jako niezawodne narz\u0119dzie ochrony wzroku. SALT. rozwija to dziedzictwo, oferuj\u0105c po\u0142\u0105czenie <strong data-start=\"339\" data-end=\"384\">lekko\u015bci, trwa\u0142o\u015bci i perfekcyjnej optyki<\/strong>, tworz\u0105c jedne z najbardziej dopracowanych aviator\u00f3w na rynku.<\/p>\n<p data-start=\"451\" data-end=\"909\">Wykonane z <strong data-start=\"462\" data-end=\"500\">japo\u0144skiego tytanu klasy lotniczej<\/strong>, okulary Columbia s\u0105 niezwykle wytrzyma\u0142e, a jednocze\u015bnie niemal pi\u00f3rkowo lekkie. Kluczowym elementem konstrukcji jest <strong data-start=\"620\" data-end=\"654\">1-milimetrowy insert z acetatu<\/strong>, kt\u00f3ry dodaje wn\u0119trzu ramy struktury, wzmacnia soczewki oraz umo\u017cliwia po\u0142\u0105czenie materia\u0142\u00f3w najwy\u017cszej klasy \u2013 m.in. tytanu z mineralnym szk\u0142em. Insert wprowadza te\u017c <strong data-start=\"822\" data-end=\"853\">drug\u0105 warstw\u0119 kolorystyczn\u0105<\/strong>, pozwalaj\u0105c na subtelne lub odwa\u017cne zestawienia barw.<\/p>\n<p data-start=\"911\" data-end=\"1090\">Wewn\u0105trz zausznik\u00f3w i nosk\u00f3w znajduje si\u0119 <strong data-start=\"953\" data-end=\"978\">organiczny wz\u00f3r SALT.<\/strong>, kt\u00f3ry nie tylko podkre\u015bla unikalno\u015b\u0107 modelu, lecz tak\u017ce zwi\u0119ksza przyczepno\u015b\u0107 i stabilno\u015b\u0107 oprawy na twarzy.<\/p>\n<p data-start=\"1092\" data-end=\"1336\">Model wyposa\u017cony jest w <strong data-start=\"1116\" data-end=\"1157\">polaryzowane soczewki klasy optycznej<\/strong> (Glass &amp; CR-39) z kompletem pow\u0142ok SALT.: <strong data-start=\"1200\" data-end=\"1245\">antyrefleksyjn\u0105, hydrofobow\u0105 i oleofobow\u0105<\/strong> \u2013 zapewniaj\u0105c doskona\u0142\u0105 ochron\u0119 przed odblaskami, wod\u0105, brudem oraz szkodliwym \u015bwiat\u0142em.<\/p>\n<p data-start=\"1338\" data-end=\"1486\">To okulary dla os\u00f3b, kt\u00f3re chc\u0105 mie\u0107 <strong data-start=\"1375\" data-end=\"1406\">jedn\u0105, idealn\u0105 par\u0119 na lata<\/strong> \u2013 zar\u00f3wno do codziennego u\u017cytku, jak i podr\u00f3\u017cy, jazdy czy plan\u00f3w zdj\u0119ciowych.<\/p>\n<hr data-start=\"1488\" data-end=\"1491\" \/>\n<p data-start=\"1493\" data-end=\"1520\"><strong data-start=\"1493\" data-end=\"1518\">Technische details:<\/strong><\/p>\n<ul data-start=\"1521\" data-end=\"1973\">\n<li data-start=\"1521\" data-end=\"1563\">\n<p data-start=\"1523\" data-end=\"1563\">Wymiary: 56 [] 16 \u2013 142\u2003|\u2003B: 45\u2003ED: 57<\/p>\n<\/li>\n<li data-start=\"1564\" data-end=\"1627\">\n<p data-start=\"1566\" data-end=\"1627\">Materiaal: <strong data-start=\"1576\" data-end=\"1601\">Tytan klasy lotniczej<\/strong> + 1 mm acetatowy insert<\/p>\n<\/li>\n<li data-start=\"1628\" data-end=\"1696\">\n<p data-start=\"1630\" data-end=\"1696\">Kolorystyka: mo\u017cliwo\u015bci subtelnych i kontrastowych wariacji barw<\/p>\n<\/li>\n<li data-start=\"1697\" data-end=\"1758\">\n<p data-start=\"1699\" data-end=\"1758\">Soczewki: Polaryzowane <strong data-start=\"1722\" data-end=\"1739\">Glass &amp; CR-39<\/strong>, klasy optycznej<\/p>\n<\/li>\n<li data-start=\"1759\" data-end=\"1812\">\n<p data-start=\"1761\" data-end=\"1812\">Pow\u0142oki: Antyrefleksyjna, hydrofobowa, oleofobowa<\/p>\n<\/li>\n<li data-start=\"1813\" data-end=\"1973\">\n<p data-start=\"1815\" data-end=\"1824\">Bijzonderheden:<\/p>\n<ul data-start=\"1827\" data-end=\"1973\">\n<li data-start=\"1827\" data-end=\"1876\">\n<p data-start=\"1829\" data-end=\"1876\">Organiczny wz\u00f3r SALT. na noskach i ko\u0144c\u00f3wkach<\/p>\n<\/li>\n<li data-start=\"1879\" data-end=\"1934\">\n<p data-start=\"1881\" data-end=\"1934\">Wzmocniona konstrukcja dzi\u0119ki acetatowemu insertowi<\/p>\n<\/li>\n<li data-start=\"1937\" data-end=\"1973\">\n<p data-start=\"1939\" data-end=\"1973\">Lekkie, wytrzyma\u0142e, ergonomiczne<\/p>\n<\/li>\n<\/ul>\n<\/li>\n<\/ul>\n<hr data-start=\"1975\" data-end=\"1978\" \/>\n<p data-start=\"1980\" data-end=\"2279\"><strong data-start=\"1980\" data-end=\"1999\">Dlaczego SALT.?<\/strong><br data-start=\"1999\" data-end=\"2002\" \/>SALT. Optics \u0142\u0105czy <strong data-start=\"2021\" data-end=\"2045\">kalifornijski design<\/strong> z <strong data-start=\"2048\" data-end=\"2072\">japo\u0144skim rzemios\u0142em<\/strong>, wykorzystuj\u0105c materia\u0142y premium i precyzyjne techniki, aby stworzy\u0107 oprawy, kt\u00f3re s\u0105 <strong data-start=\"2159\" data-end=\"2203\">trwa\u0142e, komfortowe i optycznie bezb\u0142\u0119dne<\/strong>. Marka nie oszcz\u0119dza na komponentach \u2013 ka\u017cdy element ma s\u0142u\u017cy\u0107 perfekcji.<\/p>","protected":false},"featured_media":4364,"template":"","meta":{"_acf_changed":false},"product_brand":[343],"product_cat":[32,37,30],"product_tag":[],"model":[],"class_list":{"0":"post-4359","1":"product","2":"type-product","3":"status-publish","4":"has-post-thumbnail","6":"product_brand-salt","7":"product_cat-damskie","8":"product_cat-meskie","9":"product_cat-okulary-przeciwsloneczne","11":"first","12":"instock","13":"shipping-taxable","14":"purchasable","15":"product-type-simple"},"acf":[],"aioseo_notices":[],"_links":{"self":[{"href":"https:\/\/diukeyewear.nl\/nl\/wp-json\/wp\/v2\/product\/4359","targetHints":{"allow":["GET"]}}],"collection":[{"href":"https:\/\/diukeyewear.nl\/nl\/wp-json\/wp\/v2\/product"}],"about":[{"href":"https:\/\/diukeyewear.nl\/nl\/wp-json\/wp\/v2\/types\/product"}],"version-history":[{"count":1,"href":"https:\/\/diukeyewear.nl\/nl\/wp-json\/wp\/v2\/product\/4359\/revisions"}],"predecessor-version":[{"id":4365,"href":"https:\/\/diukeyewear.nl\/nl\/wp-json\/wp\/v2\/product\/4359\/revisions\/4365"}],"wp:featuredmedia":[{"embeddable":true,"href":"https:\/\/diukeyewear.nl\/nl\/wp-json\/wp\/v2\/media\/4364"}],"wp:attachment":[{"href":"https:\/\/diukeyewear.nl\/nl\/wp-json\/wp\/v2\/media?parent=4359"}],"wp:term":[{"taxonomy":"product_brand","embeddable":true,"href":"https:\/\/diukeyewear.nl\/nl\/wp-json\/wp\/v2\/product_brand?post=4359"},{"taxonomy":"product_cat","embeddable":true,"href":"https:\/\/diukeyewear.nl\/nl\/wp-json\/wp\/v2\/product_cat?post=4359"},{"taxonomy":"product_tag","embeddable":true,"href":"https:\/\/diukeyewear.nl\/nl\/wp-json\/wp\/v2\/product_tag?post=4359"},{"taxonomy":"model","embeddable":true,"href":"https:\/\/diukeyewear.nl\/nl\/wp-json\/wp\/v2\/model?post=4359"}],"curies":[{"name":"wp","href":"https:\/\/api.w.org\/{rel}","templated":true}]}}