{"id":644,"date":"2025-09-15T17:27:01","date_gmt":"2025-09-15T15:27:01","guid":{"rendered":"https:\/\/duke2.unixstorm.eu\/produkt\/jacques-marie-mage-cleavon-57-eclipse-2\/"},"modified":"2026-03-06T15:12:26","modified_gmt":"2026-03-06T14:12:26","slug":"jacques-marie-mage-cleavon-57-eclipse-2","status":"publish","type":"product","link":"https:\/\/diukeyewear.nl\/nl\/produkt\/jacques-marie-mage-cleavon-57-eclipse-2\/","title":{"rendered":"Jacques Marie Mage CLEAVON 57 | ECLIPSE 2"},"content":{"rendered":"<p><strong data-start=\"1143\" data-end=\"1156\">Voor wie?<\/strong><br data-start=\"1156\" data-end=\"1159\" \/><strong data-start=\"1159\" data-end=\"1205\">Jacques Marie Mage Cleavon 57 in Eclips 2<\/strong> to oprawa dla ludzi wolnych duchem \u2013 mi\u0142o\u015bnik\u00f3w klasyki z nut\u0105 adrenaliny i designu, kt\u00f3ry wyr\u00f3\u017cnia si\u0119 w t\u0142umie.<\/p>\n<p>Styl, kt\u00f3ry nie tylko przyci\u0105ga spojrzenia, ale opowiada histori\u0119 o odwadze i pasji.<\/p>","protected":false},"excerpt":{"rendered":"<h3 data-start=\"168\" data-end=\"222\">Jacques Marie Mage - <strong data-start=\"193\" data-end=\"220\">Cleavon 57 in Eclips 2<\/strong><\/h3>\n<p data-start=\"224\" data-end=\"654\"><strong data-start=\"224\" data-end=\"252\">Eerbetoon aan de helden van de weg<\/strong><br data-start=\"252\" data-end=\"255\" \/>Model <strong data-start=\"261\" data-end=\"288\">Cleavon 57 in Eclips 2<\/strong> is een herinterpretatie van de stijl van begin jaren 1980, ge\u00efnspireerd door moed, snelheid en vrijheid. Deze bril, met zijn expressieve, sculpturale vorm en delicate omslag (<em data-start=\"454\" data-end=\"472\">zachte wrap-around<\/em>) combineren sportieve energie met elegant vakmanschap. Beperkte oplage <strong data-start=\"538\" data-end=\"557\">400 exemplaren<\/strong> is een eerbetoon aan individualisten die altijd vooruit kijken - stoutmoedig, met karakter.<\/p>\n<p data-start=\"656\" data-end=\"677\"><strong data-start=\"656\" data-end=\"675\">Detail en ontwerp<\/strong><\/p>\n<ul data-start=\"678\" data-end=\"1141\">\n<li data-start=\"678\" data-end=\"745\">\n<p data-start=\"680\" data-end=\"745\">Montuur: zwart, 8 mm dik, gemaakt van gehard celluloseacetaat<\/p>\n<\/li>\n<li data-start=\"746\" data-end=\"841\">\n<p data-start=\"748\" data-end=\"841\">Montuur: dubbel gelamineerd acetaat met edelzilveren metalen details<\/p>\n<\/li>\n<li data-start=\"842\" data-end=\"946\">\n<p data-start=\"844\" data-end=\"946\">Vorm: ge\u00efnspireerd op de esthetiek van de vroege jaren 1980, met duidelijke volumes en een zachte pasvormlijn<\/p>\n<\/li>\n<li data-start=\"947\" data-end=\"1037\">\n<p data-start=\"949\" data-end=\"1037\">Lenzen: rood, met volledige UV-bescherming - voor een moderne en gedurfde look<\/p>\n<\/li>\n<li data-start=\"1038\" data-end=\"1141\">\n<p data-start=\"1040\" data-end=\"1141\">Beperkte oplage: <strong data-start=\"1059\" data-end=\"1072\">400 stuks<\/strong>, elk paar handgemaakt met aandacht voor perfecte afwerking<\/p>\n<\/li>\n<\/ul>","protected":false},"featured_media":641,"template":"","meta":{"_acf_changed":false},"product_brand":[82],"product_cat":[32,37,30,35],"product_tag":[112],"model":[370],"class_list":{"0":"post-644","1":"product","2":"type-product","3":"status-publish","4":"has-post-thumbnail","6":"product_brand-jacques-marie-mage","7":"product_cat-damskie","8":"product_cat-meskie","9":"product_cat-okulary-przeciwsloneczne","10":"product_cat-unisex","11":"product_tag-jmmvnx11d","12":"model-cleavon","14":"first","15":"instock","16":"shipping-taxable","17":"purchasable","18":"product-type-simple"},"acf":[],"aioseo_notices":[],"_links":{"self":[{"href":"https:\/\/diukeyewear.nl\/nl\/wp-json\/wp\/v2\/product\/644","targetHints":{"allow":["GET"]}}],"collection":[{"href":"https:\/\/diukeyewear.nl\/nl\/wp-json\/wp\/v2\/product"}],"about":[{"href":"https:\/\/diukeyewear.nl\/nl\/wp-json\/wp\/v2\/types\/product"}],"version-history":[{"count":1,"href":"https:\/\/diukeyewear.nl\/nl\/wp-json\/wp\/v2\/product\/644\/revisions"}],"predecessor-version":[{"id":4469,"href":"https:\/\/diukeyewear.nl\/nl\/wp-json\/wp\/v2\/product\/644\/revisions\/4469"}],"wp:featuredmedia":[{"embeddable":true,"href":"https:\/\/diukeyewear.nl\/nl\/wp-json\/wp\/v2\/media\/641"}],"wp:attachment":[{"href":"https:\/\/diukeyewear.nl\/nl\/wp-json\/wp\/v2\/media?parent=644"}],"wp:term":[{"taxonomy":"product_brand","embeddable":true,"href":"https:\/\/diukeyewear.nl\/nl\/wp-json\/wp\/v2\/product_brand?post=644"},{"taxonomy":"product_cat","embeddable":true,"href":"https:\/\/diukeyewear.nl\/nl\/wp-json\/wp\/v2\/product_cat?post=644"},{"taxonomy":"product_tag","embeddable":true,"href":"https:\/\/diukeyewear.nl\/nl\/wp-json\/wp\/v2\/product_tag?post=644"},{"taxonomy":"model","embeddable":true,"href":"https:\/\/diukeyewear.nl\/nl\/wp-json\/wp\/v2\/model?post=644"}],"curies":[{"name":"wp","href":"https:\/\/api.w.org\/{rel}","templated":true}]}}