{"id":665,"date":"2025-09-15T17:33:39","date_gmt":"2025-09-15T15:33:39","guid":{"rendered":"https:\/\/duke2.unixstorm.eu\/produkt\/jacques-marie-mage-earl-altan\/"},"modified":"2026-03-06T15:12:26","modified_gmt":"2026-03-06T14:12:26","slug":"jacques-marie-mage-graaf-altan","status":"publish","type":"product","link":"https:\/\/diukeyewear.nl\/nl\/produkt\/jacques-marie-mage-earl-altan\/","title":{"rendered":"Jacques Marie Mage EARL | ALTAN"},"content":{"rendered":"<p><strong data-start=\"1098\" data-end=\"1111\">Voor wie?<\/strong><br data-start=\"1111\" data-end=\"1114\" \/><strong data-start=\"1114\" data-end=\"1150\">Jacques Marie Mage Graaf in Altan<\/strong> to oprawa dla estet\u00f3w i kolekcjoner\u00f3w, kt\u00f3rzy ceni\u0105 kunszt, indywidualizm i subteln\u0105 ekstrawagancj\u0119.<\/p>\n<p>Stylowy ho\u0142d dla lat 70., w kt\u00f3rym elegancja spotyka si\u0119 z charakterem \u2013 gotowy, by wznie\u015b\u0107 toast za odwag\u0119 i design z dusz\u0105.<\/p>","protected":false},"excerpt":{"rendered":"<h3 data-start=\"184\" data-end=\"228\">Jacques Marie Mage - <strong data-start=\"209\" data-end=\"226\">Graaf in Altan<\/strong><\/h3>\n<p data-start=\"230\" data-end=\"572\"><strong data-start=\"230\" data-end=\"269\">Een luxe navigator in de geest van de jaren 1970.<\/strong><br data-start=\"269\" data-end=\"272\" \/>Model <strong data-start=\"278\" data-end=\"295\">Graaf in Altan<\/strong> is een unieke herinterpretatie van een klassieke vorm <em data-start=\"346\" data-end=\"355\">vliegenier<\/em>, volledig gemaakt van titanium en ge\u00efnspireerd op de stijl van de jaren 1970. Beperkte oplage <strong data-start=\"436\" data-end=\"455\">500 exemplaren<\/strong> combineert elegantie, technische precisie en filmische flair om een setting te cre\u00ebren met een unieke lichtheid en expressieve kracht.<\/p>\n<p data-start=\"574\" data-end=\"595\"><strong data-start=\"574\" data-end=\"593\">Detail en ontwerp<\/strong><\/p>\n<ul data-start=\"596\" data-end=\"1096\">\n<li data-start=\"596\" data-end=\"693\">\n<p data-start=\"598\" data-end=\"693\">Constructie: 100% titanium met unieke 4-millimeter lenshouders (<em data-start=\"672\" data-end=\"690\">inzetstukken voor lensranden<\/em>)<\/p>\n<\/li>\n<li data-start=\"694\" data-end=\"800\">\n<p data-start=\"696\" data-end=\"800\">Afwerking: tweekleurige wenkbrauwlijn en slapen met opvallende stijlversieringen <strong data-start=\"786\" data-end=\"798\">Art Deco<\/strong><\/p>\n<\/li>\n<li data-start=\"801\" data-end=\"898\">\n<p data-start=\"803\" data-end=\"898\">Stijl: slanke, op de jaren 70 ge\u00efnspireerde vorm. <em data-start=\"846\" data-end=\"857\">navigator<\/em> - balans tussen retro en modern<\/p>\n<\/li>\n<li data-start=\"899\" data-end=\"996\">\n<p data-start=\"901\" data-end=\"996\">Materiaal: ultralichte, sterke titaniumkwaliteit <em data-start=\"946\" data-end=\"961\">beta titanium<\/em>, garandeert comfort en duurzaamheid<\/p>\n<\/li>\n<li data-start=\"997\" data-end=\"1096\">\n<p data-start=\"999\" data-end=\"1096\">Beperkte productie: <strong data-start=\"1021\" data-end=\"1034\">500 stuks<\/strong>, elk paar handgemaakt met de grootste aandacht voor detail<\/p>\n<\/li>\n<\/ul>","protected":false},"featured_media":662,"template":"","meta":{"_acf_changed":false},"product_brand":[82],"product_cat":[32,37,30,35],"product_tag":[117],"model":[376],"class_list":{"0":"post-665","1":"product","2":"type-product","3":"status-publish","4":"has-post-thumbnail","6":"product_brand-jacques-marie-mage","7":"product_cat-damskie","8":"product_cat-meskie","9":"product_cat-okulary-przeciwsloneczne","10":"product_cat-unisex","11":"product_tag-jmmer54","12":"model-earl","14":"first","15":"instock","16":"shipping-taxable","17":"purchasable","18":"product-type-simple"},"acf":[],"aioseo_notices":[],"_links":{"self":[{"href":"https:\/\/diukeyewear.nl\/nl\/wp-json\/wp\/v2\/product\/665","targetHints":{"allow":["GET"]}}],"collection":[{"href":"https:\/\/diukeyewear.nl\/nl\/wp-json\/wp\/v2\/product"}],"about":[{"href":"https:\/\/diukeyewear.nl\/nl\/wp-json\/wp\/v2\/types\/product"}],"version-history":[{"count":2,"href":"https:\/\/diukeyewear.nl\/nl\/wp-json\/wp\/v2\/product\/665\/revisions"}],"predecessor-version":[{"id":4753,"href":"https:\/\/diukeyewear.nl\/nl\/wp-json\/wp\/v2\/product\/665\/revisions\/4753"}],"wp:featuredmedia":[{"embeddable":true,"href":"https:\/\/diukeyewear.nl\/nl\/wp-json\/wp\/v2\/media\/662"}],"wp:attachment":[{"href":"https:\/\/diukeyewear.nl\/nl\/wp-json\/wp\/v2\/media?parent=665"}],"wp:term":[{"taxonomy":"product_brand","embeddable":true,"href":"https:\/\/diukeyewear.nl\/nl\/wp-json\/wp\/v2\/product_brand?post=665"},{"taxonomy":"product_cat","embeddable":true,"href":"https:\/\/diukeyewear.nl\/nl\/wp-json\/wp\/v2\/product_cat?post=665"},{"taxonomy":"product_tag","embeddable":true,"href":"https:\/\/diukeyewear.nl\/nl\/wp-json\/wp\/v2\/product_tag?post=665"},{"taxonomy":"model","embeddable":true,"href":"https:\/\/diukeyewear.nl\/nl\/wp-json\/wp\/v2\/model?post=665"}],"curies":[{"name":"wp","href":"https:\/\/api.w.org\/{rel}","templated":true}]}}