{"id":685,"date":"2025-09-15T17:37:59","date_gmt":"2025-09-15T15:37:59","guid":{"rendered":"https:\/\/duke2.unixstorm.eu\/produkt\/jacques-marie-mage-grandfunk-teddy-brown\/"},"modified":"2026-03-06T15:12:26","modified_gmt":"2026-03-06T14:12:26","slug":"jacques-marie-mage-grandfunk-teddy-bruin","status":"publish","type":"product","link":"https:\/\/diukeyewear.nl\/nl\/produkt\/jacques-marie-mage-grandfunk-teddy-brown\/","title":{"rendered":"Jacques Marie Mage GRANDFUNK | TEDDY BROWN"},"content":{"rendered":"<p><strong data-start=\"1234\" data-end=\"1247\">Voor wie?<\/strong><br data-start=\"1247\" data-end=\"1250\" \/><strong data-start=\"1250\" data-end=\"1297\">Jacques Marie Mage Grandfunk in Teddy Bruin<\/strong> to oprawa dla os\u00f3b o silnym charakterze i niepowtarzalnym stylu.<\/p>\n<p>Dla tych, kt\u00f3rzy ceni\u0105 muzyk\u0119, ruch i wolno\u015b\u0107 \u2013 okulary, kt\u00f3re nie tylko przyci\u0105gaj\u0105 spojrzenia, ale tworz\u0105 w\u0142asny rytm.<\/p>","protected":false},"excerpt":{"rendered":"<h3 data-start=\"161\" data-end=\"216\">Jacques Marie Mage - <strong data-start=\"186\" data-end=\"214\">Grandfunk in Teddy Bruin<\/strong><\/h3>\n<p data-start=\"218\" data-end=\"605\"><strong data-start=\"218\" data-end=\"273\">De jaren 1970 in volle gang - durf, stijl en karakter<\/strong><br data-start=\"273\" data-end=\"276\" \/>Model <strong data-start=\"282\" data-end=\"310\">Grandfunk in Teddy Bruin<\/strong> is een eerbetoon aan de expressieve geest van de jaren 1970 - een gedurfde, zeshoekige vorm, sculpturale vorm en Italiaans vakmanschap van de hoogste orde. Handgemaakt in een beperkte oplage <strong data-start=\"478\" data-end=\"497\">200 exemplaren<\/strong>, combineert vintage stijl met moderne finesse om brillen te cre\u00ebren met een unieke persoonlijkheid en uitstraling.<\/p>\n<p data-start=\"607\" data-end=\"628\"><strong data-start=\"607\" data-end=\"626\">Detail en ontwerp<\/strong><\/p>\n<ul data-start=\"629\" data-end=\"1232\">\n<li data-start=\"629\" data-end=\"714\">\n<p data-start=\"631\" data-end=\"714\">Montuur: 9 mm celluloseacetaat in een warme tint <strong data-start=\"688\" data-end=\"712\">Havana \/ Teddy Bruin<\/strong><\/p>\n<\/li>\n<li data-start=\"715\" data-end=\"796\">\n<p data-start=\"717\" data-end=\"796\">Vorm: geometrisch, zeshoekig - duidelijk ge\u00efnspireerd op design uit de jaren 1970.<\/p>\n<\/li>\n<li data-start=\"797\" data-end=\"903\">\n<p data-start=\"799\" data-end=\"903\">Montuur: handgemaakt van acetaat, met decoratieve kern <em data-start=\"858\" data-end=\"879\">Draagarmprofiel<\/em> met gravure <em data-start=\"891\" data-end=\"901\">haarlijn<\/em><\/p>\n<\/li>\n<li data-start=\"904\" data-end=\"995\">\n<p data-start=\"906\" data-end=\"995\">Scharnieren: gesigneerd, zevenpunt (<em data-start=\"943\" data-end=\"959\">7-draads scharnier<\/em>) - een garantie voor duurzaamheid en precisie<\/p>\n<\/li>\n<li data-start=\"996\" data-end=\"1072\">\n<p data-start=\"998\" data-end=\"1072\">Extra's: gaten aan de uiteinden van de tempel voor het toevoegen van een ketting<\/p>\n<\/li>\n<li data-start=\"1073\" data-end=\"1163\">\n<p data-start=\"1075\" data-end=\"1163\">Lenzen: oranje kleurverloop met volledige UV-bescherming, die warmte en diepte aan de look geven<\/p>\n<\/li>\n<li data-start=\"1164\" data-end=\"1232\">\n<p data-start=\"1166\" data-end=\"1232\">Beperkte oplage: <strong data-start=\"1185\" data-end=\"1198\">200 stuks<\/strong>, handgemaakt in Itali\u00eb<\/p>\n<\/li>\n<\/ul>","protected":false},"featured_media":682,"template":"","meta":{"_acf_changed":false},"product_brand":[82],"product_cat":[32,30],"product_tag":[121],"model":[380],"class_list":{"0":"post-685","1":"product","2":"type-product","3":"status-publish","4":"has-post-thumbnail","6":"product_brand-jacques-marie-mage","7":"product_cat-damskie","8":"product_cat-okulary-przeciwsloneczne","9":"product_tag-jmmgf13m","10":"model-grandfunk","12":"first","13":"instock","14":"shipping-taxable","15":"purchasable","16":"product-type-simple"},"acf":[],"aioseo_notices":[],"_links":{"self":[{"href":"https:\/\/diukeyewear.nl\/nl\/wp-json\/wp\/v2\/product\/685","targetHints":{"allow":["GET"]}}],"collection":[{"href":"https:\/\/diukeyewear.nl\/nl\/wp-json\/wp\/v2\/product"}],"about":[{"href":"https:\/\/diukeyewear.nl\/nl\/wp-json\/wp\/v2\/types\/product"}],"version-history":[{"count":1,"href":"https:\/\/diukeyewear.nl\/nl\/wp-json\/wp\/v2\/product\/685\/revisions"}],"predecessor-version":[{"id":4503,"href":"https:\/\/diukeyewear.nl\/nl\/wp-json\/wp\/v2\/product\/685\/revisions\/4503"}],"wp:featuredmedia":[{"embeddable":true,"href":"https:\/\/diukeyewear.nl\/nl\/wp-json\/wp\/v2\/media\/682"}],"wp:attachment":[{"href":"https:\/\/diukeyewear.nl\/nl\/wp-json\/wp\/v2\/media?parent=685"}],"wp:term":[{"taxonomy":"product_brand","embeddable":true,"href":"https:\/\/diukeyewear.nl\/nl\/wp-json\/wp\/v2\/product_brand?post=685"},{"taxonomy":"product_cat","embeddable":true,"href":"https:\/\/diukeyewear.nl\/nl\/wp-json\/wp\/v2\/product_cat?post=685"},{"taxonomy":"product_tag","embeddable":true,"href":"https:\/\/diukeyewear.nl\/nl\/wp-json\/wp\/v2\/product_tag?post=685"},{"taxonomy":"model","embeddable":true,"href":"https:\/\/diukeyewear.nl\/nl\/wp-json\/wp\/v2\/model?post=685"}],"curies":[{"name":"wp","href":"https:\/\/api.w.org\/{rel}","templated":true}]}}